{"id":4541,"date":"2026-01-21T16:09:23","date_gmt":"2026-01-21T16:09:23","guid":{"rendered":"https:\/\/coelloglobal.com\/?page_id=4541"},"modified":"2026-01-23T15:25:48","modified_gmt":"2026-01-23T15:25:48","slug":"venta-casa-de-campo","status":"publish","type":"page","link":"https:\/\/coelloglobal.com\/index.php\/venta-casa-de-campo\/","title":{"rendered":"Venta Casa de Campo $ 200.000"},"content":{"rendered":"\n<p> +34 640961002  &#8211; info@coelloglobal.com<\/p>\n\n\n\n<div class=\"wp-block-group is-layout-flow wp-block-group-is-layout-flow\"><div class=\"wp-block-group__inner-container\"><\/div><\/div>\n\n\n\n<p><\/p>\n\n\n\n<p><\/p>\n\n\n\n<div id=\"wp-block-themeisle-blocks-slider-8e6f484f\" class=\"wp-block-themeisle-blocks-slider glide\" data-per-view=\"1\" data-gap=\"0\" data-peek=\"0\" data-autoplay=\"true\" data-height=\"400px\"><div class=\"glide__track\" data-glide-el=\"track\"><div class=\"glide__slides\"><div class=\"wp-block-themeisle-blocks-slider-item-wrapper glide__slide\" tabindex=\"0\"><figure><img decoding=\"async\" class=\"wp-block-themeisle-blocks-slider-item\" src=\"https:\/\/coelloglobal.com\/wp-content\/uploads\/2026\/01\/1.jpg\" alt=\"\" title=\"\" data-id=\"4542\"\/><\/figure><\/div><div class=\"wp-block-themeisle-blocks-slider-item-wrapper glide__slide\" tabindex=\"0\"><figure><img decoding=\"async\" class=\"wp-block-themeisle-blocks-slider-item\" src=\"https:\/\/coelloglobal.com\/wp-content\/uploads\/2026\/01\/2.jpg\" alt=\"\" title=\"\" data-id=\"4543\"\/><\/figure><\/div><div class=\"wp-block-themeisle-blocks-slider-item-wrapper glide__slide\" tabindex=\"0\"><figure><img decoding=\"async\" class=\"wp-block-themeisle-blocks-slider-item\" src=\"https:\/\/coelloglobal.com\/wp-content\/uploads\/2026\/01\/3.jpg\" alt=\"\" title=\"\" data-id=\"4544\"\/><\/figure><\/div><div class=\"wp-block-themeisle-blocks-slider-item-wrapper glide__slide\" tabindex=\"0\"><figure><img decoding=\"async\" class=\"wp-block-themeisle-blocks-slider-item\" src=\"https:\/\/coelloglobal.com\/wp-content\/uploads\/2026\/01\/4.jpg\" alt=\"\" title=\"\" data-id=\"4545\"\/><\/figure><\/div><div class=\"wp-block-themeisle-blocks-slider-item-wrapper glide__slide\" tabindex=\"0\"><figure><img decoding=\"async\" class=\"wp-block-themeisle-blocks-slider-item\" src=\"https:\/\/coelloglobal.com\/wp-content\/uploads\/2026\/01\/5.jpg\" alt=\"\" title=\"\" data-id=\"4546\"\/><\/figure><\/div><div class=\"wp-block-themeisle-blocks-slider-item-wrapper glide__slide\" tabindex=\"0\"><figure><img decoding=\"async\" class=\"wp-block-themeisle-blocks-slider-item\" src=\"https:\/\/coelloglobal.com\/wp-content\/uploads\/2026\/01\/6.jpg\" alt=\"\" title=\"\" data-id=\"4547\"\/><\/figure><\/div><div class=\"wp-block-themeisle-blocks-slider-item-wrapper glide__slide\" tabindex=\"0\"><figure><img decoding=\"async\" class=\"wp-block-themeisle-blocks-slider-item\" src=\"https:\/\/coelloglobal.com\/wp-content\/uploads\/2026\/01\/7.jpg\" alt=\"\" title=\"\" data-id=\"4548\"\/><\/figure><\/div><div class=\"wp-block-themeisle-blocks-slider-item-wrapper glide__slide\" tabindex=\"0\"><figure><img decoding=\"async\" class=\"wp-block-themeisle-blocks-slider-item\" src=\"https:\/\/coelloglobal.com\/wp-content\/uploads\/2026\/01\/8.jpg\" alt=\"\" title=\"\" data-id=\"4549\"\/><\/figure><\/div><div class=\"wp-block-themeisle-blocks-slider-item-wrapper glide__slide\" tabindex=\"0\"><figure><img decoding=\"async\" class=\"wp-block-themeisle-blocks-slider-item\" src=\"https:\/\/coelloglobal.com\/wp-content\/uploads\/2026\/01\/9.jpg\" alt=\"\" title=\"\" data-id=\"4550\"\/><\/figure><\/div><div class=\"wp-block-themeisle-blocks-slider-item-wrapper glide__slide\" tabindex=\"0\"><figure><img decoding=\"async\" class=\"wp-block-themeisle-blocks-slider-item\" src=\"https:\/\/coelloglobal.com\/wp-content\/uploads\/2026\/01\/10.jpg\" alt=\"\" title=\"\" data-id=\"4551\"\/><\/figure><\/div><div class=\"wp-block-themeisle-blocks-slider-item-wrapper glide__slide\" tabindex=\"0\"><figure><img decoding=\"async\" class=\"wp-block-themeisle-blocks-slider-item\" src=\"https:\/\/coelloglobal.com\/wp-content\/uploads\/2026\/01\/11.jpg\" alt=\"\" title=\"\" data-id=\"4552\"\/><\/figure><\/div><div class=\"wp-block-themeisle-blocks-slider-item-wrapper glide__slide\" tabindex=\"0\"><figure><img decoding=\"async\" class=\"wp-block-themeisle-blocks-slider-item\" src=\"https:\/\/coelloglobal.com\/wp-content\/uploads\/2026\/01\/12.jpg\" alt=\"\" title=\"\" data-id=\"4553\"\/><\/figure><\/div><div class=\"wp-block-themeisle-blocks-slider-item-wrapper glide__slide\" tabindex=\"0\"><figure><img decoding=\"async\" class=\"wp-block-themeisle-blocks-slider-item\" src=\"https:\/\/coelloglobal.com\/wp-content\/uploads\/2026\/01\/14.jpg\" alt=\"\" title=\"\" data-id=\"4554\"\/><\/figure><\/div><div class=\"wp-block-themeisle-blocks-slider-item-wrapper glide__slide\" tabindex=\"0\"><figure><img decoding=\"async\" class=\"wp-block-themeisle-blocks-slider-item\" src=\"https:\/\/coelloglobal.com\/wp-content\/uploads\/2026\/01\/14A.jpg\" alt=\"\" title=\"\" data-id=\"4555\"\/><\/figure><\/div><div class=\"wp-block-themeisle-blocks-slider-item-wrapper glide__slide\" tabindex=\"0\"><figure><img decoding=\"async\" class=\"wp-block-themeisle-blocks-slider-item\" src=\"https:\/\/coelloglobal.com\/wp-content\/uploads\/2026\/01\/15.jpg\" alt=\"\" title=\"\" data-id=\"4556\"\/><\/figure><\/div><div class=\"wp-block-themeisle-blocks-slider-item-wrapper glide__slide\" tabindex=\"0\"><figure><img decoding=\"async\" class=\"wp-block-themeisle-blocks-slider-item\" src=\"https:\/\/coelloglobal.com\/wp-content\/uploads\/2026\/01\/16.jpg\" alt=\"\" title=\"\" data-id=\"4557\"\/><\/figure><\/div><div class=\"wp-block-themeisle-blocks-slider-item-wrapper glide__slide\" tabindex=\"0\"><figure><img decoding=\"async\" class=\"wp-block-themeisle-blocks-slider-item\" src=\"https:\/\/coelloglobal.com\/wp-content\/uploads\/2026\/01\/17.jpg\" alt=\"\" title=\"\" data-id=\"4558\"\/><\/figure><\/div><div class=\"wp-block-themeisle-blocks-slider-item-wrapper glide__slide\" tabindex=\"0\"><figure><img decoding=\"async\" class=\"wp-block-themeisle-blocks-slider-item\" src=\"https:\/\/coelloglobal.com\/wp-content\/uploads\/2026\/01\/18.jpg\" alt=\"\" title=\"\" data-id=\"4559\"\/><\/figure><\/div><div class=\"wp-block-themeisle-blocks-slider-item-wrapper glide__slide\" tabindex=\"0\"><figure><img decoding=\"async\" class=\"wp-block-themeisle-blocks-slider-item\" src=\"https:\/\/coelloglobal.com\/wp-content\/uploads\/2026\/01\/19.jpg\" alt=\"\" title=\"\" data-id=\"4560\"\/><\/figure><\/div><div class=\"wp-block-themeisle-blocks-slider-item-wrapper glide__slide\" tabindex=\"0\"><figure><img decoding=\"async\" class=\"wp-block-themeisle-blocks-slider-item\" src=\"https:\/\/coelloglobal.com\/wp-content\/uploads\/2026\/01\/20.jpg\" alt=\"\" title=\"\" data-id=\"4561\"\/><\/figure><\/div><div class=\"wp-block-themeisle-blocks-slider-item-wrapper glide__slide\" tabindex=\"0\"><figure><img decoding=\"async\" class=\"wp-block-themeisle-blocks-slider-item\" src=\"https:\/\/coelloglobal.com\/wp-content\/uploads\/2026\/01\/21.jpg\" alt=\"\" title=\"\" data-id=\"4562\"\/><\/figure><\/div><div class=\"wp-block-themeisle-blocks-slider-item-wrapper glide__slide\" tabindex=\"0\"><figure><img decoding=\"async\" class=\"wp-block-themeisle-blocks-slider-item\" src=\"https:\/\/coelloglobal.com\/wp-content\/uploads\/2026\/01\/22.jpg\" alt=\"\" title=\"\" data-id=\"4563\"\/><\/figure><\/div><div class=\"wp-block-themeisle-blocks-slider-item-wrapper glide__slide\" tabindex=\"0\"><figure><img decoding=\"async\" class=\"wp-block-themeisle-blocks-slider-item\" src=\"https:\/\/coelloglobal.com\/wp-content\/uploads\/2026\/01\/23.jpg\" alt=\"\" title=\"\" data-id=\"4564\"\/><\/figure><\/div><div class=\"wp-block-themeisle-blocks-slider-item-wrapper glide__slide\" tabindex=\"0\"><figure><img decoding=\"async\" class=\"wp-block-themeisle-blocks-slider-item\" src=\"https:\/\/coelloglobal.com\/wp-content\/uploads\/2026\/01\/24.jpg\" alt=\"\" title=\"\" data-id=\"4565\"\/><\/figure><\/div><div class=\"wp-block-themeisle-blocks-slider-item-wrapper glide__slide\" tabindex=\"0\"><figure><img decoding=\"async\" class=\"wp-block-themeisle-blocks-slider-item\" src=\"https:\/\/coelloglobal.com\/wp-content\/uploads\/2026\/01\/25.jpg\" alt=\"\" title=\"\" data-id=\"4566\"\/><\/figure><\/div><div class=\"wp-block-themeisle-blocks-slider-item-wrapper glide__slide\" tabindex=\"0\"><figure><img decoding=\"async\" class=\"wp-block-themeisle-blocks-slider-item\" src=\"https:\/\/coelloglobal.com\/wp-content\/uploads\/2026\/01\/26.jpg\" alt=\"\" title=\"\" data-id=\"4567\"\/><\/figure><\/div><div class=\"wp-block-themeisle-blocks-slider-item-wrapper glide__slide\" tabindex=\"0\"><figure><img decoding=\"async\" class=\"wp-block-themeisle-blocks-slider-item\" src=\"https:\/\/coelloglobal.com\/wp-content\/uploads\/2026\/01\/27.jpg\" alt=\"\" title=\"\" data-id=\"4568\"\/><\/figure><\/div><div class=\"wp-block-themeisle-blocks-slider-item-wrapper glide__slide\" tabindex=\"0\"><figure><img decoding=\"async\" class=\"wp-block-themeisle-blocks-slider-item\" src=\"https:\/\/coelloglobal.com\/wp-content\/uploads\/2026\/01\/28.jpg\" alt=\"\" title=\"\" data-id=\"4569\"\/><\/figure><\/div><div class=\"wp-block-themeisle-blocks-slider-item-wrapper glide__slide\" tabindex=\"0\"><figure><img decoding=\"async\" class=\"wp-block-themeisle-blocks-slider-item\" src=\"https:\/\/coelloglobal.com\/wp-content\/uploads\/2026\/01\/29.jpg\" alt=\"\" title=\"\" data-id=\"4570\"\/><\/figure><\/div><div class=\"wp-block-themeisle-blocks-slider-item-wrapper glide__slide\" tabindex=\"0\"><figure><img decoding=\"async\" class=\"wp-block-themeisle-blocks-slider-item\" src=\"https:\/\/coelloglobal.com\/wp-content\/uploads\/2026\/01\/30.jpg\" alt=\"\" title=\"\" data-id=\"4571\"\/><\/figure><\/div><div class=\"wp-block-themeisle-blocks-slider-item-wrapper glide__slide\" tabindex=\"0\"><figure><img decoding=\"async\" class=\"wp-block-themeisle-blocks-slider-item\" src=\"https:\/\/coelloglobal.com\/wp-content\/uploads\/2026\/01\/31.jpg\" alt=\"\" title=\"\" data-id=\"4572\"\/><\/figure><\/div><div class=\"wp-block-themeisle-blocks-slider-item-wrapper glide__slide\" tabindex=\"0\"><figure><img decoding=\"async\" class=\"wp-block-themeisle-blocks-slider-item\" src=\"https:\/\/coelloglobal.com\/wp-content\/uploads\/2026\/01\/32.jpg\" alt=\"\" title=\"\" data-id=\"4573\"\/><\/figure><\/div><\/div><div class=\"glide__arrows\" data-glide-el=\"controls\"><button class=\"glide__arrow glide__arrow--left\" data-glide-dir=\"<\"><svg xmlns=\"http:\/\/www.w3.org\/2000\/svg\" width=\"18\" height=\"18\" viewbox=\"0 0 100 100\" role=\"img\" aria-hidden=\"true\" focusable=\"false\"><path d=\"M 10,50 L 60,100 L 70,90 L 30,50  L 70,10 L 60,0 Z\"><\/path><\/svg><\/button><button class=\"glide__arrow glide__arrow--right\" data-glide-dir=\"&gt;\"><svg xmlns=\"http:\/\/www.w3.org\/2000\/svg\" width=\"18\" height=\"18\" viewbox=\"0 0 100 100\" role=\"img\" aria-hidden=\"true\" focusable=\"false\"><path d=\"M 10,50 L 60,100 L 70,90 L 30,50  L 70,10 L 60,0 Z\"><\/path><\/svg><\/button><\/div><div class=\"glide__bullets\" data-glide-el=\"controls[nav]\"><button class=\"glide__bullet\" data-glide-dir=\"=0\"><\/button><button class=\"glide__bullet\" data-glide-dir=\"=1\"><\/button><button class=\"glide__bullet\" data-glide-dir=\"=2\"><\/button><button class=\"glide__bullet\" data-glide-dir=\"=3\"><\/button><button class=\"glide__bullet\" data-glide-dir=\"=4\"><\/button><button class=\"glide__bullet\" data-glide-dir=\"=5\"><\/button><button class=\"glide__bullet\" data-glide-dir=\"=6\"><\/button><button class=\"glide__bullet\" data-glide-dir=\"=7\"><\/button><button class=\"glide__bullet\" data-glide-dir=\"=8\"><\/button><button class=\"glide__bullet\" data-glide-dir=\"=9\"><\/button><button class=\"glide__bullet\" data-glide-dir=\"=10\"><\/button><button class=\"glide__bullet\" data-glide-dir=\"=11\"><\/button><button class=\"glide__bullet\" data-glide-dir=\"=12\"><\/button><button class=\"glide__bullet\" data-glide-dir=\"=13\"><\/button><button class=\"glide__bullet\" data-glide-dir=\"=14\"><\/button><button class=\"glide__bullet\" data-glide-dir=\"=15\"><\/button><button class=\"glide__bullet\" data-glide-dir=\"=16\"><\/button><button class=\"glide__bullet\" data-glide-dir=\"=17\"><\/button><button class=\"glide__bullet\" data-glide-dir=\"=18\"><\/button><button class=\"glide__bullet\" data-glide-dir=\"=19\"><\/button><button class=\"glide__bullet\" data-glide-dir=\"=20\"><\/button><button class=\"glide__bullet\" data-glide-dir=\"=21\"><\/button><button class=\"glide__bullet\" data-glide-dir=\"=22\"><\/button><button class=\"glide__bullet\" data-glide-dir=\"=23\"><\/button><button class=\"glide__bullet\" data-glide-dir=\"=24\"><\/button><button class=\"glide__bullet\" data-glide-dir=\"=25\"><\/button><button class=\"glide__bullet\" data-glide-dir=\"=26\"><\/button><button class=\"glide__bullet\" data-glide-dir=\"=27\"><\/button><button class=\"glide__bullet\" data-glide-dir=\"=28\"><\/button><button class=\"glide__bullet\" data-glide-dir=\"=29\"><\/button><button class=\"glide__bullet\" data-glide-dir=\"=30\"><\/button><button class=\"glide__bullet\" data-glide-dir=\"=31\"><\/button><\/div><\/div><\/div>\n\n\n\n<ul class=\"wp-block-list\"><li><strong>Pa\u00eds: Ecuador<\/strong><\/li><li><strong>Ciudad: Quito<\/strong><\/li><li><strong>Sector: Valle de los Chillos &#8211; Santa Teresa <\/strong><\/li><li><strong>Calle\u2026\u2026\u2026\u2026\u2026\u2026\u2026\u2026<\/strong><\/li><\/ul>\n\n\n\n<ul class=\"wp-block-list\"><li><strong>Propiedad:<\/strong> Venta Casa de campo. <\/li><li><strong>REF: CGE 101<\/strong><\/li><\/ul>\n\n\n\n<ul class=\"wp-block-list\"><li>Precio: $ 200.000&nbsp;USD<\/li><li>Superficie&nbsp;Terreno 2.700 m\u00b2<\/li><li>Superficie Construcci\u00f3n: 500 m\u00b2<\/li><li>4 Dormitorios<\/li><li>Cocina<\/li><li>Comedor<\/li><li>Sala<\/li><li>Estudio<\/li><li>4 Cuartos de ba\u00f1o<\/li><li>1 Sol\u00e1rium&nbsp;125 m\u00b2<\/li><li>1 Terraza&nbsp;25 m\u00b2<\/li><li>\u00c1rea de BBQ<\/li><li>Piscina<\/li><li>Parking para 10 Autos. <\/li><li>Propiedad con cerramiento<\/li><li>Vista&nbsp;Panor\u00e1mica Monta\u00f1a.<\/li><\/ul>\n\n\n\n<p>Ubicado en el sector de Santa Teresa del Valle de los Chillos. Es una casa\nde campo de construcci\u00f3n de 500 m2 distribuidas en dos plantas, primera planta amplia\nSala, cocina individual, amplio comedor, un ba\u00f1o, un dormitorio. Segunda planta\n3 dormitorios dos de ellos master con ba\u00f1o privado, 1 ba\u00f1o individual, un\nestudio. <\/p>\n\n\n\n<p>En la propiedad hay una piscina cerrada climatizada, un \u00e1rea de lavander\u00eda,\nun \u00e1rea de barbacoa, un gran jard\u00edn o \u00e1rea verde, parking para 10 autos. <\/p>\n\n\n\n<p>Ubicaci\u00f3n privilegiada que los sit\u00faa a 5 minutos del centro de Salgolqui, a\n40 km del aeropuerto internacional de Quito. &nbsp;&nbsp;<\/p>\n\n\n\n<p><strong><em>English Version<\/em><\/strong><\/p>\n\n\n\n<ul class=\"wp-block-list\"><li><strong>Country: Ecuador<\/strong><\/li><li><strong>City: Quito<\/strong><\/li><li><strong>Area: Valle de los\nChillos &#8211; Santa Teresa<\/strong><\/li><li><strong>Street:\u2026\u2026\u2026\u2026\u2026\u2026\u2026\u2026<\/strong><\/li><\/ul>\n\n\n\n<ul class=\"wp-block-list\"><li><strong>Property: House for\nSale<\/strong><\/li><li><strong>REF: CGE 101<\/strong><\/li><\/ul>\n\n\n\n<ul class=\"wp-block-list\"><li>Price: $ 200.000 USD<\/li><li>Land area: 2,700 m\u00b2<\/li><li>Building area: 500 m\u00b2 <\/li><li>4 Bedrooms<\/li><li>Kitchen<\/li><li>Dining Room<\/li><li>Living Room<\/li><li>Study<\/li><li>4 Bathrooms<\/li><li>1 Solarium&nbsp;125 m\u00b2<\/li><li>1 Terraces&nbsp;25 m\u00b2<\/li><li>BBQ Area<\/li><li>Swimming Pool<\/li><li>Parking for 10 Cars<\/li><li>Fenced Property<\/li><li>Panoramic Mountain Views<\/li><\/ul>\n\n\n\n<p>Located in the Santa Teresa sector of the Chillos Valley, this 500 m\u00b2 country house is distributed over two floors. The first floor features a spacious living room, a separate kitchen, a large dining room, a bathroom, and a bedroom. The second floor has three bedrooms, two of which are master suites with en-suite bathrooms, an additional bathroom, and a study.<\/p>\n\n\n\n<p><strong><em>Version Fran\u00e7ais<\/em><\/strong>. <\/p>\n\n\n\n<p><strong>Propi\u00e9t\u00e9:<\/strong> Maison \u00e0 Vendre<\/p>\n\n\n\n<p><strong>Ref: CGE: 101<\/strong><\/p>\n\n\n\n<ul class=\"wp-block-list\"><li>&nbsp;Prix: 200&nbsp;000 $ US<\/li><li>Superficie du terrain: 2&nbsp;700 m\u00b2<\/li><li>Surface habitable : 500 m\u00b2<\/li><li>4 chambres<\/li><li>Cuisine<\/li><li>Salle \u00e0 manger<\/li><li>Salon<\/li><li>Bureau<\/li><li>4 salles de bain<\/li><li>1 Solarium (125 m\u00b2)<\/li><li>1 terrasse (25 m\u00b2)<\/li><li>Espace barbecue<\/li><li>Piscine<\/li><li>Parking pour 10 voitures<\/li><li>Propri\u00e9t\u00e9 cl\u00f4tur\u00e9e<\/li><li>Vue panoramique sur les montagnes.<\/li><\/ul>\n\n\n\n<p><\/p>\n","protected":false},"excerpt":{"rendered":"<p>+34 640961002 &#8211; info@coelloglobal.com Pa\u00eds: Ecuador Ciudad: Quito Sector: Valle de los Chillos &#8211; Santa Teresa Calle\u2026\u2026\u2026\u2026\u2026\u2026\u2026\u2026 Propiedad: Venta Casa de campo. REF: CGE 101 Precio: $ 200.000&nbsp;USD Superficie&nbsp;Terreno 2.700 m\u00b2 Superficie Construcci\u00f3n: 500 m\u00b2 4 Dormitorios Cocina Comedor Sala Estudio 4 Cuartos de ba\u00f1o 1 Sol\u00e1rium&nbsp;125 m\u00b2 1 Terraza&nbsp;25 m\u00b2 \u00c1rea de BBQ Piscina &hellip; <\/p>\n<p class=\"link-more\"><a href=\"https:\/\/coelloglobal.com\/index.php\/venta-casa-de-campo\/\" class=\"more-link\">Continue reading<span class=\"screen-reader-text\"> &#8220;Venta Casa de Campo $ 200.000&#8221;<\/span><\/a><\/p>\n","protected":false},"author":1,"featured_media":0,"parent":0,"menu_order":0,"comment_status":"closed","ping_status":"closed","template":"","meta":{"footnotes":""},"class_list":["post-4541","page","type-page","status-publish","hentry"],"_links":{"self":[{"href":"https:\/\/coelloglobal.com\/index.php\/wp-json\/wp\/v2\/pages\/4541","targetHints":{"allow":["GET"]}}],"collection":[{"href":"https:\/\/coelloglobal.com\/index.php\/wp-json\/wp\/v2\/pages"}],"about":[{"href":"https:\/\/coelloglobal.com\/index.php\/wp-json\/wp\/v2\/types\/page"}],"author":[{"embeddable":true,"href":"https:\/\/coelloglobal.com\/index.php\/wp-json\/wp\/v2\/users\/1"}],"replies":[{"embeddable":true,"href":"https:\/\/coelloglobal.com\/index.php\/wp-json\/wp\/v2\/comments?post=4541"}],"version-history":[{"count":13,"href":"https:\/\/coelloglobal.com\/index.php\/wp-json\/wp\/v2\/pages\/4541\/revisions"}],"predecessor-version":[{"id":4681,"href":"https:\/\/coelloglobal.com\/index.php\/wp-json\/wp\/v2\/pages\/4541\/revisions\/4681"}],"wp:attachment":[{"href":"https:\/\/coelloglobal.com\/index.php\/wp-json\/wp\/v2\/media?parent=4541"}],"curies":[{"name":"wp","href":"https:\/\/api.w.org\/{rel}","templated":true}]}}