{"id":4587,"date":"2026-01-21T17:52:24","date_gmt":"2026-01-21T17:52:24","guid":{"rendered":"https:\/\/coelloglobal.com\/?page_id=4587"},"modified":"2026-01-23T15:26:42","modified_gmt":"2026-01-23T15:26:42","slug":"venta-departamento-playa","status":"publish","type":"page","link":"https:\/\/coelloglobal.com\/index.php\/venta-departamento-playa\/","title":{"rendered":"Venta Departamento Playa $ 85.000"},"content":{"rendered":"\n<p>+34 640961002     &#8212;        info@coelloglobal.com<\/p>\n\n\n\n<p><\/p>\n\n\n\n<div id=\"wp-block-themeisle-blocks-slider-248a7fc4\" class=\"wp-block-themeisle-blocks-slider glide\" data-per-view=\"1\" data-gap=\"0\" data-peek=\"0\" data-autoplay=\"true\" data-height=\"400px\"><div class=\"glide__track\" data-glide-el=\"track\"><div class=\"glide__slides\"><div class=\"wp-block-themeisle-blocks-slider-item-wrapper glide__slide\" tabindex=\"0\"><figure><img decoding=\"async\" class=\"wp-block-themeisle-blocks-slider-item\" src=\"https:\/\/coelloglobal.com\/wp-content\/uploads\/2026\/01\/1-1.jpg\" alt=\"\" title=\"\" data-id=\"4589\"\/><\/figure><\/div><div class=\"wp-block-themeisle-blocks-slider-item-wrapper glide__slide\" tabindex=\"0\"><figure><img decoding=\"async\" class=\"wp-block-themeisle-blocks-slider-item\" src=\"https:\/\/coelloglobal.com\/wp-content\/uploads\/2026\/01\/2-2.jpg\" alt=\"\" title=\"\" data-id=\"4590\"\/><\/figure><\/div><div class=\"wp-block-themeisle-blocks-slider-item-wrapper glide__slide\" tabindex=\"0\"><figure><img decoding=\"async\" class=\"wp-block-themeisle-blocks-slider-item\" src=\"https:\/\/coelloglobal.com\/wp-content\/uploads\/2026\/01\/3-1.jpg\" alt=\"\" title=\"\" data-id=\"4591\"\/><\/figure><\/div><div class=\"wp-block-themeisle-blocks-slider-item-wrapper glide__slide\" tabindex=\"0\"><figure><img decoding=\"async\" class=\"wp-block-themeisle-blocks-slider-item\" src=\"https:\/\/coelloglobal.com\/wp-content\/uploads\/2026\/01\/4-1.jpg\" alt=\"\" title=\"\" data-id=\"4592\"\/><\/figure><\/div><div class=\"wp-block-themeisle-blocks-slider-item-wrapper glide__slide\" tabindex=\"0\"><figure><img decoding=\"async\" class=\"wp-block-themeisle-blocks-slider-item\" src=\"https:\/\/coelloglobal.com\/wp-content\/uploads\/2026\/01\/5-1.jpg\" alt=\"\" title=\"\" data-id=\"4593\"\/><\/figure><\/div><div class=\"wp-block-themeisle-blocks-slider-item-wrapper glide__slide\" tabindex=\"0\"><figure><img decoding=\"async\" class=\"wp-block-themeisle-blocks-slider-item\" src=\"https:\/\/coelloglobal.com\/wp-content\/uploads\/2026\/01\/6-1.jpg\" alt=\"\" title=\"\" data-id=\"4594\"\/><\/figure><\/div><div class=\"wp-block-themeisle-blocks-slider-item-wrapper glide__slide\" tabindex=\"0\"><figure><img decoding=\"async\" class=\"wp-block-themeisle-blocks-slider-item\" src=\"https:\/\/coelloglobal.com\/wp-content\/uploads\/2026\/01\/7-1.jpg\" alt=\"\" title=\"\" data-id=\"4595\"\/><\/figure><\/div><div class=\"wp-block-themeisle-blocks-slider-item-wrapper glide__slide\" tabindex=\"0\"><figure><img decoding=\"async\" class=\"wp-block-themeisle-blocks-slider-item\" src=\"https:\/\/coelloglobal.com\/wp-content\/uploads\/2026\/01\/8-1.jpg\" alt=\"\" title=\"\" data-id=\"4596\"\/><\/figure><\/div><div class=\"wp-block-themeisle-blocks-slider-item-wrapper glide__slide\" tabindex=\"0\"><figure><img decoding=\"async\" class=\"wp-block-themeisle-blocks-slider-item\" src=\"https:\/\/coelloglobal.com\/wp-content\/uploads\/2026\/01\/9-1.jpg\" alt=\"\" title=\"\" data-id=\"4597\"\/><\/figure><\/div><div class=\"wp-block-themeisle-blocks-slider-item-wrapper glide__slide\" tabindex=\"0\"><figure><img decoding=\"async\" class=\"wp-block-themeisle-blocks-slider-item\" src=\"https:\/\/coelloglobal.com\/wp-content\/uploads\/2026\/01\/10-1.jpg\" alt=\"\" title=\"\" data-id=\"4598\"\/><\/figure><\/div><div class=\"wp-block-themeisle-blocks-slider-item-wrapper glide__slide\" tabindex=\"0\"><figure><img decoding=\"async\" class=\"wp-block-themeisle-blocks-slider-item\" src=\"https:\/\/coelloglobal.com\/wp-content\/uploads\/2026\/01\/11-1.jpg\" alt=\"\" title=\"\" data-id=\"4599\"\/><\/figure><\/div><div class=\"wp-block-themeisle-blocks-slider-item-wrapper glide__slide\" tabindex=\"0\"><figure><img decoding=\"async\" class=\"wp-block-themeisle-blocks-slider-item\" src=\"https:\/\/coelloglobal.com\/wp-content\/uploads\/2026\/01\/12-1.jpg\" alt=\"\" title=\"\" data-id=\"4600\"\/><\/figure><\/div><div class=\"wp-block-themeisle-blocks-slider-item-wrapper glide__slide\" tabindex=\"0\"><figure><img decoding=\"async\" class=\"wp-block-themeisle-blocks-slider-item\" src=\"https:\/\/coelloglobal.com\/wp-content\/uploads\/2026\/01\/13.jpg\" alt=\"\" title=\"\" data-id=\"4601\"\/><\/figure><\/div><div class=\"wp-block-themeisle-blocks-slider-item-wrapper glide__slide\" tabindex=\"0\"><figure><img decoding=\"async\" class=\"wp-block-themeisle-blocks-slider-item\" src=\"https:\/\/coelloglobal.com\/wp-content\/uploads\/2026\/01\/14-1.jpg\" alt=\"\" title=\"\" data-id=\"4602\"\/><\/figure><\/div><div class=\"wp-block-themeisle-blocks-slider-item-wrapper glide__slide\" tabindex=\"0\"><figure><img decoding=\"async\" class=\"wp-block-themeisle-blocks-slider-item\" src=\"https:\/\/coelloglobal.com\/wp-content\/uploads\/2026\/01\/15-1.jpg\" alt=\"\" title=\"\" data-id=\"4603\"\/><\/figure><\/div><div class=\"wp-block-themeisle-blocks-slider-item-wrapper glide__slide\" tabindex=\"0\"><figure><img decoding=\"async\" class=\"wp-block-themeisle-blocks-slider-item\" src=\"https:\/\/coelloglobal.com\/wp-content\/uploads\/2026\/01\/16-1.jpg\" alt=\"\" title=\"\" data-id=\"4604\"\/><\/figure><\/div><div class=\"wp-block-themeisle-blocks-slider-item-wrapper glide__slide\" tabindex=\"0\"><figure><img decoding=\"async\" class=\"wp-block-themeisle-blocks-slider-item\" src=\"https:\/\/coelloglobal.com\/wp-content\/uploads\/2026\/01\/17-1.jpg\" alt=\"\" title=\"\" data-id=\"4605\"\/><\/figure><\/div><div class=\"wp-block-themeisle-blocks-slider-item-wrapper glide__slide\" tabindex=\"0\"><figure><img decoding=\"async\" class=\"wp-block-themeisle-blocks-slider-item\" src=\"https:\/\/coelloglobal.com\/wp-content\/uploads\/2026\/01\/18-1.jpg\" alt=\"\" title=\"\" data-id=\"4606\"\/><\/figure><\/div><div class=\"wp-block-themeisle-blocks-slider-item-wrapper glide__slide\" tabindex=\"0\"><figure><img decoding=\"async\" class=\"wp-block-themeisle-blocks-slider-item\" src=\"https:\/\/coelloglobal.com\/wp-content\/uploads\/2026\/01\/19-1.jpg\" alt=\"\" title=\"\" data-id=\"4607\"\/><\/figure><\/div><div class=\"wp-block-themeisle-blocks-slider-item-wrapper glide__slide\" tabindex=\"0\"><figure><img decoding=\"async\" class=\"wp-block-themeisle-blocks-slider-item\" src=\"https:\/\/coelloglobal.com\/wp-content\/uploads\/2026\/01\/20-1.jpg\" alt=\"\" title=\"\" data-id=\"4608\"\/><\/figure><\/div><div class=\"wp-block-themeisle-blocks-slider-item-wrapper glide__slide\" tabindex=\"0\"><figure><img decoding=\"async\" class=\"wp-block-themeisle-blocks-slider-item\" src=\"https:\/\/coelloglobal.com\/wp-content\/uploads\/2026\/01\/21-1.jpg\" alt=\"\" title=\"\" data-id=\"4609\"\/><\/figure><\/div><div class=\"wp-block-themeisle-blocks-slider-item-wrapper glide__slide\" tabindex=\"0\"><figure><img decoding=\"async\" class=\"wp-block-themeisle-blocks-slider-item\" src=\"https:\/\/coelloglobal.com\/wp-content\/uploads\/2026\/01\/22-1.jpg\" alt=\"\" title=\"\" data-id=\"4610\"\/><\/figure><\/div><div class=\"wp-block-themeisle-blocks-slider-item-wrapper glide__slide\" tabindex=\"0\"><figure><img decoding=\"async\" class=\"wp-block-themeisle-blocks-slider-item\" src=\"https:\/\/coelloglobal.com\/wp-content\/uploads\/2026\/01\/23-1.jpg\" alt=\"\" title=\"\" data-id=\"4611\"\/><\/figure><\/div><div class=\"wp-block-themeisle-blocks-slider-item-wrapper glide__slide\" tabindex=\"0\"><figure><img decoding=\"async\" class=\"wp-block-themeisle-blocks-slider-item\" src=\"https:\/\/coelloglobal.com\/wp-content\/uploads\/2026\/01\/24-1.jpg\" alt=\"\" title=\"\" data-id=\"4612\"\/><\/figure><\/div><div class=\"wp-block-themeisle-blocks-slider-item-wrapper glide__slide\" tabindex=\"0\"><figure><img decoding=\"async\" class=\"wp-block-themeisle-blocks-slider-item\" src=\"https:\/\/coelloglobal.com\/wp-content\/uploads\/2026\/01\/25-1.jpg\" alt=\"\" title=\"\" data-id=\"4613\"\/><\/figure><\/div><div class=\"wp-block-themeisle-blocks-slider-item-wrapper glide__slide\" tabindex=\"0\"><figure><img decoding=\"async\" class=\"wp-block-themeisle-blocks-slider-item\" src=\"https:\/\/coelloglobal.com\/wp-content\/uploads\/2026\/01\/26-1.jpg\" alt=\"\" title=\"\" data-id=\"4614\"\/><\/figure><\/div><div class=\"wp-block-themeisle-blocks-slider-item-wrapper glide__slide\" tabindex=\"0\"><figure><img decoding=\"async\" class=\"wp-block-themeisle-blocks-slider-item\" src=\"https:\/\/coelloglobal.com\/wp-content\/uploads\/2026\/01\/27-1.jpg\" alt=\"\" title=\"\" data-id=\"4615\"\/><\/figure><\/div><\/div><div class=\"glide__arrows\" data-glide-el=\"controls\"><button class=\"glide__arrow glide__arrow--left\" data-glide-dir=\"<\"><svg xmlns=\"http:\/\/www.w3.org\/2000\/svg\" width=\"18\" height=\"18\" viewbox=\"0 0 100 100\" role=\"img\" aria-hidden=\"true\" focusable=\"false\"><path d=\"M 10,50 L 60,100 L 70,90 L 30,50  L 70,10 L 60,0 Z\"><\/path><\/svg><\/button><button class=\"glide__arrow glide__arrow--right\" data-glide-dir=\"&gt;\"><svg xmlns=\"http:\/\/www.w3.org\/2000\/svg\" width=\"18\" height=\"18\" viewbox=\"0 0 100 100\" role=\"img\" aria-hidden=\"true\" focusable=\"false\"><path d=\"M 10,50 L 60,100 L 70,90 L 30,50  L 70,10 L 60,0 Z\"><\/path><\/svg><\/button><\/div><div class=\"glide__bullets\" data-glide-el=\"controls[nav]\"><button class=\"glide__bullet\" data-glide-dir=\"=0\"><\/button><button class=\"glide__bullet\" data-glide-dir=\"=1\"><\/button><button class=\"glide__bullet\" data-glide-dir=\"=2\"><\/button><button class=\"glide__bullet\" data-glide-dir=\"=3\"><\/button><button class=\"glide__bullet\" data-glide-dir=\"=4\"><\/button><button class=\"glide__bullet\" data-glide-dir=\"=5\"><\/button><button class=\"glide__bullet\" data-glide-dir=\"=6\"><\/button><button class=\"glide__bullet\" data-glide-dir=\"=7\"><\/button><button class=\"glide__bullet\" data-glide-dir=\"=8\"><\/button><button class=\"glide__bullet\" data-glide-dir=\"=9\"><\/button><button class=\"glide__bullet\" data-glide-dir=\"=10\"><\/button><button class=\"glide__bullet\" data-glide-dir=\"=11\"><\/button><button class=\"glide__bullet\" data-glide-dir=\"=12\"><\/button><button class=\"glide__bullet\" data-glide-dir=\"=13\"><\/button><button class=\"glide__bullet\" data-glide-dir=\"=14\"><\/button><button class=\"glide__bullet\" data-glide-dir=\"=15\"><\/button><button class=\"glide__bullet\" data-glide-dir=\"=16\"><\/button><button class=\"glide__bullet\" data-glide-dir=\"=17\"><\/button><button class=\"glide__bullet\" data-glide-dir=\"=18\"><\/button><button class=\"glide__bullet\" data-glide-dir=\"=19\"><\/button><button class=\"glide__bullet\" data-glide-dir=\"=20\"><\/button><button class=\"glide__bullet\" data-glide-dir=\"=21\"><\/button><button class=\"glide__bullet\" data-glide-dir=\"=22\"><\/button><button class=\"glide__bullet\" data-glide-dir=\"=23\"><\/button><button class=\"glide__bullet\" data-glide-dir=\"=24\"><\/button><button class=\"glide__bullet\" data-glide-dir=\"=25\"><\/button><button class=\"glide__bullet\" data-glide-dir=\"=26\"><\/button><\/div><\/div><\/div>\n\n\n\n<ul class=\"wp-block-list\"><li><strong>Pa\u00eds: Ecuador<\/strong><\/li><li><strong>Ciudad: Atacames<\/strong><\/li><li><strong>Sector: Barrio Castle Nouvo<\/strong><\/li><li><strong>Calle\u2026\u2026\u2026\u2026\u2026\u2026\u2026\u2026<\/strong><\/li><\/ul>\n\n\n\n<ul class=\"wp-block-list\"><li><strong>Propiedad:<\/strong> Venta Departamento en la Playa <\/li><li><strong>REF: CGE 102<\/strong><\/li><\/ul>\n\n\n\n<ul class=\"wp-block-list\"><li>Precio: $85.000&nbsp;USD<\/li><li>Superficie Construcci\u00f3n: 100 m\u00b2<\/li><li>3 Dormitorios<\/li><li>Cocina<\/li><li>Comedor<\/li><li>Sala<\/li><li>2 Cuartos de ba\u00f1o<\/li><li>Patio de 80 m\u00b2<\/li><li>Parking. <\/li><li>Propiedad con cerramiento<\/li><li>Vista&nbsp;Panor\u00e1mica al mar<\/li><\/ul>\n\n\n\n<p>Ubicado en el sector de Barrio\nCastle Nouvoen Atacames, a 15 metros de la playa. Departamento\nde 100 m2 con vistas al mar y la playa. Consta de 3 habitaciones, sala, cocina,\ncomedor, dos ba\u00f1os completos, una terraza de 80 m2, parking privado. <\/p>\n\n\n\n<p>Ubicaci\u00f3n privilegiada a 15 metros de la playa, cerca de comercios,\nsupermercados, restaurantes, bares, hoteles. <\/p>\n\n\n\n<p><strong><em>English Version<\/em><\/strong><\/p>\n\n\n\n<ul class=\"wp-block-list\"><li><strong>Country: Ecuador<\/strong><\/li><li><strong>City: Atacames<\/strong><\/li><li><strong>Area: Barrio Castle Nouvo<\/strong><\/li><li><strong>Street:\u2026\u2026\u2026\u2026\u2026\u2026\u2026\u2026<\/strong><\/li><\/ul>\n\n\n\n<ul class=\"wp-block-list\"><li><strong>Property: Apartment\nfor sale on the beach. <\/strong><\/li><li><strong>REF: CGE 102<\/strong><\/li><\/ul>\n\n\n\n<ul class=\"wp-block-list\"><li>Price: $ 85.000 USD<\/li><li>Building area: 100 m\u00b2 <\/li><li>3 Bedrooms<\/li><li>Kitchen<\/li><li>Dining Room<\/li><li>Living Room<\/li><li>2 Bathrooms<\/li><li>1 Terrace&nbsp;80 m\u00b2<\/li><li>Parking <\/li><li>Fenced Property<\/li><li>Panoramic SEA Views<\/li><\/ul>\n\n\n\n<p>Located in the Barrio Castle Nouvo area of Atacames city, just 15 meters from the beach. This 100 m2 apartment offers ocean and beach views. <em>It features 3 bedrooms, a living room, kitchen, dining room, 2 full bathroms, an 80 m2 terrace, and private parking.<\/em><\/p>\n\n\n\n<p>Privileget location just 15 meters from the beach, close to shops, supermarkets, restaurants, bars and hotels.<\/p>\n\n\n\n<p><strong><em>Version Fran\u00e7ais<\/em><\/strong><\/p>\n\n\n\n<p>Pays: \u00c9quateur,<\/p>\n\n\n\n<p>Ville: Atacames<\/p>\n\n\n\n<p>Quartier: Castle Nouvo<\/p>\n\n\n\n<p><\/p>\n\n\n\n<ul class=\"wp-block-list\"><li>Prix: 85.000 $ US<\/li><li>Surface habitable : 100 m\u00b2<\/li><li>3 chambres<\/li><li>Cuisine<\/li><li>Salle \u00e0 manger<\/li><li>Salon<\/li><li>2 salles de bain<\/li><li>1 terrasse (80 m\u00b2)<\/li><li>Parking<\/li><li>Propri\u00e9t\u00e9 cl\u00f4tur\u00e9e<\/li><li>Vue panoramique sur la mer<\/li><\/ul>\n\n\n\n<p>Situ\u00e9 dans le quartier de Barrio Castle Nouvo \u00e0 Atacames, \u00e0 seulement 15 m\u00e8tres de la plage, cet appartement de 100 m2 offre une vue imprenable sur l&#8217;oc\u00e9an et la plage. Il comprend 3 chambres, un salon, une cuisine, une salle \u00e0 manger, 2 salles de bains compl\u00e8tes, une terrasse de 80 m2 et un parking priv\u00e9.<\/p>\n\n\n\n<p>B\u00e9n\u00e9ficiant d&#8217;un emplacement privil\u00e9gi\u00e9 \u00e0 seulement 15 m\u00e8tres de la plage, \u00e0 proximit\u00e9 des commerces, supermarch\u00e9s, restaurants, bars et hotels, cet appartement est id\u00e9alement situ\u00e9.<\/p>\n","protected":false},"excerpt":{"rendered":"<p>+34 640961002 &#8212; info@coelloglobal.com Pa\u00eds: Ecuador Ciudad: Atacames Sector: Barrio Castle Nouvo Calle\u2026\u2026\u2026\u2026\u2026\u2026\u2026\u2026 Propiedad: Venta Departamento en la Playa REF: CGE 102 Precio: $85.000&nbsp;USD Superficie Construcci\u00f3n: 100 m\u00b2 3 Dormitorios Cocina Comedor Sala 2 Cuartos de ba\u00f1o Patio de 80 m\u00b2 Parking. Propiedad con cerramiento Vista&nbsp;Panor\u00e1mica al mar Ubicado en el sector de Barrio Castle &hellip; <\/p>\n<p class=\"link-more\"><a href=\"https:\/\/coelloglobal.com\/index.php\/venta-departamento-playa\/\" class=\"more-link\">Continue reading<span class=\"screen-reader-text\"> &#8220;Venta Departamento Playa $ 85.000&#8221;<\/span><\/a><\/p>\n","protected":false},"author":1,"featured_media":0,"parent":0,"menu_order":0,"comment_status":"closed","ping_status":"closed","template":"","meta":{"footnotes":""},"class_list":["post-4587","page","type-page","status-publish","hentry"],"_links":{"self":[{"href":"https:\/\/coelloglobal.com\/index.php\/wp-json\/wp\/v2\/pages\/4587","targetHints":{"allow":["GET"]}}],"collection":[{"href":"https:\/\/coelloglobal.com\/index.php\/wp-json\/wp\/v2\/pages"}],"about":[{"href":"https:\/\/coelloglobal.com\/index.php\/wp-json\/wp\/v2\/types\/page"}],"author":[{"embeddable":true,"href":"https:\/\/coelloglobal.com\/index.php\/wp-json\/wp\/v2\/users\/1"}],"replies":[{"embeddable":true,"href":"https:\/\/coelloglobal.com\/index.php\/wp-json\/wp\/v2\/comments?post=4587"}],"version-history":[{"count":11,"href":"https:\/\/coelloglobal.com\/index.php\/wp-json\/wp\/v2\/pages\/4587\/revisions"}],"predecessor-version":[{"id":4682,"href":"https:\/\/coelloglobal.com\/index.php\/wp-json\/wp\/v2\/pages\/4587\/revisions\/4682"}],"wp:attachment":[{"href":"https:\/\/coelloglobal.com\/index.php\/wp-json\/wp\/v2\/media?parent=4587"}],"curies":[{"name":"wp","href":"https:\/\/api.w.org\/{rel}","templated":true}]}}