{"id":4625,"date":"2026-01-21T19:13:31","date_gmt":"2026-01-21T19:13:31","guid":{"rendered":"https:\/\/coelloglobal.com\/?page_id=4625"},"modified":"2026-01-23T15:27:36","modified_gmt":"2026-01-23T15:27:36","slug":"venta-casa-rentera","status":"publish","type":"page","link":"https:\/\/coelloglobal.com\/index.php\/venta-casa-rentera\/","title":{"rendered":"Venta Casa Rentera $ 280.000"},"content":{"rendered":"\n<p>+34 640961002     &#8212;        info@coelloglobal.com <\/p>\n\n\n\n<div id=\"wp-block-themeisle-blocks-slider-9eb390c7\" class=\"wp-block-themeisle-blocks-slider glide\" data-per-view=\"1\" data-gap=\"0\" data-peek=\"0\" data-autoplay=\"true\" data-height=\"400px\"><div class=\"glide__track\" data-glide-el=\"track\"><div class=\"glide__slides\"><div class=\"wp-block-themeisle-blocks-slider-item-wrapper glide__slide\" tabindex=\"0\"><figure><img decoding=\"async\" class=\"wp-block-themeisle-blocks-slider-item\" src=\"https:\/\/coelloglobal.com\/wp-content\/uploads\/2026\/01\/1-2.jpg\" alt=\"\" title=\"\" data-id=\"4626\"\/><\/figure><\/div><div class=\"wp-block-themeisle-blocks-slider-item-wrapper glide__slide\" tabindex=\"0\"><figure><img decoding=\"async\" class=\"wp-block-themeisle-blocks-slider-item\" src=\"https:\/\/coelloglobal.com\/wp-content\/uploads\/2026\/01\/2-1-1.jpg\" alt=\"\" title=\"\" data-id=\"4627\"\/><\/figure><\/div><div class=\"wp-block-themeisle-blocks-slider-item-wrapper glide__slide\" tabindex=\"0\"><figure><img decoding=\"async\" class=\"wp-block-themeisle-blocks-slider-item\" src=\"https:\/\/coelloglobal.com\/wp-content\/uploads\/2026\/01\/2-4.jpg\" alt=\"\" title=\"\" data-id=\"4628\"\/><\/figure><\/div><div class=\"wp-block-themeisle-blocks-slider-item-wrapper glide__slide\" tabindex=\"0\"><figure><img decoding=\"async\" class=\"wp-block-themeisle-blocks-slider-item\" src=\"https:\/\/coelloglobal.com\/wp-content\/uploads\/2026\/01\/3-2.jpg\" alt=\"\" title=\"\" data-id=\"4629\"\/><\/figure><\/div><div class=\"wp-block-themeisle-blocks-slider-item-wrapper glide__slide\" tabindex=\"0\"><figure><img decoding=\"async\" class=\"wp-block-themeisle-blocks-slider-item\" src=\"https:\/\/coelloglobal.com\/wp-content\/uploads\/2026\/01\/5-2.jpg\" alt=\"\" title=\"\" data-id=\"4630\"\/><\/figure><\/div><div class=\"wp-block-themeisle-blocks-slider-item-wrapper glide__slide\" tabindex=\"0\"><figure><img decoding=\"async\" class=\"wp-block-themeisle-blocks-slider-item\" src=\"https:\/\/coelloglobal.com\/wp-content\/uploads\/2026\/01\/7-2.jpg\" alt=\"\" title=\"\" data-id=\"4631\"\/><\/figure><\/div><div class=\"wp-block-themeisle-blocks-slider-item-wrapper glide__slide\" tabindex=\"0\"><figure><img decoding=\"async\" class=\"wp-block-themeisle-blocks-slider-item\" src=\"https:\/\/coelloglobal.com\/wp-content\/uploads\/2026\/01\/8-2.jpg\" alt=\"\" title=\"\" data-id=\"4632\"\/><\/figure><\/div><div class=\"wp-block-themeisle-blocks-slider-item-wrapper glide__slide\" tabindex=\"0\"><figure><img decoding=\"async\" class=\"wp-block-themeisle-blocks-slider-item\" src=\"https:\/\/coelloglobal.com\/wp-content\/uploads\/2026\/01\/9-2.jpg\" alt=\"\" title=\"\" data-id=\"4633\"\/><\/figure><\/div><div class=\"wp-block-themeisle-blocks-slider-item-wrapper glide__slide\" tabindex=\"0\"><figure><img decoding=\"async\" class=\"wp-block-themeisle-blocks-slider-item\" src=\"https:\/\/coelloglobal.com\/wp-content\/uploads\/2026\/01\/10-2.jpg\" alt=\"\" title=\"\" data-id=\"4634\"\/><\/figure><\/div><div class=\"wp-block-themeisle-blocks-slider-item-wrapper glide__slide\" tabindex=\"0\"><figure><img decoding=\"async\" class=\"wp-block-themeisle-blocks-slider-item\" src=\"https:\/\/coelloglobal.com\/wp-content\/uploads\/2026\/01\/11-2.jpg\" alt=\"\" title=\"\" data-id=\"4635\"\/><\/figure><\/div><div class=\"wp-block-themeisle-blocks-slider-item-wrapper glide__slide\" tabindex=\"0\"><figure><img decoding=\"async\" class=\"wp-block-themeisle-blocks-slider-item\" src=\"https:\/\/coelloglobal.com\/wp-content\/uploads\/2026\/01\/12-2.jpg\" alt=\"\" title=\"\" data-id=\"4636\"\/><\/figure><\/div><\/div><div class=\"glide__arrows\" data-glide-el=\"controls\"><button class=\"glide__arrow glide__arrow--left\" data-glide-dir=\"<\"><svg xmlns=\"http:\/\/www.w3.org\/2000\/svg\" width=\"18\" height=\"18\" viewbox=\"0 0 100 100\" role=\"img\" aria-hidden=\"true\" focusable=\"false\"><path d=\"M 10,50 L 60,100 L 70,90 L 30,50  L 70,10 L 60,0 Z\"><\/path><\/svg><\/button><button class=\"glide__arrow glide__arrow--right\" data-glide-dir=\"&gt;\"><svg xmlns=\"http:\/\/www.w3.org\/2000\/svg\" width=\"18\" height=\"18\" viewbox=\"0 0 100 100\" role=\"img\" aria-hidden=\"true\" focusable=\"false\"><path d=\"M 10,50 L 60,100 L 70,90 L 30,50  L 70,10 L 60,0 Z\"><\/path><\/svg><\/button><\/div><div class=\"glide__bullets\" data-glide-el=\"controls[nav]\"><button class=\"glide__bullet\" data-glide-dir=\"=0\"><\/button><button class=\"glide__bullet\" data-glide-dir=\"=1\"><\/button><button class=\"glide__bullet\" data-glide-dir=\"=2\"><\/button><button class=\"glide__bullet\" data-glide-dir=\"=3\"><\/button><button class=\"glide__bullet\" data-glide-dir=\"=4\"><\/button><button class=\"glide__bullet\" data-glide-dir=\"=5\"><\/button><button class=\"glide__bullet\" data-glide-dir=\"=6\"><\/button><button class=\"glide__bullet\" data-glide-dir=\"=7\"><\/button><button class=\"glide__bullet\" data-glide-dir=\"=8\"><\/button><button class=\"glide__bullet\" data-glide-dir=\"=9\"><\/button><button class=\"glide__bullet\" data-glide-dir=\"=10\"><\/button><\/div><\/div><\/div>\n\n\n\n<ul class=\"wp-block-list\"><li><strong>Pa\u00eds: Ecuador<\/strong><\/li><li><strong>Ciudad: Quito<\/strong><\/li><li><strong>Sector: San Carlos. <\/strong><\/li><li><strong>Calle\u2026\u2026\u2026\u2026\u2026\u2026\u2026\u2026<\/strong><\/li><\/ul>\n\n\n\n<ul class=\"wp-block-list\"><li><strong>Propiedad:<\/strong> Venta Casa Rentera. &nbsp;<\/li><li><strong>REF: CGE 103<\/strong><\/li><\/ul>\n\n\n\n<ul class=\"wp-block-list\"><li>Precio: $ 280.000&nbsp;USD<\/li><li>Superficie&nbsp;Terreno 500 m\u00b2<\/li><li>Superficie Construcci\u00f3n:700 m\u00b2<\/li><li>Edificio de 4 plantas con 11 departamentos. <\/li><li>Patio de 250 m2: posibilidad para construir. <\/li><li>Parking para 10 Autos. <\/li><li>Propiedad con cerramiento. <\/li><\/ul>\n\n\n\n<p>Gran Oportunidad para inversores, se vende edificio de\n4 plantas, en un terreno de 500 m2, hay en total 11 departamentos de 2 y 3\nhabitaciones, cada departamento consta de: sala, cocina, comedor, 2 y 3\ndormitorios, un ba\u00f1o. <\/p>\n\n\n\n<p>El inmueble se encuentra ubicado en el sector de San\nCarlos, Quito. En una zona de gran movimiento comercial, cerca de comercios,\nsupermercados, parada de autobuses, restaurantes, bares, parques infantiles. <\/p>\n\n\n\n<p><strong><em>English Version<\/em><\/strong><\/p>\n\n\n\n<ul class=\"wp-block-list\"><li><strong>Country: Ecuador<\/strong><\/li><li><strong>City: Quito<\/strong><\/li><li><strong>Area: San Carlos<\/strong><\/li><li><strong>Street:\u2026\u2026\u2026\u2026\u2026\u2026\u2026\u2026<\/strong><\/li><\/ul>\n\n\n\n<ul class=\"wp-block-list\"><li><strong>Property: House for\nSale<\/strong><\/li><li><strong>REF: CGE 103<\/strong><\/li><li>Price: $ 280.000 USD<\/li><li>Land area: 500 m\u00b2<\/li><li>Building area: 700 m\u00b2 <\/li><li>Building of Four-story with 11 apartments.<\/li><li>Patio of 250 m\u00b2: potential for construction.<\/li><li>Parking for 10 cars.<\/li><li>Fenced property.<\/li><\/ul>\n\n\n\n<p>Great opportunity\nfor investors! Four-story building for sale on a 500 m\u00b2 lot. It has a total of\n11 apartments with two or three bedrooms. Each apartment includes a living\nroom, kitchen, dining room, two or three bedrooms, and one bathroom.<\/p>\n\n\n\n<p>The property is\nlocated in the San Carlos neighborhood of Quito, in a bustling commercial area\nclose to shops, supermarkets, bus stops, restaurants, bars, and playgrounds<\/p>\n\n\n\n<p><strong><em>Version Fran\u00e7ais<\/em><\/strong><\/p>\n\n\n\n<p>Pays: \u00c9quateur<\/p>\n\n\n\n<p>Ville: Quito<\/p>\n\n\n\n<p>Quartier: San Carlos<\/p>\n\n\n\n<ul class=\"wp-block-list\"><li>Prix: 280&nbsp;000 $ US<\/li><li>Superficie du terrain: 700 m\u00b2<\/li><li>Surface habitable : 700 m\u00b2<\/li><li>Immeuble de quatre \u00e9tages comprenant 11 appartements.<\/li><li>Terrasse de 250 m\u00b2&nbsp;: potentiel de construction.<\/li><li>Parking pour 10 voitures.<\/li><li>Propri\u00e9t\u00e9 cl\u00f4tur\u00e9e.<\/li><\/ul>\n\n\n\n<p>Excellente\nopportunit\u00e9 pour investisseurs&nbsp;! Immeuble de quatre \u00e9tages \u00e0 vendre sur un\nterrain de 500&nbsp;m\u00b2. Il comprend 11 appartements de deux ou trois chambres.\nChaque appartement dispose d&#8217;un s\u00e9jour, d&#8217;une cuisine, d&#8217;une salle \u00e0 manger, de\ndeux ou trois chambres et d&#8217;une salle de bains.<\/p>\n\n\n\n<p>La propri\u00e9t\u00e9 est situ\u00e9e dans le quartier San Carlos de Quito, dans une zone commer\u00e7ante anim\u00e9e, \u00e0 proximit\u00e9 des commerces, supermarch\u00e9s, arr\u00eats de bus, restaurants, bars et aires de jeux.<\/p>\n\n\n\n<div class=\"wp-block-group is-layout-flow wp-block-group-is-layout-flow\"><div class=\"wp-block-group__inner-container\"><\/div><\/div>\n","protected":false},"excerpt":{"rendered":"<p>+34 640961002 &#8212; info@coelloglobal.com Pa\u00eds: Ecuador Ciudad: Quito Sector: San Carlos. Calle\u2026\u2026\u2026\u2026\u2026\u2026\u2026\u2026 Propiedad: Venta Casa Rentera. &nbsp; REF: CGE 103 Precio: $ 280.000&nbsp;USD Superficie&nbsp;Terreno 500 m\u00b2 Superficie Construcci\u00f3n:700 m\u00b2 Edificio de 4 plantas con 11 departamentos. Patio de 250 m2: posibilidad para construir. Parking para 10 Autos. Propiedad con cerramiento. Gran Oportunidad para inversores, se &hellip; <\/p>\n<p class=\"link-more\"><a href=\"https:\/\/coelloglobal.com\/index.php\/venta-casa-rentera\/\" class=\"more-link\">Continue reading<span class=\"screen-reader-text\"> &#8220;Venta Casa Rentera $ 280.000&#8221;<\/span><\/a><\/p>\n","protected":false},"author":1,"featured_media":0,"parent":0,"menu_order":0,"comment_status":"closed","ping_status":"closed","template":"","meta":{"footnotes":""},"class_list":["post-4625","page","type-page","status-publish","hentry"],"_links":{"self":[{"href":"https:\/\/coelloglobal.com\/index.php\/wp-json\/wp\/v2\/pages\/4625","targetHints":{"allow":["GET"]}}],"collection":[{"href":"https:\/\/coelloglobal.com\/index.php\/wp-json\/wp\/v2\/pages"}],"about":[{"href":"https:\/\/coelloglobal.com\/index.php\/wp-json\/wp\/v2\/types\/page"}],"author":[{"embeddable":true,"href":"https:\/\/coelloglobal.com\/index.php\/wp-json\/wp\/v2\/users\/1"}],"replies":[{"embeddable":true,"href":"https:\/\/coelloglobal.com\/index.php\/wp-json\/wp\/v2\/comments?post=4625"}],"version-history":[{"count":5,"href":"https:\/\/coelloglobal.com\/index.php\/wp-json\/wp\/v2\/pages\/4625\/revisions"}],"predecessor-version":[{"id":4683,"href":"https:\/\/coelloglobal.com\/index.php\/wp-json\/wp\/v2\/pages\/4625\/revisions\/4683"}],"wp:attachment":[{"href":"https:\/\/coelloglobal.com\/index.php\/wp-json\/wp\/v2\/media?parent=4625"}],"curies":[{"name":"wp","href":"https:\/\/api.w.org\/{rel}","templated":true}]}}