{"id":4643,"date":"2026-01-21T19:39:23","date_gmt":"2026-01-21T19:39:23","guid":{"rendered":"https:\/\/coelloglobal.com\/?page_id=4643"},"modified":"2026-01-23T15:28:21","modified_gmt":"2026-01-23T15:28:21","slug":"venta-casa-en-conjunto","status":"publish","type":"page","link":"https:\/\/coelloglobal.com\/index.php\/venta-casa-en-conjunto\/","title":{"rendered":"Venta Casa En Conjunto $ 99.000"},"content":{"rendered":"\n<p> +34 640961002     &#8212;        info@coelloglobal.com <\/p>\n\n\n\n<div id=\"wp-block-themeisle-blocks-slider-231c52b7\" class=\"wp-block-themeisle-blocks-slider glide\" data-per-view=\"1\" data-gap=\"0\" data-peek=\"0\" data-autoplay=\"true\" data-height=\"400px\"><div class=\"glide__track\" data-glide-el=\"track\"><div class=\"glide__slides\"><div class=\"wp-block-themeisle-blocks-slider-item-wrapper glide__slide\" tabindex=\"0\"><figure><img decoding=\"async\" class=\"wp-block-themeisle-blocks-slider-item\" src=\"https:\/\/coelloglobal.com\/wp-content\/uploads\/2026\/01\/1-3.jpg\" alt=\"\" title=\"\" data-id=\"4644\"\/><\/figure><\/div><div class=\"wp-block-themeisle-blocks-slider-item-wrapper glide__slide\" tabindex=\"0\"><figure><img decoding=\"async\" class=\"wp-block-themeisle-blocks-slider-item\" src=\"https:\/\/coelloglobal.com\/wp-content\/uploads\/2026\/01\/2-5.jpg\" alt=\"\" title=\"\" data-id=\"4645\"\/><\/figure><\/div><div class=\"wp-block-themeisle-blocks-slider-item-wrapper glide__slide\" tabindex=\"0\"><figure><img decoding=\"async\" class=\"wp-block-themeisle-blocks-slider-item\" src=\"https:\/\/coelloglobal.com\/wp-content\/uploads\/2026\/01\/3-3.jpg\" alt=\"\" title=\"\" data-id=\"4646\"\/><\/figure><\/div><div class=\"wp-block-themeisle-blocks-slider-item-wrapper glide__slide\" tabindex=\"0\"><figure><img decoding=\"async\" class=\"wp-block-themeisle-blocks-slider-item\" src=\"https:\/\/coelloglobal.com\/wp-content\/uploads\/2026\/01\/4-2.jpg\" alt=\"\" title=\"\" data-id=\"4647\"\/><\/figure><\/div><div class=\"wp-block-themeisle-blocks-slider-item-wrapper glide__slide\" tabindex=\"0\"><figure><img decoding=\"async\" class=\"wp-block-themeisle-blocks-slider-item\" src=\"https:\/\/coelloglobal.com\/wp-content\/uploads\/2026\/01\/5-3.jpg\" alt=\"\" title=\"\" data-id=\"4648\"\/><\/figure><\/div><div class=\"wp-block-themeisle-blocks-slider-item-wrapper glide__slide\" tabindex=\"0\"><figure><img decoding=\"async\" class=\"wp-block-themeisle-blocks-slider-item\" src=\"https:\/\/coelloglobal.com\/wp-content\/uploads\/2026\/01\/6-2.jpg\" alt=\"\" title=\"\" data-id=\"4649\"\/><\/figure><\/div><div class=\"wp-block-themeisle-blocks-slider-item-wrapper glide__slide\" tabindex=\"0\"><figure><img decoding=\"async\" class=\"wp-block-themeisle-blocks-slider-item\" src=\"https:\/\/coelloglobal.com\/wp-content\/uploads\/2026\/01\/7-3.jpg\" alt=\"\" title=\"\" data-id=\"4650\"\/><\/figure><\/div><\/div><div class=\"glide__arrows\" data-glide-el=\"controls\"><button class=\"glide__arrow glide__arrow--left\" data-glide-dir=\"<\"><svg xmlns=\"http:\/\/www.w3.org\/2000\/svg\" width=\"18\" height=\"18\" viewbox=\"0 0 100 100\" role=\"img\" aria-hidden=\"true\" focusable=\"false\"><path d=\"M 10,50 L 60,100 L 70,90 L 30,50  L 70,10 L 60,0 Z\"><\/path><\/svg><\/button><button class=\"glide__arrow glide__arrow--right\" data-glide-dir=\"&gt;\"><svg xmlns=\"http:\/\/www.w3.org\/2000\/svg\" width=\"18\" height=\"18\" viewbox=\"0 0 100 100\" role=\"img\" aria-hidden=\"true\" focusable=\"false\"><path d=\"M 10,50 L 60,100 L 70,90 L 30,50  L 70,10 L 60,0 Z\"><\/path><\/svg><\/button><\/div><div class=\"glide__bullets\" data-glide-el=\"controls[nav]\"><button class=\"glide__bullet\" data-glide-dir=\"=0\"><\/button><button class=\"glide__bullet\" data-glide-dir=\"=1\"><\/button><button class=\"glide__bullet\" data-glide-dir=\"=2\"><\/button><button class=\"glide__bullet\" data-glide-dir=\"=3\"><\/button><button class=\"glide__bullet\" data-glide-dir=\"=4\"><\/button><button class=\"glide__bullet\" data-glide-dir=\"=5\"><\/button><button class=\"glide__bullet\" data-glide-dir=\"=6\"><\/button><\/div><\/div><\/div>\n\n\n\n<ul class=\"wp-block-list\"><li><strong>Pa\u00eds: Ecuador<\/strong><\/li><li><strong>Ciudad: Conocoto<\/strong><\/li><li><strong>Sector: Puente 2 autopista Rumi\u00f1ahui Valle de los\nChillos &nbsp;<\/strong><\/li><\/ul>\n\n\n\n<ul class=\"wp-block-list\"><li><strong>Propiedad:<\/strong> Venta Casa de Conjunto <\/li><li><strong>REF: CGE 104<\/strong><\/li><\/ul>\n\n\n\n<ul class=\"wp-block-list\"><li>Precio: $ 99.000&nbsp;USD<\/li><li>Superficie Construcci\u00f3n:150 m\u00b2<\/li><li>3 Dormitorios, uno Master<\/li><li>Cocina<\/li><li>Comedor<\/li><li>Sala<\/li><li>Estudio<\/li><li>3 Cuartos de ba\u00f1o<\/li><li>1 Terraza&nbsp;50 m\u00b2<\/li><li>Parking privado <\/li><li>Propiedad con cerramiento<\/li><li>Vista&nbsp;Panor\u00e1mica al Valle.<\/li><\/ul>\n\n\n\n<p>Ubicada en el sector Puente 2 de la autopista Rumi\u00f1ahui. Barrio Salvador\nCeli. Se vende casa dentro de conjunto de 10 casas. <\/p>\n\n\n\n<p>El inmueble consta de 150 m2 de construcci\u00f3n en dos plantas. En la primera\nplanta encontramos Sala, cocina, comedor, estudio y un ba\u00f1o. En la segunda\nplanta se encuentran 3 dormitorios uno de ellos master con ba\u00f1o privado, 2\nba\u00f1os. Desde esta planta se acede a una terraza de 50 m2, donde se encuentra\nuna lavander\u00eda cl\u00e1sica. Parking privado. &nbsp;<\/p>\n\n\n\n<p>Ubicaci\u00f3n privilegiada que los sit\u00faa a 10 minutos de San Rafael, a 10\nminutos del centro de Quito, a 40 km del aeropuerto internacional de Quito. &nbsp;&nbsp;<\/p>\n\n\n\n<p>El inmueble se encuentra en una zona muy tranquila residencial y de clima\nagradable todo el a\u00f1o. <\/p>\n\n\n\n<p><strong><em>English Version<\/em><\/strong><\/p>\n\n\n\n<ul class=\"wp-block-list\"><li><strong>Country: Ecuador<\/strong><\/li><li><strong>City: Conocoto<\/strong><\/li><li><strong>Area: Puente 2\nautopista Rumi\u00f1ahui Valle de los Chillos &nbsp;<\/strong><\/li><\/ul>\n\n\n\n<ul class=\"wp-block-list\"><li><strong>Property: House for\nSale in Private Complex<\/strong><\/li><li><strong>REF: CGE 104<\/strong><\/li><li>Price: $ 99.000 USD<\/li><li>Building area: 150 m\u00b2 <\/li><li>3 Bedrooms, one master<\/li><li>Kitchen<\/li><li>Dining Room<\/li><li>Living Room<\/li><li>Study<\/li><li>3 Bathrooms<\/li><li>1 Terraces&nbsp;50 m\u00b2<\/li><li>Parking <\/li><li>Fenced Property<\/li><li>Panoramic Views of the Valley<\/li><\/ul>\n\n\n\n<p>Located in the\nPuente 2 sector of the Rumi\u00f1ahui Highway, in the Salvador Celi neighborhood,\nthis house is for sale within a complex of 10 houses.<\/p>\n\n\n\n<p>The property\nconsists of 150 m\u00b2 of construction on two floors. On the first floor, there is\na living room, kitchen, dining room, study, and a bathroom. On the second\nfloor, there are three bedrooms, one of which is a master bedroom with an\nensuite bathroom, and two additional bathrooms. From this floor, there is\naccess to a 50 m\u00b2 terrace with a traditional laundry area. Private parking is\nincluded.<\/p>\n\n\n\n<p>It boasts a\nprivileged location, just 10 minutes from San Rafael, 10 minutes from downtown\nQuito, and 40 km from Quito International Airport.<\/p>\n\n\n\n<p>The property is\nsituated in a very quiet residential area with a pleasant climate year-round.<\/p>\n\n\n\n<p><strong><em>Version Fran\u00e7ais<\/em><\/strong><\/p>\n\n\n\n<p>Pays: \u00c9quateur<\/p>\n\n\n\n<p>Ville: Conocoto<\/p>\n\n\n\n<p>Quartier: Puente 2 autopista Rumi\u00f1ahui Valle de los Chillos<\/p>\n\n\n\n<ul class=\"wp-block-list\"><li>&nbsp;Prix: 99&nbsp;000 $ USD<\/li><li>Surface habitable : 150 m\u00b2<\/li><li>3 chambres<\/li><li>Cuisine<\/li><li>Salle \u00e0 manger<\/li><li>Salon<\/li><li>Bureau<\/li><li>3 salles de bain<\/li><li>1 terrasse (50 m\u00b2)<\/li><li>Parking <\/li><li>Propri\u00e9t\u00e9 cl\u00f4tur\u00e9e<\/li><li>Vues sur la vall\u00e9e<\/li><\/ul>\n\n\n\n<p>Situ\u00e9e dans le secteur Puente 2 de l&#8217;autoroute\nRumi\u00f1ahui, dans le quartier Salvador Celi, cette maison est \u00e0 vendre au sein\nd&#8217;un ensemble de 10 maisons.<\/p>\n\n\n\n<p>La propri\u00e9t\u00e9 offre une surface habitable de 150 m\u00b2\nr\u00e9partie sur deux niveaux. Au rez-de-chauss\u00e9e, on trouve un salon, une cuisine,\nune salle \u00e0 manger, un bureau et une salle de bains. \u00c0 l&#8217;\u00e9tage, trois chambres,\ndont une suite parentale avec salle de bains privative, ainsi que deux autres\nsalles de bains. Cet \u00e9tage donne acc\u00e8s \u00e0 une terrasse de 50 m\u00b2 avec un espace\nbuanderie traditionnel. Un parking priv\u00e9 est inclus.<\/p>\n\n\n\n<p>Elle b\u00e9n\u00e9ficie d&#8217;un emplacement privil\u00e9gi\u00e9, \u00e0\nseulement 10 minutes de San Rafael, \u00e0 10 minutes du centre-ville de Quito et \u00e0\n40 km de l&#8217;a\u00e9roport international de Quito.<\/p>\n\n\n\n<p>La propri\u00e9t\u00e9 se situe dans un quartier r\u00e9sidentiel tr\u00e8s calme, b\u00e9n\u00e9ficiant d&#8217;un climat agr\u00e9able toute l&#8217;ann\u00e9e.<\/p>\n\n\n\n<p><\/p>\n","protected":false},"excerpt":{"rendered":"<p>+34 640961002 &#8212; info@coelloglobal.com Pa\u00eds: Ecuador Ciudad: Conocoto Sector: Puente 2 autopista Rumi\u00f1ahui Valle de los Chillos &nbsp; Propiedad: Venta Casa de Conjunto REF: CGE 104 Precio: $ 99.000&nbsp;USD Superficie Construcci\u00f3n:150 m\u00b2 3 Dormitorios, uno Master Cocina Comedor Sala Estudio 3 Cuartos de ba\u00f1o 1 Terraza&nbsp;50 m\u00b2 Parking privado Propiedad con cerramiento Vista&nbsp;Panor\u00e1mica al Valle. &hellip; <\/p>\n<p class=\"link-more\"><a href=\"https:\/\/coelloglobal.com\/index.php\/venta-casa-en-conjunto\/\" class=\"more-link\">Continue reading<span class=\"screen-reader-text\"> &#8220;Venta Casa En Conjunto $ 99.000&#8221;<\/span><\/a><\/p>\n","protected":false},"author":1,"featured_media":0,"parent":0,"menu_order":0,"comment_status":"closed","ping_status":"closed","template":"","meta":{"footnotes":""},"class_list":["post-4643","page","type-page","status-publish","hentry"],"_links":{"self":[{"href":"https:\/\/coelloglobal.com\/index.php\/wp-json\/wp\/v2\/pages\/4643","targetHints":{"allow":["GET"]}}],"collection":[{"href":"https:\/\/coelloglobal.com\/index.php\/wp-json\/wp\/v2\/pages"}],"about":[{"href":"https:\/\/coelloglobal.com\/index.php\/wp-json\/wp\/v2\/types\/page"}],"author":[{"embeddable":true,"href":"https:\/\/coelloglobal.com\/index.php\/wp-json\/wp\/v2\/users\/1"}],"replies":[{"embeddable":true,"href":"https:\/\/coelloglobal.com\/index.php\/wp-json\/wp\/v2\/comments?post=4643"}],"version-history":[{"count":8,"href":"https:\/\/coelloglobal.com\/index.php\/wp-json\/wp\/v2\/pages\/4643\/revisions"}],"predecessor-version":[{"id":4684,"href":"https:\/\/coelloglobal.com\/index.php\/wp-json\/wp\/v2\/pages\/4643\/revisions\/4684"}],"wp:attachment":[{"href":"https:\/\/coelloglobal.com\/index.php\/wp-json\/wp\/v2\/media?parent=4643"}],"curies":[{"name":"wp","href":"https:\/\/api.w.org\/{rel}","templated":true}]}}