{"id":571,"date":"2020-09-11T14:10:36","date_gmt":"2020-09-11T14:10:36","guid":{"rendered":"http:\/\/coelloglobal.com\/?page_id=571"},"modified":"2023-10-11T15:01:24","modified_gmt":"2023-10-11T15:01:24","slug":"piso-en-venta-cerca-plaza-universidad-259-500-e","status":"publish","type":"page","link":"https:\/\/coelloglobal.com\/index.php\/piso-en-venta-cerca-plaza-universidad-259-500-e\/","title":{"rendered":"Piso en Venta Cerca Plaza Universidad 250.000 \u20ac- Ref: CGOO3"},"content":{"rendered":"\n<div id=\"wp-block-themeisle-blocks-slider-94fa48c9\" class=\"wp-block-themeisle-blocks-slider glide\" data-per-view=\"1\" data-gap=\"0\" data-peek=\"0\" data-autoplay=\"true\" data-height=\"400px\"><div class=\"glide__track\" data-glide-el=\"track\"><div class=\"glide__slides\"><div class=\"wp-block-themeisle-blocks-slider-item-wrapper glide__slide\" tabindex=\"0\"><figure><img decoding=\"async\" class=\"wp-block-themeisle-blocks-slider-item\" src=\"http:\/\/coelloglobal.com\/wp-content\/uploads\/2020\/09\/WhatsApp-Image-2020-09-11-at-15.00.281-1024x768.jpeg\" alt=\"\" title=\"\" data-id=\"572\"\/><\/figure><\/div><div class=\"wp-block-themeisle-blocks-slider-item-wrapper glide__slide\" tabindex=\"0\"><figure><img decoding=\"async\" class=\"wp-block-themeisle-blocks-slider-item\" src=\"http:\/\/coelloglobal.com\/wp-content\/uploads\/2020\/09\/WhatsApp-Image-2020-09-11-at-15.00.28-1024x768.jpeg\" alt=\"\" title=\"\" data-id=\"573\"\/><\/figure><\/div><div class=\"wp-block-themeisle-blocks-slider-item-wrapper glide__slide\" tabindex=\"0\"><figure><img decoding=\"async\" class=\"wp-block-themeisle-blocks-slider-item\" src=\"http:\/\/coelloglobal.com\/wp-content\/uploads\/2020\/09\/WhatsApp-Image-2020-09-11-at-15.00.291-1024x768.jpeg\" alt=\"\" title=\"\" data-id=\"574\"\/><\/figure><\/div><div class=\"wp-block-themeisle-blocks-slider-item-wrapper glide__slide\" tabindex=\"0\"><figure><img decoding=\"async\" class=\"wp-block-themeisle-blocks-slider-item\" src=\"http:\/\/coelloglobal.com\/wp-content\/uploads\/2020\/09\/WhatsApp-Image-2020-09-11-at-15.00.292-1024x768.jpeg\" alt=\"\" title=\"\" data-id=\"575\"\/><\/figure><\/div><div class=\"wp-block-themeisle-blocks-slider-item-wrapper glide__slide\" tabindex=\"0\"><figure><img decoding=\"async\" class=\"wp-block-themeisle-blocks-slider-item\" src=\"http:\/\/coelloglobal.com\/wp-content\/uploads\/2020\/09\/WhatsApp-Image-2020-09-11-at-15.00.29-1024x768.jpeg\" alt=\"\" title=\"\" data-id=\"576\"\/><\/figure><\/div><div class=\"wp-block-themeisle-blocks-slider-item-wrapper glide__slide\" tabindex=\"0\"><figure><img decoding=\"async\" class=\"wp-block-themeisle-blocks-slider-item\" src=\"http:\/\/coelloglobal.com\/wp-content\/uploads\/2020\/09\/WhatsApp-Image-2020-09-11-at-15.00.301-1024x768.jpeg\" alt=\"\" title=\"\" data-id=\"577\"\/><\/figure><\/div><div class=\"wp-block-themeisle-blocks-slider-item-wrapper glide__slide\" tabindex=\"0\"><figure><img decoding=\"async\" class=\"wp-block-themeisle-blocks-slider-item\" src=\"http:\/\/coelloglobal.com\/wp-content\/uploads\/2020\/09\/WhatsApp-Image-2020-09-11-at-15.00.30-1024x768.jpeg\" alt=\"\" title=\"\" data-id=\"578\"\/><\/figure><\/div><div class=\"wp-block-themeisle-blocks-slider-item-wrapper glide__slide\" tabindex=\"0\"><figure><img decoding=\"async\" class=\"wp-block-themeisle-blocks-slider-item\" src=\"http:\/\/coelloglobal.com\/wp-content\/uploads\/2020\/09\/WhatsApp-Image-2020-09-11-at-15.00.311-1024x768.jpeg\" alt=\"\" title=\"\" data-id=\"579\"\/><\/figure><\/div><div class=\"wp-block-themeisle-blocks-slider-item-wrapper glide__slide\" tabindex=\"0\"><figure><img decoding=\"async\" class=\"wp-block-themeisle-blocks-slider-item\" src=\"http:\/\/coelloglobal.com\/wp-content\/uploads\/2020\/09\/WhatsApp-Image-2020-09-11-at-15.00.31-1024x768.jpeg\" alt=\"\" title=\"\" data-id=\"580\"\/><\/figure><\/div><div class=\"wp-block-themeisle-blocks-slider-item-wrapper glide__slide\" tabindex=\"0\"><figure><img decoding=\"async\" class=\"wp-block-themeisle-blocks-slider-item\" src=\"http:\/\/coelloglobal.com\/wp-content\/uploads\/2020\/09\/WhatsApp-Image-2020-09-11-at-15.00.32-1024x768.jpeg\" alt=\"\" title=\"\" data-id=\"581\"\/><\/figure><\/div><div class=\"wp-block-themeisle-blocks-slider-item-wrapper glide__slide\" tabindex=\"0\"><figure><img decoding=\"async\" class=\"wp-block-themeisle-blocks-slider-item\" src=\"http:\/\/coelloglobal.com\/wp-content\/uploads\/2020\/09\/WhatsApp-Image-2020-09-11-at-15.00.331-1024x768.jpeg\" alt=\"\" title=\"\" data-id=\"582\"\/><\/figure><\/div><div class=\"wp-block-themeisle-blocks-slider-item-wrapper glide__slide\" tabindex=\"0\"><figure><img decoding=\"async\" class=\"wp-block-themeisle-blocks-slider-item\" src=\"http:\/\/coelloglobal.com\/wp-content\/uploads\/2020\/09\/WhatsApp-Image-2020-09-11-at-15.00.33-1024x768.jpeg\" alt=\"\" title=\"\" data-id=\"583\"\/><\/figure><\/div><div class=\"wp-block-themeisle-blocks-slider-item-wrapper glide__slide\" tabindex=\"0\"><figure><img decoding=\"async\" class=\"wp-block-themeisle-blocks-slider-item\" src=\"http:\/\/coelloglobal.com\/wp-content\/uploads\/2020\/09\/WhatsApp-Image-2020-09-11-at-15.00.341-1024x768.jpeg\" alt=\"\" title=\"\" data-id=\"584\"\/><\/figure><\/div><div class=\"wp-block-themeisle-blocks-slider-item-wrapper glide__slide\" tabindex=\"0\"><figure><img decoding=\"async\" class=\"wp-block-themeisle-blocks-slider-item\" src=\"http:\/\/coelloglobal.com\/wp-content\/uploads\/2020\/09\/WhatsApp-Image-2020-09-11-at-15.00.342-1024x768.jpeg\" alt=\"\" title=\"\" data-id=\"585\"\/><\/figure><\/div><div class=\"wp-block-themeisle-blocks-slider-item-wrapper glide__slide\" tabindex=\"0\"><figure><img decoding=\"async\" class=\"wp-block-themeisle-blocks-slider-item\" src=\"http:\/\/coelloglobal.com\/wp-content\/uploads\/2020\/09\/WhatsApp-Image-2020-09-11-at-15.00.34-1024x768.jpeg\" alt=\"\" title=\"\" data-id=\"586\"\/><\/figure><\/div><div class=\"wp-block-themeisle-blocks-slider-item-wrapper glide__slide\" tabindex=\"0\"><figure><img decoding=\"async\" class=\"wp-block-themeisle-blocks-slider-item\" src=\"http:\/\/coelloglobal.com\/wp-content\/uploads\/2020\/09\/WhatsApp-Image-2020-09-11-at-15.00.351-1024x768.jpeg\" alt=\"\" title=\"\" data-id=\"587\"\/><\/figure><\/div><div class=\"wp-block-themeisle-blocks-slider-item-wrapper glide__slide\" tabindex=\"0\"><figure><img decoding=\"async\" class=\"wp-block-themeisle-blocks-slider-item\" src=\"http:\/\/coelloglobal.com\/wp-content\/uploads\/2020\/09\/WhatsApp-Image-2020-09-11-at-15.00.35-1024x768.jpeg\" alt=\"\" title=\"\" data-id=\"588\"\/><\/figure><\/div><div class=\"wp-block-themeisle-blocks-slider-item-wrapper glide__slide\" tabindex=\"0\"><figure><img decoding=\"async\" class=\"wp-block-themeisle-blocks-slider-item\" src=\"http:\/\/coelloglobal.com\/wp-content\/uploads\/2020\/09\/WhatsApp-Image-2020-09-11-at-15.00.361-1024x768.jpeg\" alt=\"\" title=\"\" data-id=\"589\"\/><\/figure><\/div><div class=\"wp-block-themeisle-blocks-slider-item-wrapper glide__slide\" tabindex=\"0\"><figure><img decoding=\"async\" class=\"wp-block-themeisle-blocks-slider-item\" src=\"http:\/\/coelloglobal.com\/wp-content\/uploads\/2020\/09\/WhatsApp-Image-2020-09-11-at-15.00.371-1024x768.jpeg\" alt=\"\" title=\"\" data-id=\"590\"\/><\/figure><\/div><div class=\"wp-block-themeisle-blocks-slider-item-wrapper glide__slide\" tabindex=\"0\"><figure><img decoding=\"async\" class=\"wp-block-themeisle-blocks-slider-item\" src=\"http:\/\/coelloglobal.com\/wp-content\/uploads\/2020\/09\/WhatsApp-Image-2020-09-11-at-15.00.372-1024x768.jpeg\" alt=\"\" title=\"\" data-id=\"591\"\/><\/figure><\/div><div class=\"wp-block-themeisle-blocks-slider-item-wrapper glide__slide\" tabindex=\"0\"><figure><img decoding=\"async\" class=\"wp-block-themeisle-blocks-slider-item\" src=\"http:\/\/coelloglobal.com\/wp-content\/uploads\/2020\/09\/WhatsApp-Image-2020-09-11-at-15.00.373-1024x768.jpeg\" alt=\"\" title=\"\" data-id=\"592\"\/><\/figure><\/div><div class=\"wp-block-themeisle-blocks-slider-item-wrapper glide__slide\" tabindex=\"0\"><figure><img decoding=\"async\" class=\"wp-block-themeisle-blocks-slider-item\" src=\"http:\/\/coelloglobal.com\/wp-content\/uploads\/2020\/09\/WhatsApp-Image-2020-09-11-at-15.00.37-1024x768.jpeg\" alt=\"\" title=\"\" data-id=\"593\"\/><\/figure><\/div><div class=\"wp-block-themeisle-blocks-slider-item-wrapper glide__slide\" tabindex=\"0\"><figure><img decoding=\"async\" class=\"wp-block-themeisle-blocks-slider-item\" src=\"http:\/\/coelloglobal.com\/wp-content\/uploads\/2020\/09\/WhatsApp-Image-2020-09-11-at-15.00.381-1024x768.jpeg\" alt=\"\" title=\"\" data-id=\"594\"\/><\/figure><\/div><div class=\"wp-block-themeisle-blocks-slider-item-wrapper glide__slide\" tabindex=\"0\"><figure><img decoding=\"async\" class=\"wp-block-themeisle-blocks-slider-item\" src=\"http:\/\/coelloglobal.com\/wp-content\/uploads\/2020\/09\/WhatsApp-Image-2020-09-11-at-15.00.382-1024x768.jpeg\" alt=\"\" title=\"\" data-id=\"595\"\/><\/figure><\/div><div class=\"wp-block-themeisle-blocks-slider-item-wrapper glide__slide\" tabindex=\"0\"><figure><img decoding=\"async\" class=\"wp-block-themeisle-blocks-slider-item\" src=\"http:\/\/coelloglobal.com\/wp-content\/uploads\/2020\/09\/WhatsApp-Image-2020-09-11-at-15.00.383-1024x768.jpeg\" alt=\"\" title=\"\" data-id=\"596\"\/><\/figure><\/div><div class=\"wp-block-themeisle-blocks-slider-item-wrapper glide__slide\" tabindex=\"0\"><figure><img decoding=\"async\" class=\"wp-block-themeisle-blocks-slider-item\" src=\"http:\/\/coelloglobal.com\/wp-content\/uploads\/2020\/09\/WhatsApp-Image-2020-09-11-at-15.00.38-1024x768.jpeg\" alt=\"\" title=\"\" data-id=\"597\"\/><\/figure><\/div><\/div><div class=\"glide__arrows\" data-glide-el=\"controls\"><button class=\"glide__arrow glide__arrow--left\" data-glide-dir=\"<\"><svg xmlns=\"http:\/\/www.w3.org\/2000\/svg\" width=\"18\" height=\"18\" viewbox=\"0 0 100 100\" role=\"img\" aria-hidden=\"true\" focusable=\"false\"><path d=\"M 10,50 L 60,100 L 70,90 L 30,50  L 70,10 L 60,0 Z\"><\/path><\/svg><\/button><button class=\"glide__arrow glide__arrow--right\" data-glide-dir=\"&gt;\"><svg xmlns=\"http:\/\/www.w3.org\/2000\/svg\" width=\"18\" height=\"18\" viewbox=\"0 0 100 100\" role=\"img\" aria-hidden=\"true\" focusable=\"false\"><path d=\"M 10,50 L 60,100 L 70,90 L 30,50  L 70,10 L 60,0 Z\"><\/path><\/svg><\/button><\/div><div class=\"glide__bullets\" data-glide-el=\"controls[nav]\"><button class=\"glide__bullet\" data-glide-dir=\"=0\"><\/button><button class=\"glide__bullet\" data-glide-dir=\"=1\"><\/button><button class=\"glide__bullet\" data-glide-dir=\"=2\"><\/button><button class=\"glide__bullet\" data-glide-dir=\"=3\"><\/button><button class=\"glide__bullet\" data-glide-dir=\"=4\"><\/button><button class=\"glide__bullet\" data-glide-dir=\"=5\"><\/button><button class=\"glide__bullet\" data-glide-dir=\"=6\"><\/button><button class=\"glide__bullet\" data-glide-dir=\"=7\"><\/button><button class=\"glide__bullet\" data-glide-dir=\"=8\"><\/button><button class=\"glide__bullet\" data-glide-dir=\"=9\"><\/button><button class=\"glide__bullet\" data-glide-dir=\"=10\"><\/button><button class=\"glide__bullet\" data-glide-dir=\"=11\"><\/button><button class=\"glide__bullet\" data-glide-dir=\"=12\"><\/button><button class=\"glide__bullet\" data-glide-dir=\"=13\"><\/button><button class=\"glide__bullet\" data-glide-dir=\"=14\"><\/button><button class=\"glide__bullet\" data-glide-dir=\"=15\"><\/button><button class=\"glide__bullet\" data-glide-dir=\"=16\"><\/button><button class=\"glide__bullet\" data-glide-dir=\"=17\"><\/button><button class=\"glide__bullet\" data-glide-dir=\"=18\"><\/button><button class=\"glide__bullet\" data-glide-dir=\"=19\"><\/button><button class=\"glide__bullet\" data-glide-dir=\"=20\"><\/button><button class=\"glide__bullet\" data-glide-dir=\"=21\"><\/button><button class=\"glide__bullet\" data-glide-dir=\"=22\"><\/button><button class=\"glide__bullet\" data-glide-dir=\"=23\"><\/button><button class=\"glide__bullet\" data-glide-dir=\"=24\"><\/button><button class=\"glide__bullet\" data-glide-dir=\"=25\"><\/button><\/div><\/div><\/div>\n\n\n\n<p>Plaza Universidad &#8211; Barcelona <\/p>\n\n\n\n<p>70 m2 &#8211; 2 hab &#8211; balc\u00f3n &#8211; 250.000 \u20ac <\/p>\n\n\n\n<p>Se vende piso de 70 m2 construidos y 60 m2 \u00fatiles. El piso consta de 3 habitaciones dobles, que son muy luminosas. Cocina abierta equipada, sal\u00f3n comedor muy amplios en un mismo ambiente con salida a un balc\u00f3n, ba\u00f1o, puerta blindada, ventanas de aluminio, techos estilo volta catalana. El piso est\u00e1 orientado al sur, es exterior a patio de manzana, muy luminoso y soleado. El inmueble se encuentra en una cuarta planta en una finca se\u00f1orial sin ascensor. Y se encuentra ubicada en la zona cerca de Plaza Universidad con muchos comercios a su alrededor, farmacias, metros, lineas de buses y universidades. <\/p>\n\n\n\n<p>No dudes en venir a visitar el inmueble<\/p>\n\n\n\n<p>Coello Global Financiamiento: Te proporcion\u00e1remos\nasesoramiento financiero y te ayudamos a conseguir financiamiento para la\nadquisici\u00f3n de tu inmueble, para tener m\u00e1s informaci\u00f3n cont\u00e1ctanos <\/p>\n\n\n\n<p><strong>CARACTER\u00cdSTICAS B\u00c1SICAS DEL INMUEBLE<\/strong><\/p>\n\n\n\n<ul class=\"wp-block-list\"><li>70 m\u00b2 construidos<\/li><li>3 habitaciones  dobles<\/li><li>Sal\u00f3n<\/li><li>Comedor<\/li><li>Cocina<\/li><li>Ba\u00f1o<\/li><li>Balc\u00f3n<\/li><li>Construido en 1900<\/li><li>Planta 4\u00aa exterior a patio de manzana<\/li><li>Muy Luminoso y Soleado<\/li><li>Orientacion Sur<\/li><\/ul>\n\n\n\n<p>Coello Global Financiamiento: Te proporcionamos asesoramiento financiero y te ayudamos a conseguir financiamiento para la adquisici\u00f3n de tu inmueble, para m\u00e1s informaci\u00f3n cont\u00e1ctanos.<\/p>\n","protected":false},"excerpt":{"rendered":"<p>Plaza Universidad &#8211; Barcelona 70 m2 &#8211; 2 hab &#8211; balc\u00f3n &#8211; 250.000 \u20ac Se vende piso de 70 m2 construidos y 60 m2 \u00fatiles. El piso consta de 3 habitaciones dobles, que son muy luminosas. Cocina abierta equipada, sal\u00f3n comedor muy amplios en un mismo ambiente con salida a un balc\u00f3n, ba\u00f1o, puerta blindada, &hellip; <\/p>\n<p class=\"link-more\"><a href=\"https:\/\/coelloglobal.com\/index.php\/piso-en-venta-cerca-plaza-universidad-259-500-e\/\" class=\"more-link\">Continue reading<span class=\"screen-reader-text\"> &#8220;Piso en Venta Cerca Plaza Universidad 250.000 \u20ac- Ref: CGOO3&#8221;<\/span><\/a><\/p>\n","protected":false},"author":1,"featured_media":584,"parent":0,"menu_order":0,"comment_status":"closed","ping_status":"closed","template":"","meta":{"footnotes":""},"class_list":["post-571","page","type-page","status-publish","has-post-thumbnail","hentry"],"_links":{"self":[{"href":"https:\/\/coelloglobal.com\/index.php\/wp-json\/wp\/v2\/pages\/571","targetHints":{"allow":["GET"]}}],"collection":[{"href":"https:\/\/coelloglobal.com\/index.php\/wp-json\/wp\/v2\/pages"}],"about":[{"href":"https:\/\/coelloglobal.com\/index.php\/wp-json\/wp\/v2\/types\/page"}],"author":[{"embeddable":true,"href":"https:\/\/coelloglobal.com\/index.php\/wp-json\/wp\/v2\/users\/1"}],"replies":[{"embeddable":true,"href":"https:\/\/coelloglobal.com\/index.php\/wp-json\/wp\/v2\/comments?post=571"}],"version-history":[{"count":5,"href":"https:\/\/coelloglobal.com\/index.php\/wp-json\/wp\/v2\/pages\/571\/revisions"}],"predecessor-version":[{"id":3120,"href":"https:\/\/coelloglobal.com\/index.php\/wp-json\/wp\/v2\/pages\/571\/revisions\/3120"}],"wp:featuredmedia":[{"embeddable":true,"href":"https:\/\/coelloglobal.com\/index.php\/wp-json\/wp\/v2\/media\/584"}],"wp:attachment":[{"href":"https:\/\/coelloglobal.com\/index.php\/wp-json\/wp\/v2\/media?parent=571"}],"curies":[{"name":"wp","href":"https:\/\/api.w.org\/{rel}","templated":true}]}}