{"id":61,"date":"2020-03-10T21:30:10","date_gmt":"2020-03-10T21:30:10","guid":{"rendered":"http:\/\/coelloglobal.com\/?page_id=61"},"modified":"2021-05-07T21:12:11","modified_gmt":"2021-05-07T21:12:11","slug":"piso-en-venta-rambla-guipuscoa","status":"publish","type":"page","link":"https:\/\/coelloglobal.com\/index.php\/inmuebles\/piso-en-venta-rambla-guipuscoa\/","title":{"rendered":"Piso en venta Clot de la Mel &#8211;  268.000 \u20ac"},"content":{"rendered":"\n<p><strong>Piso en venta en Rambla Guipuscoa, Barcelona<\/strong><\/p>\n\n\n\n<div id=\"wp-block-themeisle-blocks-slider-0c618a8d\" class=\"wp-block-themeisle-blocks-slider glide\" data-per-view=\"1\" data-gap=\"0\" data-peek=\"0\" data-autoplay=\"true\" data-height=\"400px\"><div class=\"glide__track\" data-glide-el=\"track\"><div class=\"glide__slides\"><div class=\"wp-block-themeisle-blocks-slider-item-wrapper glide__slide\" tabindex=\"0\"><figure><img decoding=\"async\" class=\"wp-block-themeisle-blocks-slider-item\" src=\"http:\/\/coelloglobal.com\/wp-content\/uploads\/2020\/03\/salon3.jpeg\" alt=\"\" title=\"\" data-id=\"77\"\/><\/figure><\/div><div class=\"wp-block-themeisle-blocks-slider-item-wrapper glide__slide\" tabindex=\"0\"><figure><img decoding=\"async\" class=\"wp-block-themeisle-blocks-slider-item\" src=\"http:\/\/coelloglobal.com\/wp-content\/uploads\/2020\/03\/salon2.jpeg\" alt=\"\" title=\"\" data-id=\"76\"\/><\/figure><\/div><div class=\"wp-block-themeisle-blocks-slider-item-wrapper glide__slide\" tabindex=\"0\"><figure><img decoding=\"async\" class=\"wp-block-themeisle-blocks-slider-item\" src=\"http:\/\/coelloglobal.com\/wp-content\/uploads\/2020\/03\/salon.jpeg\" alt=\"\" title=\"\" data-id=\"75\"\/><\/figure><\/div><div class=\"wp-block-themeisle-blocks-slider-item-wrapper glide__slide\" tabindex=\"0\"><figure><img decoding=\"async\" class=\"wp-block-themeisle-blocks-slider-item\" src=\"http:\/\/coelloglobal.com\/wp-content\/uploads\/2020\/03\/pasillo.jpeg\" alt=\"\" title=\"\" data-id=\"74\"\/><\/figure><\/div><div class=\"wp-block-themeisle-blocks-slider-item-wrapper glide__slide\" tabindex=\"0\"><figure><img decoding=\"async\" class=\"wp-block-themeisle-blocks-slider-item\" src=\"http:\/\/coelloglobal.com\/wp-content\/uploads\/2020\/03\/dormitorio3.jpeg\" alt=\"\" title=\"\" data-id=\"73\"\/><\/figure><\/div><div class=\"wp-block-themeisle-blocks-slider-item-wrapper glide__slide\" tabindex=\"0\"><figure><img decoding=\"async\" class=\"wp-block-themeisle-blocks-slider-item\" src=\"http:\/\/coelloglobal.com\/wp-content\/uploads\/2020\/03\/cocina1.jpeg\" alt=\"\" title=\"\" data-id=\"68\"\/><\/figure><\/div><div class=\"wp-block-themeisle-blocks-slider-item-wrapper glide__slide\" tabindex=\"0\"><figure><img decoding=\"async\" class=\"wp-block-themeisle-blocks-slider-item\" src=\"http:\/\/coelloglobal.com\/wp-content\/uploads\/2020\/03\/cocina2-1.jpeg\" alt=\"\" title=\"\" data-id=\"69\"\/><\/figure><\/div><div class=\"wp-block-themeisle-blocks-slider-item-wrapper glide__slide\" tabindex=\"0\"><figure><img decoding=\"async\" class=\"wp-block-themeisle-blocks-slider-item\" src=\"http:\/\/coelloglobal.com\/wp-content\/uploads\/2020\/03\/domitorio1.jpeg\" alt=\"\" title=\"\" data-id=\"70\"\/><\/figure><\/div><div class=\"wp-block-themeisle-blocks-slider-item-wrapper glide__slide\" tabindex=\"0\"><figure><img decoding=\"async\" class=\"wp-block-themeisle-blocks-slider-item\" src=\"http:\/\/coelloglobal.com\/wp-content\/uploads\/2020\/03\/dormitorio-.jpeg\" alt=\"\" title=\"\" data-id=\"71\"\/><\/figure><\/div><div class=\"wp-block-themeisle-blocks-slider-item-wrapper glide__slide\" tabindex=\"0\"><figure><img decoding=\"async\" class=\"wp-block-themeisle-blocks-slider-item\" src=\"http:\/\/coelloglobal.com\/wp-content\/uploads\/2020\/03\/dormitorio-2.jpeg\" alt=\"\" title=\"\" data-id=\"72\"\/><\/figure><\/div><div class=\"wp-block-themeisle-blocks-slider-item-wrapper glide__slide\" tabindex=\"0\"><figure><img decoding=\"async\" class=\"wp-block-themeisle-blocks-slider-item\" src=\"http:\/\/coelloglobal.com\/wp-content\/uploads\/2020\/03\/cocina2.jpeg\" alt=\"Cocina\" title=\"Cocina\" data-id=\"62\"\/><figcaption>COCINA<\/figcaption><\/figure><\/div><div class=\"wp-block-themeisle-blocks-slider-item-wrapper glide__slide\" tabindex=\"0\"><figure><img decoding=\"async\" class=\"wp-block-themeisle-blocks-slider-item\" src=\"http:\/\/coelloglobal.com\/wp-content\/uploads\/2020\/03\/ba\u00f1o-3.jpeg\" alt=\"\" title=\"\" data-id=\"64\"\/><\/figure><\/div><div class=\"wp-block-themeisle-blocks-slider-item-wrapper glide__slide\" tabindex=\"0\"><figure><img decoding=\"async\" class=\"wp-block-themeisle-blocks-slider-item\" src=\"http:\/\/coelloglobal.com\/wp-content\/uploads\/2020\/03\/ba\u00f1o.jpeg\" alt=\"\" title=\"\" data-id=\"65\"\/><\/figure><\/div><div class=\"wp-block-themeisle-blocks-slider-item-wrapper glide__slide\" tabindex=\"0\"><figure><img decoding=\"async\" class=\"wp-block-themeisle-blocks-slider-item\" src=\"http:\/\/coelloglobal.com\/wp-content\/uploads\/2020\/03\/ba\u00f1o1.jpeg\" alt=\"\" title=\"\" data-id=\"66\"\/><\/figure><\/div><div class=\"wp-block-themeisle-blocks-slider-item-wrapper glide__slide\" tabindex=\"0\"><figure><img decoding=\"async\" class=\"wp-block-themeisle-blocks-slider-item\" src=\"http:\/\/coelloglobal.com\/wp-content\/uploads\/2020\/03\/cocina.jpeg\" alt=\"COCINA\" title=\"COCINA\" data-id=\"67\"\/><\/figure><\/div><\/div><div class=\"glide__arrows\" data-glide-el=\"controls\"><button class=\"glide__arrow glide__arrow--left\" data-glide-dir=\"<\"><svg xmlns=\"http:\/\/www.w3.org\/2000\/svg\" width=\"18\" height=\"18\" viewbox=\"0 0 100 100\" role=\"img\" aria-hidden=\"true\" focusable=\"false\"><path d=\"M 10,50 L 60,100 L 70,90 L 30,50  L 70,10 L 60,0 Z\"><\/path><\/svg><\/button><button class=\"glide__arrow glide__arrow--right\" data-glide-dir=\"&gt;\"><svg xmlns=\"http:\/\/www.w3.org\/2000\/svg\" width=\"18\" height=\"18\" viewbox=\"0 0 100 100\" role=\"img\" aria-hidden=\"true\" focusable=\"false\"><path d=\"M 10,50 L 60,100 L 70,90 L 30,50  L 70,10 L 60,0 Z\"><\/path><\/svg><\/button><\/div><div class=\"glide__bullets\" data-glide-el=\"controls[nav]\"><button class=\"glide__bullet\" data-glide-dir=\"=0\"><\/button><button class=\"glide__bullet\" data-glide-dir=\"=1\"><\/button><button class=\"glide__bullet\" data-glide-dir=\"=2\"><\/button><button class=\"glide__bullet\" data-glide-dir=\"=3\"><\/button><button class=\"glide__bullet\" data-glide-dir=\"=4\"><\/button><button class=\"glide__bullet\" data-glide-dir=\"=5\"><\/button><button class=\"glide__bullet\" data-glide-dir=\"=6\"><\/button><button class=\"glide__bullet\" data-glide-dir=\"=7\"><\/button><button class=\"glide__bullet\" data-glide-dir=\"=8\"><\/button><button class=\"glide__bullet\" data-glide-dir=\"=9\"><\/button><button class=\"glide__bullet\" data-glide-dir=\"=10\"><\/button><button class=\"glide__bullet\" data-glide-dir=\"=11\"><\/button><button class=\"glide__bullet\" data-glide-dir=\"=12\"><\/button><button class=\"glide__bullet\" data-glide-dir=\"=13\"><\/button><button class=\"glide__bullet\" data-glide-dir=\"=14\"><\/button><\/div><\/div><\/div>\n\n\n\n<p><strong>El clot, Barcelona<\/strong><\/p>\n\n\n\n<p><strong>78 m2 &#8211; 3hab &#8211; 268.000 \u20ac<\/strong><\/p>\n\n\n\n<p>Piso en venta en la rambla Guipucoa, en el Clot de la Mel. Totalmente reformado a estrenar, consta de un amplio sal\u00f3n orientado al sur, 3 dormitorios, amplia cocina, galer\u00eda incorporada a la cocina, un amplio cuarto de ba\u00f1o completo 3 piezas, suelos de parquet, ventanas de aluminio blanco doble cristal, puertas de madera en color blanco, aire acondicionado, El piso esta cerca de metro, linea de buses, comercios, parque, centro educativo, gimnasio. No dudes en venir a visitar lo.<\/p>\n\n\n\n<p><strong>CARACTER\u00cdSTICAS B\u00c1SICAS\nDEL INMUEBLE<\/strong><\/p>\n\n\n\n<ul class=\"wp-block-list\"><li>78 m\u00b2 construidos<\/li><li>3 habitaciones<\/li><li>Sal\u00f3n<\/li><li>Comedor <\/li><li>Cocina<\/li><li>1 ba\u00f1o<\/li><li>Reformado a estrenar<\/li><li>Construido en 1980<\/li><li>Planta 7\u00aa interior <\/li><li>Orientaci\u00f3n sur este <\/li><li>Con ascensor<\/li><li>Aire acondicionado<\/li><li>Certificaci\u00f3n energ\u00e9tica:&nbsp;&nbsp;(181 kWh\/m\u00b2 a\u00f1o)<\/li><\/ul>\n\n\n\n<p>Coello Global Financiamiento: Te proporcionamos asesoramiento financiero y te ayudamos a conseguir financiamiento para la adquisici\u00f3n de tu inmueble, para m\u00e1s informaci\u00f3n cont\u00e1ctanos.<\/p>\n","protected":false},"excerpt":{"rendered":"<p>Piso en venta en Rambla Guipuscoa, Barcelona El clot, Barcelona 78 m2 &#8211; 3hab &#8211; 268.000 \u20ac Piso en venta en la rambla Guipucoa, en el Clot de la Mel. Totalmente reformado a estrenar, consta de un amplio sal\u00f3n orientado al sur, 3 dormitorios, amplia cocina, galer\u00eda incorporada a la cocina, un amplio cuarto de &hellip; <\/p>\n<p class=\"link-more\"><a href=\"https:\/\/coelloglobal.com\/index.php\/inmuebles\/piso-en-venta-rambla-guipuscoa\/\" class=\"more-link\">Continue reading<span class=\"screen-reader-text\"> &#8220;Piso en venta Clot de la Mel &#8211;  268.000 \u20ac&#8221;<\/span><\/a><\/p>\n","protected":false},"author":1,"featured_media":68,"parent":41,"menu_order":1,"comment_status":"closed","ping_status":"closed","template":"","meta":{"footnotes":""},"class_list":["post-61","page","type-page","status-publish","has-post-thumbnail","hentry"],"_links":{"self":[{"href":"https:\/\/coelloglobal.com\/index.php\/wp-json\/wp\/v2\/pages\/61","targetHints":{"allow":["GET"]}}],"collection":[{"href":"https:\/\/coelloglobal.com\/index.php\/wp-json\/wp\/v2\/pages"}],"about":[{"href":"https:\/\/coelloglobal.com\/index.php\/wp-json\/wp\/v2\/types\/page"}],"author":[{"embeddable":true,"href":"https:\/\/coelloglobal.com\/index.php\/wp-json\/wp\/v2\/users\/1"}],"replies":[{"embeddable":true,"href":"https:\/\/coelloglobal.com\/index.php\/wp-json\/wp\/v2\/comments?post=61"}],"version-history":[{"count":15,"href":"https:\/\/coelloglobal.com\/index.php\/wp-json\/wp\/v2\/pages\/61\/revisions"}],"predecessor-version":[{"id":681,"href":"https:\/\/coelloglobal.com\/index.php\/wp-json\/wp\/v2\/pages\/61\/revisions\/681"}],"up":[{"embeddable":true,"href":"https:\/\/coelloglobal.com\/index.php\/wp-json\/wp\/v2\/pages\/41"}],"wp:featuredmedia":[{"embeddable":true,"href":"https:\/\/coelloglobal.com\/index.php\/wp-json\/wp\/v2\/media\/68"}],"wp:attachment":[{"href":"https:\/\/coelloglobal.com\/index.php\/wp-json\/wp\/v2\/media?parent=61"}],"curies":[{"name":"wp","href":"https:\/\/api.w.org\/{rel}","templated":true}]}}