{"id":697,"date":"2021-06-10T18:56:56","date_gmt":"2021-06-10T18:56:56","guid":{"rendered":"http:\/\/coelloglobal.com\/?page_id=697"},"modified":"2023-10-11T15:33:34","modified_gmt":"2023-10-11T15:33:34","slug":"fantastico-piso-en-venta-calle-marina-327-000-e","status":"publish","type":"page","link":"https:\/\/coelloglobal.com\/index.php\/fantastico-piso-en-venta-calle-marina-327-000-e\/","title":{"rendered":"Venta piso Barcelona  319.000 \u20ac Ref: CG0010"},"content":{"rendered":"\n<p>Piso reformado en venta en  La Vila Ol\u00edmpica del Poblenou, Barcelona <\/p>\n\n\n\n<div id=\"wp-block-themeisle-blocks-slider-8715ee1a\" class=\"wp-block-themeisle-blocks-slider glide\" data-per-view=\"1\" data-gap=\"0\" data-peek=\"0\" data-autoplay=\"true\" data-height=\"400px\"><div class=\"glide__track\" data-glide-el=\"track\"><div class=\"glide__slides\"><div class=\"wp-block-themeisle-blocks-slider-item-wrapper glide__slide\" tabindex=\"0\"><figure><img decoding=\"async\" class=\"wp-block-themeisle-blocks-slider-item\" src=\"http:\/\/coelloglobal.com\/wp-content\/uploads\/2021\/06\/WhatsApp-Image-2021-06-10-at-14.33.29-1-1.jpeg\" alt=\"\" title=\"\" data-id=\"725\"\/><\/figure><\/div><div class=\"wp-block-themeisle-blocks-slider-item-wrapper glide__slide\" tabindex=\"0\"><figure><img decoding=\"async\" class=\"wp-block-themeisle-blocks-slider-item\" src=\"http:\/\/coelloglobal.com\/wp-content\/uploads\/2021\/06\/WhatsApp-Image-2021-06-10-at-14.33.30-1-1.jpeg\" alt=\"\" title=\"\" data-id=\"726\"\/><\/figure><\/div><div class=\"wp-block-themeisle-blocks-slider-item-wrapper glide__slide\" tabindex=\"0\"><figure><img decoding=\"async\" class=\"wp-block-themeisle-blocks-slider-item\" src=\"http:\/\/coelloglobal.com\/wp-content\/uploads\/2021\/06\/WhatsApp-Image-2021-06-10-at-14.33.30-2-1.jpeg\" alt=\"\" title=\"\" data-id=\"727\"\/><\/figure><\/div><div class=\"wp-block-themeisle-blocks-slider-item-wrapper glide__slide\" tabindex=\"0\"><figure><img decoding=\"async\" class=\"wp-block-themeisle-blocks-slider-item\" src=\"http:\/\/coelloglobal.com\/wp-content\/uploads\/2021\/06\/WhatsApp-Image-2021-06-10-at-14.33.30-3-1.jpeg\" alt=\"\" title=\"\" data-id=\"728\"\/><\/figure><\/div><div class=\"wp-block-themeisle-blocks-slider-item-wrapper glide__slide\" tabindex=\"0\"><figure><img decoding=\"async\" class=\"wp-block-themeisle-blocks-slider-item\" src=\"http:\/\/coelloglobal.com\/wp-content\/uploads\/2021\/06\/WhatsApp-Image-2021-06-10-at-14.33.30-4-1.jpeg\" alt=\"\" title=\"\" data-id=\"729\"\/><\/figure><\/div><div class=\"wp-block-themeisle-blocks-slider-item-wrapper glide__slide\" tabindex=\"0\"><figure><img decoding=\"async\" class=\"wp-block-themeisle-blocks-slider-item\" src=\"http:\/\/coelloglobal.com\/wp-content\/uploads\/2021\/06\/WhatsApp-Image-2021-06-10-at-14.33.30-5-1.jpeg\" alt=\"\" title=\"\" data-id=\"730\"\/><\/figure><\/div><div class=\"wp-block-themeisle-blocks-slider-item-wrapper glide__slide\" tabindex=\"0\"><figure><img decoding=\"async\" class=\"wp-block-themeisle-blocks-slider-item\" src=\"http:\/\/coelloglobal.com\/wp-content\/uploads\/2021\/06\/WhatsApp-Image-2021-06-10-at-14.33.30-6-1.jpeg\" alt=\"\" title=\"\" data-id=\"731\"\/><\/figure><\/div><div class=\"wp-block-themeisle-blocks-slider-item-wrapper glide__slide\" tabindex=\"0\"><figure><img decoding=\"async\" class=\"wp-block-themeisle-blocks-slider-item\" src=\"http:\/\/coelloglobal.com\/wp-content\/uploads\/2021\/06\/WhatsApp-Image-2021-06-10-at-14.33.30-7.jpeg\" alt=\"\" title=\"\" data-id=\"732\"\/><\/figure><\/div><div class=\"wp-block-themeisle-blocks-slider-item-wrapper glide__slide\" tabindex=\"0\"><figure><img decoding=\"async\" class=\"wp-block-themeisle-blocks-slider-item\" src=\"http:\/\/coelloglobal.com\/wp-content\/uploads\/2021\/06\/WhatsApp-Image-2021-06-10-at-14.33.31-1-1.jpeg\" alt=\"\" title=\"\" data-id=\"733\"\/><\/figure><\/div><div class=\"wp-block-themeisle-blocks-slider-item-wrapper glide__slide\" tabindex=\"0\"><figure><img decoding=\"async\" class=\"wp-block-themeisle-blocks-slider-item\" src=\"http:\/\/coelloglobal.com\/wp-content\/uploads\/2021\/06\/WhatsApp-Image-2021-06-10-at-14.33.31-2-1.jpeg\" alt=\"\" title=\"\" data-id=\"734\"\/><\/figure><\/div><div class=\"wp-block-themeisle-blocks-slider-item-wrapper glide__slide\" tabindex=\"0\"><figure><img decoding=\"async\" class=\"wp-block-themeisle-blocks-slider-item\" src=\"http:\/\/coelloglobal.com\/wp-content\/uploads\/2021\/06\/WhatsApp-Image-2021-06-10-at-14.33.31-3-1.jpeg\" alt=\"\" title=\"\" data-id=\"735\"\/><\/figure><\/div><div class=\"wp-block-themeisle-blocks-slider-item-wrapper glide__slide\" tabindex=\"0\"><figure><img decoding=\"async\" class=\"wp-block-themeisle-blocks-slider-item\" src=\"http:\/\/coelloglobal.com\/wp-content\/uploads\/2021\/06\/WhatsApp-Image-2021-06-10-at-14.33.31-4-1.jpeg\" alt=\"\" title=\"\" data-id=\"736\"\/><\/figure><\/div><div class=\"wp-block-themeisle-blocks-slider-item-wrapper glide__slide\" tabindex=\"0\"><figure><img decoding=\"async\" class=\"wp-block-themeisle-blocks-slider-item\" src=\"http:\/\/coelloglobal.com\/wp-content\/uploads\/2021\/06\/WhatsApp-Image-2021-06-10-at-14.33.31-5-1.jpeg\" alt=\"\" title=\"\" data-id=\"737\"\/><\/figure><\/div><div class=\"wp-block-themeisle-blocks-slider-item-wrapper glide__slide\" tabindex=\"0\"><figure><img decoding=\"async\" class=\"wp-block-themeisle-blocks-slider-item\" src=\"http:\/\/coelloglobal.com\/wp-content\/uploads\/2021\/06\/WhatsApp-Image-2021-06-10-at-14.33.31-6-1.jpeg\" alt=\"\" title=\"\" data-id=\"738\"\/><\/figure><\/div><div class=\"wp-block-themeisle-blocks-slider-item-wrapper glide__slide\" tabindex=\"0\"><figure><img decoding=\"async\" class=\"wp-block-themeisle-blocks-slider-item\" src=\"http:\/\/coelloglobal.com\/wp-content\/uploads\/2021\/06\/WhatsApp-Image-2021-06-10-at-14.33.31-7.jpeg\" alt=\"\" title=\"\" data-id=\"739\"\/><\/figure><\/div><div class=\"wp-block-themeisle-blocks-slider-item-wrapper glide__slide\" tabindex=\"0\"><figure><img decoding=\"async\" class=\"wp-block-themeisle-blocks-slider-item\" src=\"http:\/\/coelloglobal.com\/wp-content\/uploads\/2021\/06\/WhatsApp-Image-2021-06-10-at-14.33.32-1-1.jpeg\" alt=\"\" title=\"\" data-id=\"740\"\/><\/figure><\/div><div class=\"wp-block-themeisle-blocks-slider-item-wrapper glide__slide\" tabindex=\"0\"><figure><img decoding=\"async\" class=\"wp-block-themeisle-blocks-slider-item\" src=\"http:\/\/coelloglobal.com\/wp-content\/uploads\/2021\/06\/WhatsApp-Image-2021-06-10-at-14.33.32-2-1.jpeg\" alt=\"\" title=\"\" data-id=\"741\"\/><\/figure><\/div><div class=\"wp-block-themeisle-blocks-slider-item-wrapper glide__slide\" tabindex=\"0\"><figure><img decoding=\"async\" class=\"wp-block-themeisle-blocks-slider-item\" src=\"http:\/\/coelloglobal.com\/wp-content\/uploads\/2021\/06\/WhatsApp-Image-2021-06-10-at-14.33.32-3-1.jpeg\" alt=\"\" title=\"\" data-id=\"742\"\/><\/figure><\/div><div class=\"wp-block-themeisle-blocks-slider-item-wrapper glide__slide\" tabindex=\"0\"><figure><img decoding=\"async\" class=\"wp-block-themeisle-blocks-slider-item\" src=\"http:\/\/coelloglobal.com\/wp-content\/uploads\/2021\/06\/WhatsApp-Image-2021-06-10-at-14.33.32-4-1.jpeg\" alt=\"\" title=\"\" data-id=\"743\"\/><\/figure><\/div><div class=\"wp-block-themeisle-blocks-slider-item-wrapper glide__slide\" tabindex=\"0\"><figure><img decoding=\"async\" class=\"wp-block-themeisle-blocks-slider-item\" src=\"http:\/\/coelloglobal.com\/wp-content\/uploads\/2021\/06\/WhatsApp-Image-2021-06-10-at-14.33.32-5-1.jpeg\" alt=\"\" title=\"\" data-id=\"744\"\/><\/figure><\/div><div class=\"wp-block-themeisle-blocks-slider-item-wrapper glide__slide\" tabindex=\"0\"><figure><img decoding=\"async\" class=\"wp-block-themeisle-blocks-slider-item\" src=\"http:\/\/coelloglobal.com\/wp-content\/uploads\/2021\/06\/WhatsApp-Image-2021-06-10-at-14.33.32-6.jpeg\" alt=\"\" title=\"\" data-id=\"745\"\/><\/figure><\/div><div class=\"wp-block-themeisle-blocks-slider-item-wrapper glide__slide\" tabindex=\"0\"><figure><img decoding=\"async\" class=\"wp-block-themeisle-blocks-slider-item\" src=\"http:\/\/coelloglobal.com\/wp-content\/uploads\/2021\/06\/WhatsApp-Image-2021-06-10-at-14.33.33-1.jpeg\" alt=\"\" title=\"\" data-id=\"746\"\/><\/figure><\/div><div class=\"wp-block-themeisle-blocks-slider-item-wrapper glide__slide\" tabindex=\"0\"><figure><img decoding=\"async\" class=\"wp-block-themeisle-blocks-slider-item\" src=\"http:\/\/coelloglobal.com\/wp-content\/uploads\/2021\/06\/WhatsApp-Image-2021-06-10-at-14.33.34-1-1.jpeg\" alt=\"\" title=\"\" data-id=\"747\"\/><\/figure><\/div><div class=\"wp-block-themeisle-blocks-slider-item-wrapper glide__slide\" tabindex=\"0\"><figure><img decoding=\"async\" class=\"wp-block-themeisle-blocks-slider-item\" src=\"http:\/\/coelloglobal.com\/wp-content\/uploads\/2021\/06\/WhatsApp-Image-2021-06-10-at-14.33.34-2-1.jpeg\" alt=\"\" title=\"\" data-id=\"748\"\/><\/figure><\/div><div class=\"wp-block-themeisle-blocks-slider-item-wrapper glide__slide\" tabindex=\"0\"><figure><img decoding=\"async\" class=\"wp-block-themeisle-blocks-slider-item\" src=\"http:\/\/coelloglobal.com\/wp-content\/uploads\/2021\/06\/WhatsApp-Image-2021-06-10-at-14.33.34-3.jpeg\" alt=\"\" title=\"\" data-id=\"749\"\/><\/figure><\/div><\/div><div class=\"glide__arrows\" data-glide-el=\"controls\"><button class=\"glide__arrow glide__arrow--left\" data-glide-dir=\"<\"><svg xmlns=\"http:\/\/www.w3.org\/2000\/svg\" width=\"18\" height=\"18\" viewbox=\"0 0 100 100\" role=\"img\" aria-hidden=\"true\" focusable=\"false\"><path d=\"M 10,50 L 60,100 L 70,90 L 30,50  L 70,10 L 60,0 Z\"><\/path><\/svg><\/button><button class=\"glide__arrow glide__arrow--right\" data-glide-dir=\"&gt;\"><svg xmlns=\"http:\/\/www.w3.org\/2000\/svg\" width=\"18\" height=\"18\" viewbox=\"0 0 100 100\" role=\"img\" aria-hidden=\"true\" focusable=\"false\"><path d=\"M 10,50 L 60,100 L 70,90 L 30,50  L 70,10 L 60,0 Z\"><\/path><\/svg><\/button><\/div><div class=\"glide__bullets\" data-glide-el=\"controls[nav]\"><button class=\"glide__bullet\" data-glide-dir=\"=0\"><\/button><button class=\"glide__bullet\" data-glide-dir=\"=1\"><\/button><button class=\"glide__bullet\" data-glide-dir=\"=2\"><\/button><button class=\"glide__bullet\" data-glide-dir=\"=3\"><\/button><button class=\"glide__bullet\" data-glide-dir=\"=4\"><\/button><button class=\"glide__bullet\" data-glide-dir=\"=5\"><\/button><button class=\"glide__bullet\" data-glide-dir=\"=6\"><\/button><button class=\"glide__bullet\" data-glide-dir=\"=7\"><\/button><button class=\"glide__bullet\" data-glide-dir=\"=8\"><\/button><button class=\"glide__bullet\" data-glide-dir=\"=9\"><\/button><button class=\"glide__bullet\" data-glide-dir=\"=10\"><\/button><button class=\"glide__bullet\" data-glide-dir=\"=11\"><\/button><button class=\"glide__bullet\" data-glide-dir=\"=12\"><\/button><button class=\"glide__bullet\" data-glide-dir=\"=13\"><\/button><button class=\"glide__bullet\" data-glide-dir=\"=14\"><\/button><button class=\"glide__bullet\" data-glide-dir=\"=15\"><\/button><button class=\"glide__bullet\" data-glide-dir=\"=16\"><\/button><button class=\"glide__bullet\" data-glide-dir=\"=17\"><\/button><button class=\"glide__bullet\" data-glide-dir=\"=18\"><\/button><button class=\"glide__bullet\" data-glide-dir=\"=19\"><\/button><button class=\"glide__bullet\" data-glide-dir=\"=20\"><\/button><button class=\"glide__bullet\" data-glide-dir=\"=21\"><\/button><button class=\"glide__bullet\" data-glide-dir=\"=22\"><\/button><button class=\"glide__bullet\" data-glide-dir=\"=23\"><\/button><button class=\"glide__bullet\" data-glide-dir=\"=24\"><\/button><\/div><\/div><\/div>\n\n\n\n<p>70 m2 &#8211; 2 hab &#8211; 319.000 \u20ac<\/p>\n\n\n\n<p>\n\nEspectacular oportunidad de compra de inmueble en una de las zonas mas buscadas de Barcelona por su proximidad a la playa a tan solo 5 minutos a pie del Mar en la codiciada Vila Ol\u00edmpica. La propiedad se encuentra localizada cerca del espectacular parque de la Ciudadela y a 7 minutos a pie a la Basilla de la Sagrada Familia.<\/p>\n\n\n\n<p>Propiedad totalmente reformada a estrenar con acabados de dise\u00f1o y de alta calidad.<br>Inmueble est\u00e1 situado en una finca joven con ascensor y con orientaci\u00f3n sur este.<\/p>\n\n\n\n<p>Propiedad de 70 m2, exterior, consta de 2 habitaciones, una de ellas con armario empotrado, sal\u00f3n comedor con salida a un amplio balc\u00f3n que cabe una mesa con dos sillas, cocina tipo americana equipada con electrodom\u00e9sticos (placa de inducci\u00f3n, horno-microondas, lavavajillas, nevera), ba\u00f1o completo, patio, aire acondicionado con bomba de fr\u00edo\/calor, suelos de parquet, puertas blancas de madera, ventanas de aluminio doble cristal.<\/p>\n\n\n\n<p>No dudes en venir a visitar lo.<\/p>\n\n\n\n<p>Coello Global Financiamiento: Te proporcionamos asesoramiento financiero y te ayudamos a conseguir financiamiento para la adquisici\u00f3n de tu inmueble, para m\u00e1s informaci\u00f3n cont\u00e1ctanos. <\/p>\n\n\n\n<p> <strong>CARACTER\u00cdSTICAS B\u00c1SICAS DEL INMUEBLE<\/strong>  <\/p>\n\n\n\n<ul class=\"wp-block-list\"><li>70 m\u00b2 construidos &#8211; 65 \u00fatiles <\/li><li>2 habitaciones <\/li><li>Comedor <\/li><li>Sal\u00f3n con salida a balc\u00f3n<\/li><li>Cocina equipada con electrodom\u00e9sticos <\/li><li>1 ba\u00f1o<\/li><li>Construido en 1968<\/li><li>1\u00aa planta real &#8211; exterior <\/li><li>Muy Luminoso <\/li><li>Ascensor<\/li><li>Reformado a estrenar <\/li><\/ul>\n\n\n\n<p>Coello Global Financiamiento: Te proporcionamos asesoramiento financiero y te ayudamos a conseguir financiamiento para la adquisici\u00f3n de tu inmueble, para m\u00e1s informaci\u00f3n cont\u00e1ctanos.  <\/p>\n","protected":false},"excerpt":{"rendered":"<p>Piso reformado en venta en La Vila Ol\u00edmpica del Poblenou, Barcelona 70 m2 &#8211; 2 hab &#8211; 319.000 \u20ac Espectacular oportunidad de compra de inmueble en una de las zonas mas buscadas de Barcelona por su proximidad a la playa a tan solo 5 minutos a pie del Mar en la codiciada Vila Ol\u00edmpica. La &hellip; <\/p>\n<p class=\"link-more\"><a href=\"https:\/\/coelloglobal.com\/index.php\/fantastico-piso-en-venta-calle-marina-327-000-e\/\" class=\"more-link\">Continue reading<span class=\"screen-reader-text\"> &#8220;Venta piso Barcelona  319.000 \u20ac Ref: CG0010&#8221;<\/span><\/a><\/p>\n","protected":false},"author":1,"featured_media":0,"parent":0,"menu_order":0,"comment_status":"closed","ping_status":"closed","template":"","meta":{"footnotes":""},"class_list":["post-697","page","type-page","status-publish","hentry"],"_links":{"self":[{"href":"https:\/\/coelloglobal.com\/index.php\/wp-json\/wp\/v2\/pages\/697","targetHints":{"allow":["GET"]}}],"collection":[{"href":"https:\/\/coelloglobal.com\/index.php\/wp-json\/wp\/v2\/pages"}],"about":[{"href":"https:\/\/coelloglobal.com\/index.php\/wp-json\/wp\/v2\/types\/page"}],"author":[{"embeddable":true,"href":"https:\/\/coelloglobal.com\/index.php\/wp-json\/wp\/v2\/users\/1"}],"replies":[{"embeddable":true,"href":"https:\/\/coelloglobal.com\/index.php\/wp-json\/wp\/v2\/comments?post=697"}],"version-history":[{"count":6,"href":"https:\/\/coelloglobal.com\/index.php\/wp-json\/wp\/v2\/pages\/697\/revisions"}],"predecessor-version":[{"id":3162,"href":"https:\/\/coelloglobal.com\/index.php\/wp-json\/wp\/v2\/pages\/697\/revisions\/3162"}],"wp:attachment":[{"href":"https:\/\/coelloglobal.com\/index.php\/wp-json\/wp\/v2\/media?parent=697"}],"curies":[{"name":"wp","href":"https:\/\/api.w.org\/{rel}","templated":true}]}}