{"id":764,"date":"2021-06-17T22:03:15","date_gmt":"2021-06-17T22:03:15","guid":{"rendered":"http:\/\/coelloglobal.com\/?page_id=764"},"modified":"2023-10-11T15:34:22","modified_gmt":"2023-10-11T15:34:22","slug":"venta-piso-reformado-en-calle-praga-359-000-e","status":"publish","type":"page","link":"https:\/\/coelloglobal.com\/index.php\/venta-piso-reformado-en-calle-praga-359-000-e\/","title":{"rendered":"Venta piso Reformado en Calle Praga 359.000 \u20ac Ref: CG 0012"},"content":{"rendered":"\n<p>Fant\u00e1stico inmueble ubicado en la zona de El Baix Guinard\u00f3, Barcelona.<\/p>\n\n\n\n<div id=\"wp-block-themeisle-blocks-slider-d3b1bf94\" class=\"wp-block-themeisle-blocks-slider glide\" data-per-view=\"1\" data-gap=\"0\" data-peek=\"0\" data-autoplay=\"true\" data-height=\"400px\"><div class=\"glide__track\" data-glide-el=\"track\"><div class=\"glide__slides\"><div class=\"wp-block-themeisle-blocks-slider-item-wrapper glide__slide\" tabindex=\"0\"><figure><img decoding=\"async\" class=\"wp-block-themeisle-blocks-slider-item\" src=\"http:\/\/coelloglobal.com\/wp-content\/uploads\/2021\/06\/WhatsApp-Image-2021-06-17-at-23.11.50-1.jpeg\" alt=\"\" title=\"\" data-id=\"765\"\/><\/figure><\/div><div class=\"wp-block-themeisle-blocks-slider-item-wrapper glide__slide\" tabindex=\"0\"><figure><img decoding=\"async\" class=\"wp-block-themeisle-blocks-slider-item\" src=\"http:\/\/coelloglobal.com\/wp-content\/uploads\/2021\/06\/WhatsApp-Image-2021-06-17-at-23.11.50-2.jpeg\" alt=\"\" title=\"\" data-id=\"766\"\/><\/figure><\/div><div class=\"wp-block-themeisle-blocks-slider-item-wrapper glide__slide\" tabindex=\"0\"><figure><img decoding=\"async\" class=\"wp-block-themeisle-blocks-slider-item\" src=\"http:\/\/coelloglobal.com\/wp-content\/uploads\/2021\/06\/WhatsApp-Image-2021-06-17-at-23.11.50.jpeg\" alt=\"\" title=\"\" data-id=\"767\"\/><\/figure><\/div><div class=\"wp-block-themeisle-blocks-slider-item-wrapper glide__slide\" tabindex=\"0\"><figure><img decoding=\"async\" class=\"wp-block-themeisle-blocks-slider-item\" src=\"http:\/\/coelloglobal.com\/wp-content\/uploads\/2021\/06\/WhatsApp-Image-2021-06-17-at-23.11.51-1.jpeg\" alt=\"\" title=\"\" data-id=\"768\"\/><\/figure><\/div><div class=\"wp-block-themeisle-blocks-slider-item-wrapper glide__slide\" tabindex=\"0\"><figure><img decoding=\"async\" class=\"wp-block-themeisle-blocks-slider-item\" src=\"http:\/\/coelloglobal.com\/wp-content\/uploads\/2021\/06\/WhatsApp-Image-2021-06-17-at-23.11.51-2.jpeg\" alt=\"\" title=\"\" data-id=\"769\"\/><\/figure><\/div><div class=\"wp-block-themeisle-blocks-slider-item-wrapper glide__slide\" tabindex=\"0\"><figure><img decoding=\"async\" class=\"wp-block-themeisle-blocks-slider-item\" src=\"http:\/\/coelloglobal.com\/wp-content\/uploads\/2021\/06\/WhatsApp-Image-2021-06-17-at-23.11.51.jpeg\" alt=\"\" title=\"\" data-id=\"770\"\/><\/figure><\/div><div class=\"wp-block-themeisle-blocks-slider-item-wrapper glide__slide\" tabindex=\"0\"><figure><img decoding=\"async\" class=\"wp-block-themeisle-blocks-slider-item\" src=\"http:\/\/coelloglobal.com\/wp-content\/uploads\/2021\/06\/WhatsApp-Image-2021-06-17-at-23.11.52-1.jpeg\" alt=\"\" title=\"\" data-id=\"771\"\/><\/figure><\/div><div class=\"wp-block-themeisle-blocks-slider-item-wrapper glide__slide\" tabindex=\"0\"><figure><img decoding=\"async\" class=\"wp-block-themeisle-blocks-slider-item\" src=\"http:\/\/coelloglobal.com\/wp-content\/uploads\/2021\/06\/WhatsApp-Image-2021-06-17-at-23.11.52-2.jpeg\" alt=\"\" title=\"\" data-id=\"772\"\/><\/figure><\/div><div class=\"wp-block-themeisle-blocks-slider-item-wrapper glide__slide\" tabindex=\"0\"><figure><img decoding=\"async\" class=\"wp-block-themeisle-blocks-slider-item\" src=\"http:\/\/coelloglobal.com\/wp-content\/uploads\/2021\/06\/WhatsApp-Image-2021-06-17-at-23.11.52-3.jpeg\" alt=\"\" title=\"\" data-id=\"773\"\/><\/figure><\/div><div class=\"wp-block-themeisle-blocks-slider-item-wrapper glide__slide\" tabindex=\"0\"><figure><img decoding=\"async\" class=\"wp-block-themeisle-blocks-slider-item\" src=\"http:\/\/coelloglobal.com\/wp-content\/uploads\/2021\/06\/WhatsApp-Image-2021-06-17-at-23.11.52-4.jpeg\" alt=\"\" title=\"\" data-id=\"774\"\/><\/figure><\/div><div class=\"wp-block-themeisle-blocks-slider-item-wrapper glide__slide\" tabindex=\"0\"><figure><img decoding=\"async\" class=\"wp-block-themeisle-blocks-slider-item\" src=\"http:\/\/coelloglobal.com\/wp-content\/uploads\/2021\/06\/WhatsApp-Image-2021-06-17-at-23.11.52-5.jpeg\" alt=\"\" title=\"\" data-id=\"775\"\/><\/figure><\/div><div class=\"wp-block-themeisle-blocks-slider-item-wrapper glide__slide\" tabindex=\"0\"><figure><img decoding=\"async\" class=\"wp-block-themeisle-blocks-slider-item\" src=\"http:\/\/coelloglobal.com\/wp-content\/uploads\/2021\/06\/WhatsApp-Image-2021-06-17-at-23.11.52-6.jpeg\" alt=\"\" title=\"\" data-id=\"776\"\/><\/figure><\/div><div class=\"wp-block-themeisle-blocks-slider-item-wrapper glide__slide\" tabindex=\"0\"><figure><img decoding=\"async\" class=\"wp-block-themeisle-blocks-slider-item\" src=\"http:\/\/coelloglobal.com\/wp-content\/uploads\/2021\/06\/WhatsApp-Image-2021-06-17-at-23.11.52-7.jpeg\" alt=\"\" title=\"\" data-id=\"777\"\/><\/figure><\/div><div class=\"wp-block-themeisle-blocks-slider-item-wrapper glide__slide\" tabindex=\"0\"><figure><img decoding=\"async\" class=\"wp-block-themeisle-blocks-slider-item\" src=\"http:\/\/coelloglobal.com\/wp-content\/uploads\/2021\/06\/WhatsApp-Image-2021-06-17-at-23.11.52-8.jpeg\" alt=\"\" title=\"\" data-id=\"778\"\/><\/figure><\/div><div class=\"wp-block-themeisle-blocks-slider-item-wrapper glide__slide\" tabindex=\"0\"><figure><img decoding=\"async\" class=\"wp-block-themeisle-blocks-slider-item\" src=\"http:\/\/coelloglobal.com\/wp-content\/uploads\/2021\/06\/WhatsApp-Image-2021-06-17-at-23.11.52-9.jpeg\" alt=\"\" title=\"\" data-id=\"779\"\/><\/figure><\/div><div class=\"wp-block-themeisle-blocks-slider-item-wrapper glide__slide\" tabindex=\"0\"><figure><img decoding=\"async\" class=\"wp-block-themeisle-blocks-slider-item\" src=\"http:\/\/coelloglobal.com\/wp-content\/uploads\/2021\/06\/WhatsApp-Image-2021-06-17-at-23.11.52.jpeg\" alt=\"\" title=\"\" data-id=\"780\"\/><\/figure><\/div><div class=\"wp-block-themeisle-blocks-slider-item-wrapper glide__slide\" tabindex=\"0\"><figure><img decoding=\"async\" class=\"wp-block-themeisle-blocks-slider-item\" src=\"http:\/\/coelloglobal.com\/wp-content\/uploads\/2021\/06\/WhatsApp-Image-2021-06-17-at-23.11.53-1.jpeg\" alt=\"\" title=\"\" data-id=\"781\"\/><\/figure><\/div><div class=\"wp-block-themeisle-blocks-slider-item-wrapper glide__slide\" tabindex=\"0\"><figure><img decoding=\"async\" class=\"wp-block-themeisle-blocks-slider-item\" src=\"http:\/\/coelloglobal.com\/wp-content\/uploads\/2021\/06\/WhatsApp-Image-2021-06-17-at-23.11.53-2.jpeg\" alt=\"\" title=\"\" data-id=\"782\"\/><\/figure><\/div><div class=\"wp-block-themeisle-blocks-slider-item-wrapper glide__slide\" tabindex=\"0\"><figure><img decoding=\"async\" class=\"wp-block-themeisle-blocks-slider-item\" src=\"http:\/\/coelloglobal.com\/wp-content\/uploads\/2021\/06\/WhatsApp-Image-2021-06-17-at-23.11.53-3.jpeg\" alt=\"\" title=\"\" data-id=\"783\"\/><\/figure><\/div><div class=\"wp-block-themeisle-blocks-slider-item-wrapper glide__slide\" tabindex=\"0\"><figure><img decoding=\"async\" class=\"wp-block-themeisle-blocks-slider-item\" src=\"http:\/\/coelloglobal.com\/wp-content\/uploads\/2021\/06\/WhatsApp-Image-2021-06-17-at-23.11.53-4.jpeg\" alt=\"\" title=\"\" data-id=\"784\"\/><\/figure><\/div><div class=\"wp-block-themeisle-blocks-slider-item-wrapper glide__slide\" tabindex=\"0\"><figure><img decoding=\"async\" class=\"wp-block-themeisle-blocks-slider-item\" src=\"http:\/\/coelloglobal.com\/wp-content\/uploads\/2021\/06\/WhatsApp-Image-2021-06-17-at-23.11.53-5.jpeg\" alt=\"\" title=\"\" data-id=\"785\"\/><\/figure><\/div><div class=\"wp-block-themeisle-blocks-slider-item-wrapper glide__slide\" tabindex=\"0\"><figure><img decoding=\"async\" class=\"wp-block-themeisle-blocks-slider-item\" src=\"http:\/\/coelloglobal.com\/wp-content\/uploads\/2021\/06\/WhatsApp-Image-2021-06-17-at-23.11.53-6.jpeg\" alt=\"\" title=\"\" data-id=\"786\"\/><\/figure><\/div><div class=\"wp-block-themeisle-blocks-slider-item-wrapper glide__slide\" tabindex=\"0\"><figure><img decoding=\"async\" class=\"wp-block-themeisle-blocks-slider-item\" src=\"http:\/\/coelloglobal.com\/wp-content\/uploads\/2021\/06\/WhatsApp-Image-2021-06-17-at-23.11.53-7.jpeg\" alt=\"\" title=\"\" data-id=\"787\"\/><\/figure><\/div><div class=\"wp-block-themeisle-blocks-slider-item-wrapper glide__slide\" tabindex=\"0\"><figure><img decoding=\"async\" class=\"wp-block-themeisle-blocks-slider-item\" src=\"http:\/\/coelloglobal.com\/wp-content\/uploads\/2021\/06\/WhatsApp-Image-2021-06-17-at-23.11.53-8.jpeg\" alt=\"\" title=\"\" data-id=\"788\"\/><\/figure><\/div><div class=\"wp-block-themeisle-blocks-slider-item-wrapper glide__slide\" tabindex=\"0\"><figure><img decoding=\"async\" class=\"wp-block-themeisle-blocks-slider-item\" src=\"http:\/\/coelloglobal.com\/wp-content\/uploads\/2021\/06\/WhatsApp-Image-2021-06-17-at-23.11.53.jpeg\" alt=\"\" title=\"\" data-id=\"789\"\/><\/figure><\/div><div class=\"wp-block-themeisle-blocks-slider-item-wrapper glide__slide\" tabindex=\"0\"><figure><img decoding=\"async\" class=\"wp-block-themeisle-blocks-slider-item\" src=\"http:\/\/coelloglobal.com\/wp-content\/uploads\/2021\/06\/WhatsApp-Image-2021-06-17-at-23.11.54-1.jpeg\" alt=\"\" title=\"\" data-id=\"790\"\/><\/figure><\/div><div class=\"wp-block-themeisle-blocks-slider-item-wrapper glide__slide\" tabindex=\"0\"><figure><img decoding=\"async\" class=\"wp-block-themeisle-blocks-slider-item\" src=\"http:\/\/coelloglobal.com\/wp-content\/uploads\/2021\/06\/WhatsApp-Image-2021-06-17-at-23.11.54-2.jpeg\" alt=\"\" title=\"\" data-id=\"791\"\/><\/figure><\/div><div class=\"wp-block-themeisle-blocks-slider-item-wrapper glide__slide\" tabindex=\"0\"><figure><img decoding=\"async\" class=\"wp-block-themeisle-blocks-slider-item\" src=\"http:\/\/coelloglobal.com\/wp-content\/uploads\/2021\/06\/WhatsApp-Image-2021-06-17-at-23.11.54-3.jpeg\" alt=\"\" title=\"\" data-id=\"792\"\/><\/figure><\/div><div class=\"wp-block-themeisle-blocks-slider-item-wrapper glide__slide\" tabindex=\"0\"><figure><img decoding=\"async\" class=\"wp-block-themeisle-blocks-slider-item\" src=\"http:\/\/coelloglobal.com\/wp-content\/uploads\/2021\/06\/WhatsApp-Image-2021-06-17-at-23.11.54-4.jpeg\" alt=\"\" title=\"\" data-id=\"793\"\/><\/figure><\/div><div class=\"wp-block-themeisle-blocks-slider-item-wrapper glide__slide\" tabindex=\"0\"><figure><img decoding=\"async\" class=\"wp-block-themeisle-blocks-slider-item\" src=\"http:\/\/coelloglobal.com\/wp-content\/uploads\/2021\/06\/WhatsApp-Image-2021-06-17-at-23.11.54.jpeg\" alt=\"\" title=\"\" data-id=\"794\"\/><\/figure><\/div><\/div><div class=\"glide__arrows\" data-glide-el=\"controls\"><button class=\"glide__arrow glide__arrow--left\" data-glide-dir=\"<\"><svg xmlns=\"http:\/\/www.w3.org\/2000\/svg\" width=\"18\" height=\"18\" viewbox=\"0 0 100 100\" role=\"img\" aria-hidden=\"true\" focusable=\"false\"><path d=\"M 10,50 L 60,100 L 70,90 L 30,50  L 70,10 L 60,0 Z\"><\/path><\/svg><\/button><button class=\"glide__arrow glide__arrow--right\" data-glide-dir=\"&gt;\"><svg xmlns=\"http:\/\/www.w3.org\/2000\/svg\" width=\"18\" height=\"18\" viewbox=\"0 0 100 100\" role=\"img\" aria-hidden=\"true\" focusable=\"false\"><path d=\"M 10,50 L 60,100 L 70,90 L 30,50  L 70,10 L 60,0 Z\"><\/path><\/svg><\/button><\/div><div class=\"glide__bullets\" data-glide-el=\"controls[nav]\"><button class=\"glide__bullet\" data-glide-dir=\"=0\"><\/button><button class=\"glide__bullet\" data-glide-dir=\"=1\"><\/button><button class=\"glide__bullet\" data-glide-dir=\"=2\"><\/button><button class=\"glide__bullet\" data-glide-dir=\"=3\"><\/button><button class=\"glide__bullet\" data-glide-dir=\"=4\"><\/button><button class=\"glide__bullet\" data-glide-dir=\"=5\"><\/button><button class=\"glide__bullet\" data-glide-dir=\"=6\"><\/button><button class=\"glide__bullet\" data-glide-dir=\"=7\"><\/button><button class=\"glide__bullet\" data-glide-dir=\"=8\"><\/button><button class=\"glide__bullet\" data-glide-dir=\"=9\"><\/button><button class=\"glide__bullet\" data-glide-dir=\"=10\"><\/button><button class=\"glide__bullet\" data-glide-dir=\"=11\"><\/button><button class=\"glide__bullet\" data-glide-dir=\"=12\"><\/button><button class=\"glide__bullet\" data-glide-dir=\"=13\"><\/button><button class=\"glide__bullet\" data-glide-dir=\"=14\"><\/button><button class=\"glide__bullet\" data-glide-dir=\"=15\"><\/button><button class=\"glide__bullet\" data-glide-dir=\"=16\"><\/button><button class=\"glide__bullet\" data-glide-dir=\"=17\"><\/button><button class=\"glide__bullet\" data-glide-dir=\"=18\"><\/button><button class=\"glide__bullet\" data-glide-dir=\"=19\"><\/button><button class=\"glide__bullet\" data-glide-dir=\"=20\"><\/button><button class=\"glide__bullet\" data-glide-dir=\"=21\"><\/button><button class=\"glide__bullet\" data-glide-dir=\"=22\"><\/button><button class=\"glide__bullet\" data-glide-dir=\"=23\"><\/button><button class=\"glide__bullet\" data-glide-dir=\"=24\"><\/button><button class=\"glide__bullet\" data-glide-dir=\"=25\"><\/button><button class=\"glide__bullet\" data-glide-dir=\"=26\"><\/button><button class=\"glide__bullet\" data-glide-dir=\"=27\"><\/button><button class=\"glide__bullet\" data-glide-dir=\"=28\"><\/button><button class=\"glide__bullet\" data-glide-dir=\"=29\"><\/button><\/div><\/div><\/div>\n\n\n\n<p>95 m2 &#8211; 3 hab &#8211; 359.000 \u20ac<\/p>\n\n\n\n<p>Oportunidad, fant\u00e1stico inmueble\nubicado en la zona de El Baix Guinard\u00f3, Barcelona.<\/p>\n\n\n\n<p>Propiedad totalmente\nreformada a estrenar con acabados de dise\u00f1o y de alta calidad.<\/p>\n\n\n\n<p>Propiedad de 95 m2,\nexterior, consta de 3 habitaciones con armarios empotrados, dos de ellas dobles\ncon vistas al parque, amplio sal\u00f3n con vistas al parque, comedor espacioso,\ncocina cl\u00e1sica equipada con placa de inducci\u00f3n, horno, tiene espacios para la colocaci\u00f3n\nde lavavajillas, nevera, lavadora, ba\u00f1o completo, calefacci\u00f3n a gas natural,\nsuelos de parquet, puertas de madera, ventanas de aluminio doble cristal, persianas\nel\u00e9ctricas. <\/p>\n\n\n\n<p>El inmueble est\u00e1 situado en una finca joven con ascensor, acceso adaptado a personas con movilidad reducida, con orientaci\u00f3n sur este, cerca de metro, parada de buses, comercios, supermercados. <\/p>\n\n\n\n<p> <strong>CARACTER\u00cdSTICAS B\u00c1SICAS DEL INMUEBLE<\/strong>  <\/p>\n\n\n\n<ul class=\"wp-block-list\"><li>95 m\u00b2 construidos &#8211; 85 \u00fatiles <\/li><li>3 habitaciones &#8211; 2 dobles<\/li><li>Comedor <\/li><li>Sal\u00f3n <\/li><li>Cocina equipada con electrodom\u00e9sticos <\/li><li>1 ba\u00f1o<\/li><li>Construido en 1951<\/li><li>2\u00aa planta &#8211; exterior <\/li><li>calefacci\u00f3n gas natural<\/li><li>Muy Luminoso <\/li><li>Ascensor<\/li><li>Reformado a estrenar <\/li><\/ul>\n\n\n\n<p>No dudes en venir a\nvisitar lo.<\/p>\n\n\n\n<p>Coello Global Financiamiento: Te proporcionamos asesoramiento financiero y te ayudamos a conseguir financiamiento para la adquisici\u00f3n de tu inmueble, para m\u00e1s informaci\u00f3n cont\u00e1ctanos.<\/p>\n\n\n<p><!--EndFragment--><\/p>","protected":false},"excerpt":{"rendered":"<p>Fant\u00e1stico inmueble ubicado en la zona de El Baix Guinard\u00f3, Barcelona. 95 m2 &#8211; 3 hab &#8211; 359.000 \u20ac Oportunidad, fant\u00e1stico inmueble ubicado en la zona de El Baix Guinard\u00f3, Barcelona. Propiedad totalmente reformada a estrenar con acabados de dise\u00f1o y de alta calidad. Propiedad de 95 m2, exterior, consta de 3 habitaciones con armarios &hellip; <\/p>\n<p class=\"link-more\"><a href=\"https:\/\/coelloglobal.com\/index.php\/venta-piso-reformado-en-calle-praga-359-000-e\/\" class=\"more-link\">Continue reading<span class=\"screen-reader-text\"> &#8220;Venta piso Reformado en Calle Praga 359.000 \u20ac Ref: CG 0012&#8221;<\/span><\/a><\/p>\n","protected":false},"author":1,"featured_media":0,"parent":0,"menu_order":0,"comment_status":"closed","ping_status":"closed","template":"","meta":{"footnotes":""},"class_list":["post-764","page","type-page","status-publish","hentry"],"_links":{"self":[{"href":"https:\/\/coelloglobal.com\/index.php\/wp-json\/wp\/v2\/pages\/764","targetHints":{"allow":["GET"]}}],"collection":[{"href":"https:\/\/coelloglobal.com\/index.php\/wp-json\/wp\/v2\/pages"}],"about":[{"href":"https:\/\/coelloglobal.com\/index.php\/wp-json\/wp\/v2\/types\/page"}],"author":[{"embeddable":true,"href":"https:\/\/coelloglobal.com\/index.php\/wp-json\/wp\/v2\/users\/1"}],"replies":[{"embeddable":true,"href":"https:\/\/coelloglobal.com\/index.php\/wp-json\/wp\/v2\/comments?post=764"}],"version-history":[{"count":2,"href":"https:\/\/coelloglobal.com\/index.php\/wp-json\/wp\/v2\/pages\/764\/revisions"}],"predecessor-version":[{"id":3164,"href":"https:\/\/coelloglobal.com\/index.php\/wp-json\/wp\/v2\/pages\/764\/revisions\/3164"}],"wp:attachment":[{"href":"https:\/\/coelloglobal.com\/index.php\/wp-json\/wp\/v2\/media?parent=764"}],"curies":[{"name":"wp","href":"https:\/\/api.w.org\/{rel}","templated":true}]}}