{"id":811,"date":"2021-06-17T23:29:35","date_gmt":"2021-06-17T23:29:35","guid":{"rendered":"http:\/\/coelloglobal.com\/?page_id=811"},"modified":"2023-10-11T15:33:53","modified_gmt":"2023-10-11T15:33:53","slug":"venta-piso-calle-damposta-barcelona-199-000-e","status":"publish","type":"page","link":"https:\/\/coelloglobal.com\/index.php\/venta-piso-calle-damposta-barcelona-199-000-e\/","title":{"rendered":"Venta piso calle D\u2019Amposta, Barcelona 199.000 \u20ac Ref: CG0011"},"content":{"rendered":"\n<p> Hermoso Piso La Font de la Guatlla, Barcelona 199.000 \u20ac<\/p>\n\n\n\n<div id=\"wp-block-themeisle-blocks-slider-81f5c41e\" class=\"wp-block-themeisle-blocks-slider glide\" data-per-view=\"1\" data-gap=\"0\" data-peek=\"0\" data-autoplay=\"true\" data-height=\"400px\"><div class=\"glide__track\" data-glide-el=\"track\"><div class=\"glide__slides\"><div class=\"wp-block-themeisle-blocks-slider-item-wrapper glide__slide\" tabindex=\"0\"><figure><img decoding=\"async\" class=\"wp-block-themeisle-blocks-slider-item\" src=\"http:\/\/coelloglobal.com\/wp-content\/uploads\/2021\/06\/ba\u00f1o.jpg\" alt=\"\" title=\"\" data-id=\"812\"\/><\/figure><\/div><div class=\"wp-block-themeisle-blocks-slider-item-wrapper glide__slide\" tabindex=\"0\"><figure><img decoding=\"async\" class=\"wp-block-themeisle-blocks-slider-item\" src=\"http:\/\/coelloglobal.com\/wp-content\/uploads\/2021\/06\/ba\u00f1o1.jpg\" alt=\"\" title=\"\" data-id=\"813\"\/><\/figure><\/div><div class=\"wp-block-themeisle-blocks-slider-item-wrapper glide__slide\" tabindex=\"0\"><figure><img decoding=\"async\" class=\"wp-block-themeisle-blocks-slider-item\" src=\"http:\/\/coelloglobal.com\/wp-content\/uploads\/2021\/06\/cocina-salon.jpg\" alt=\"\" title=\"\" data-id=\"814\"\/><\/figure><\/div><div class=\"wp-block-themeisle-blocks-slider-item-wrapper glide__slide\" tabindex=\"0\"><figure><img decoding=\"async\" class=\"wp-block-themeisle-blocks-slider-item\" src=\"http:\/\/coelloglobal.com\/wp-content\/uploads\/2021\/06\/cociona.jpg\" alt=\"\" title=\"\" data-id=\"815\"\/><\/figure><\/div><div class=\"wp-block-themeisle-blocks-slider-item-wrapper glide__slide\" tabindex=\"0\"><figure><img decoding=\"async\" class=\"wp-block-themeisle-blocks-slider-item\" src=\"http:\/\/coelloglobal.com\/wp-content\/uploads\/2021\/06\/comedor-mesa.jpg\" alt=\"\" title=\"\" data-id=\"816\"\/><\/figure><\/div><div class=\"wp-block-themeisle-blocks-slider-item-wrapper glide__slide\" tabindex=\"0\"><figure><img decoding=\"async\" class=\"wp-block-themeisle-blocks-slider-item\" src=\"http:\/\/coelloglobal.com\/wp-content\/uploads\/2021\/06\/dormitorio-1.jpg\" alt=\"\" title=\"\" data-id=\"817\"\/><\/figure><\/div><div class=\"wp-block-themeisle-blocks-slider-item-wrapper glide__slide\" tabindex=\"0\"><figure><img decoding=\"async\" class=\"wp-block-themeisle-blocks-slider-item\" src=\"http:\/\/coelloglobal.com\/wp-content\/uploads\/2021\/06\/dormitorio.jpg\" alt=\"\" title=\"\" data-id=\"818\"\/><\/figure><\/div><div class=\"wp-block-themeisle-blocks-slider-item-wrapper glide__slide\" tabindex=\"0\"><figure><img decoding=\"async\" class=\"wp-block-themeisle-blocks-slider-item\" src=\"http:\/\/coelloglobal.com\/wp-content\/uploads\/2021\/06\/plano-en-tramite.jpeg\" alt=\"\" title=\"\" data-id=\"819\"\/><\/figure><\/div><div class=\"wp-block-themeisle-blocks-slider-item-wrapper glide__slide\" tabindex=\"0\"><figure><img decoding=\"async\" class=\"wp-block-themeisle-blocks-slider-item\" src=\"http:\/\/coelloglobal.com\/wp-content\/uploads\/2021\/06\/salon-1.jpg\" alt=\"\" title=\"\" data-id=\"820\"\/><\/figure><\/div><div class=\"wp-block-themeisle-blocks-slider-item-wrapper glide__slide\" tabindex=\"0\"><figure><img decoding=\"async\" class=\"wp-block-themeisle-blocks-slider-item\" src=\"http:\/\/coelloglobal.com\/wp-content\/uploads\/2021\/06\/salon-exterior.jpg\" alt=\"\" title=\"\" data-id=\"821\"\/><\/figure><\/div><div class=\"wp-block-themeisle-blocks-slider-item-wrapper glide__slide\" tabindex=\"0\"><figure><img decoding=\"async\" class=\"wp-block-themeisle-blocks-slider-item\" src=\"http:\/\/coelloglobal.com\/wp-content\/uploads\/2021\/06\/salon.jpg\" alt=\"\" title=\"\" data-id=\"822\"\/><\/figure><\/div><\/div><div class=\"glide__arrows\" data-glide-el=\"controls\"><button class=\"glide__arrow glide__arrow--left\" data-glide-dir=\"<\"><svg xmlns=\"http:\/\/www.w3.org\/2000\/svg\" width=\"18\" height=\"18\" viewbox=\"0 0 100 100\" role=\"img\" aria-hidden=\"true\" focusable=\"false\"><path d=\"M 10,50 L 60,100 L 70,90 L 30,50  L 70,10 L 60,0 Z\"><\/path><\/svg><\/button><button class=\"glide__arrow glide__arrow--right\" data-glide-dir=\"&gt;\"><svg xmlns=\"http:\/\/www.w3.org\/2000\/svg\" width=\"18\" height=\"18\" viewbox=\"0 0 100 100\" role=\"img\" aria-hidden=\"true\" focusable=\"false\"><path d=\"M 10,50 L 60,100 L 70,90 L 30,50  L 70,10 L 60,0 Z\"><\/path><\/svg><\/button><\/div><div class=\"glide__bullets\" data-glide-el=\"controls[nav]\"><button class=\"glide__bullet\" data-glide-dir=\"=0\"><\/button><button class=\"glide__bullet\" data-glide-dir=\"=1\"><\/button><button class=\"glide__bullet\" data-glide-dir=\"=2\"><\/button><button class=\"glide__bullet\" data-glide-dir=\"=3\"><\/button><button class=\"glide__bullet\" data-glide-dir=\"=4\"><\/button><button class=\"glide__bullet\" data-glide-dir=\"=5\"><\/button><button class=\"glide__bullet\" data-glide-dir=\"=6\"><\/button><button class=\"glide__bullet\" data-glide-dir=\"=7\"><\/button><button class=\"glide__bullet\" data-glide-dir=\"=8\"><\/button><button class=\"glide__bullet\" data-glide-dir=\"=9\"><\/button><button class=\"glide__bullet\" data-glide-dir=\"=10\"><\/button><\/div><\/div><\/div>\n\n\n\n<p>58 m2 &#8211; 2 hab &#8211; 199.000 \u20ac<\/p>\n\n\n\n<p>Venta Hermoso piso Calle D\u2019Amposta,\n<\/p>\n\n\n\n<p>Fant\u00e1stico inmueble ubicado\njunto a Plaza Espa\u00f1a y Montj\u00fcic, Barcelona.<\/p>\n\n\n\n<p>Propiedad reformada para\nentrar a vivir. <\/p>\n\n\n\n<p>Piso de 50 m2, exterior,\nconsta de 2 habitaciones, una de ellas doble, amplio sal\u00f3n con vistas a la calle,\ncocina tipo americana equipada con placa de inducci\u00f3n, horno, microondas,\nnevera, lavadora, ba\u00f1o completo, suelos de parquet, puertas de madera, ventanas\nde aluminio doble cristal. <\/p>\n\n\n\n<p>Es una primera\nplanta real en una finca se\u00f1orial de 1916 con orientaci\u00f3n sur este, cerca de\nmetro, parada de buses, comercios, supermercados. <\/p>\n\n\n\n<p>El piso se encuentra ubicado junto a la Plaza Espa\u00f1a y a la Feria de Barcelona en el barrio de Font de la Guatlla, en la falda de Montj\u00fcic, rodeado de zonas verdes. Se trata de un barrio tranquilo y familiar, con una amplia oferta comercial de supermercados y tiendas de proximidad.<\/p>\n\n\n\n<p> <strong>CARACTER\u00cdSTICAS B\u00c1SICAS DEL INMUEBLE<\/strong>  <\/p>\n\n\n\n<ul class=\"wp-block-list\"><li>58 m\u00b2 construidos &#8211; 52 \u00fatiles <\/li><li>2 habitaciones &#8211; 1 dobles<\/li><li>Comedor <\/li><li>Sal\u00f3n <\/li><li>Cocina equipada con electrodom\u00e9sticos <\/li><li>1 ba\u00f1o<\/li><li>Construido en 1916<\/li><li>1\u00aa planta &#8211; exterior <\/li><li>Calefacci\u00f3n individual el\u00e9ctrica<\/li><li>Muy Luminoso<\/li><li>Reformado  <\/li><\/ul>\n\n\n\n<p>No dudes en venir a\nvisitar lo.<\/p>\n\n\n\n<p>Coello Global\nFinanciamiento: Te proporcionamos asesoramiento financiero y te ayudamos a\nconseguir financiamiento para la adquisici\u00f3n de tu inmueble, para m\u00e1s\ninformaci\u00f3n cont\u00e1ctanos.<\/p>\n","protected":false},"excerpt":{"rendered":"<p>Hermoso Piso La Font de la Guatlla, Barcelona 199.000 \u20ac 58 m2 &#8211; 2 hab &#8211; 199.000 \u20ac Venta Hermoso piso Calle D\u2019Amposta, Fant\u00e1stico inmueble ubicado junto a Plaza Espa\u00f1a y Montj\u00fcic, Barcelona. Propiedad reformada para entrar a vivir. Piso de 50 m2, exterior, consta de 2 habitaciones, una de ellas doble, amplio sal\u00f3n con &hellip; <\/p>\n<p class=\"link-more\"><a href=\"https:\/\/coelloglobal.com\/index.php\/venta-piso-calle-damposta-barcelona-199-000-e\/\" class=\"more-link\">Continue reading<span class=\"screen-reader-text\"> &#8220;Venta piso calle D\u2019Amposta, Barcelona 199.000 \u20ac Ref: CG0011&#8221;<\/span><\/a><\/p>\n","protected":false},"author":1,"featured_media":0,"parent":0,"menu_order":0,"comment_status":"closed","ping_status":"closed","template":"","meta":{"footnotes":""},"class_list":["post-811","page","type-page","status-publish","hentry"],"_links":{"self":[{"href":"https:\/\/coelloglobal.com\/index.php\/wp-json\/wp\/v2\/pages\/811","targetHints":{"allow":["GET"]}}],"collection":[{"href":"https:\/\/coelloglobal.com\/index.php\/wp-json\/wp\/v2\/pages"}],"about":[{"href":"https:\/\/coelloglobal.com\/index.php\/wp-json\/wp\/v2\/types\/page"}],"author":[{"embeddable":true,"href":"https:\/\/coelloglobal.com\/index.php\/wp-json\/wp\/v2\/users\/1"}],"replies":[{"embeddable":true,"href":"https:\/\/coelloglobal.com\/index.php\/wp-json\/wp\/v2\/comments?post=811"}],"version-history":[{"count":3,"href":"https:\/\/coelloglobal.com\/index.php\/wp-json\/wp\/v2\/pages\/811\/revisions"}],"predecessor-version":[{"id":3163,"href":"https:\/\/coelloglobal.com\/index.php\/wp-json\/wp\/v2\/pages\/811\/revisions\/3163"}],"wp:attachment":[{"href":"https:\/\/coelloglobal.com\/index.php\/wp-json\/wp\/v2\/media?parent=811"}],"curies":[{"name":"wp","href":"https:\/\/api.w.org\/{rel}","templated":true}]}}