{"id":883,"date":"2021-06-24T10:14:54","date_gmt":"2021-06-24T10:14:54","guid":{"rendered":"http:\/\/coelloglobal.com\/?page_id=883"},"modified":"2021-07-28T18:22:49","modified_gmt":"2021-07-28T18:22:49","slug":"venta-piso-sagrada-familia-precio-a-consultar","status":"publish","type":"page","link":"https:\/\/coelloglobal.com\/index.php\/venta-piso-sagrada-familia-precio-a-consultar\/","title":{"rendered":"Venta Piso Sagrada Familia 238.000\u20ac"},"content":{"rendered":"\n<p>Oportunidad piso de 50 m2 en calle Sant antoni i maria claret con Cartagena <\/p>\n\n\n\n<div id=\"wp-block-themeisle-blocks-slider-ae03078e\" class=\"wp-block-themeisle-blocks-slider glide\" data-per-view=\"1\" data-gap=\"0\" data-peek=\"0\" data-autoplay=\"true\" data-height=\"400px\"><div class=\"glide__track\" data-glide-el=\"track\"><div class=\"glide__slides\"><div class=\"wp-block-themeisle-blocks-slider-item-wrapper glide__slide\" tabindex=\"0\"><figure><img decoding=\"async\" class=\"wp-block-themeisle-blocks-slider-item\" src=\"http:\/\/coelloglobal.com\/wp-content\/uploads\/2021\/06\/WhatsApp-Image-2021-02-08-at-23.19.04-1-3.jpeg\" alt=\"\" title=\"\" data-id=\"878\"\/><\/figure><\/div><div class=\"wp-block-themeisle-blocks-slider-item-wrapper glide__slide\" tabindex=\"0\"><figure><img decoding=\"async\" class=\"wp-block-themeisle-blocks-slider-item\" src=\"http:\/\/coelloglobal.com\/wp-content\/uploads\/2021\/06\/WhatsApp-Image-2021-02-08-at-23.19.04-1-2.jpeg\" alt=\"\" title=\"\" data-id=\"876\"\/><\/figure><\/div><div class=\"wp-block-themeisle-blocks-slider-item-wrapper glide__slide\" tabindex=\"0\"><figure><img decoding=\"async\" class=\"wp-block-themeisle-blocks-slider-item\" src=\"http:\/\/coelloglobal.com\/wp-content\/uploads\/2021\/06\/WhatsApp-Image-2021-02-08-at-23.19.04.jpeg\" alt=\"\" title=\"\" data-id=\"872\"\/><\/figure><\/div><div class=\"wp-block-themeisle-blocks-slider-item-wrapper glide__slide\" tabindex=\"0\"><figure><img decoding=\"async\" class=\"wp-block-themeisle-blocks-slider-item\" src=\"http:\/\/coelloglobal.com\/wp-content\/uploads\/2021\/06\/WhatsApp-Image-2021-02-08-at-23.19.04-5.jpeg\" alt=\"\" title=\"\" data-id=\"871\"\/><\/figure><\/div><div class=\"wp-block-themeisle-blocks-slider-item-wrapper glide__slide\" tabindex=\"0\"><figure><img decoding=\"async\" class=\"wp-block-themeisle-blocks-slider-item\" src=\"http:\/\/coelloglobal.com\/wp-content\/uploads\/2021\/06\/WhatsApp-Image-2021-02-08-at-23.19.04-4.jpeg\" alt=\"\" title=\"\" data-id=\"870\"\/><\/figure><\/div><div class=\"wp-block-themeisle-blocks-slider-item-wrapper glide__slide\" tabindex=\"0\"><figure><img decoding=\"async\" class=\"wp-block-themeisle-blocks-slider-item\" src=\"http:\/\/coelloglobal.com\/wp-content\/uploads\/2021\/06\/WhatsApp-Image-2021-01-12-at-22.45.45.jpeg\" alt=\"\" title=\"\" data-id=\"865\"\/><\/figure><\/div><div class=\"wp-block-themeisle-blocks-slider-item-wrapper glide__slide\" tabindex=\"0\"><figure><img decoding=\"async\" class=\"wp-block-themeisle-blocks-slider-item\" src=\"http:\/\/coelloglobal.com\/wp-content\/uploads\/2021\/06\/WhatsApp-Image-2021-02-08-at-23.19.03.jpeg\" alt=\"\" title=\"\" data-id=\"866\"\/><\/figure><\/div><div class=\"wp-block-themeisle-blocks-slider-item-wrapper glide__slide\" tabindex=\"0\"><figure><img decoding=\"async\" class=\"wp-block-themeisle-blocks-slider-item\" src=\"http:\/\/coelloglobal.com\/wp-content\/uploads\/2021\/06\/WhatsApp-Image-2021-02-08-at-23.19.04-1-1.jpeg\" alt=\"\" title=\"\" data-id=\"867\"\/><\/figure><\/div><div class=\"wp-block-themeisle-blocks-slider-item-wrapper glide__slide\" tabindex=\"0\"><figure><img decoding=\"async\" class=\"wp-block-themeisle-blocks-slider-item\" src=\"http:\/\/coelloglobal.com\/wp-content\/uploads\/2021\/06\/WhatsApp-Image-2021-02-08-at-23.19.04-2.jpeg\" alt=\"\" title=\"\" data-id=\"868\"\/><\/figure><\/div><div class=\"wp-block-themeisle-blocks-slider-item-wrapper glide__slide\" tabindex=\"0\"><figure><img decoding=\"async\" class=\"wp-block-themeisle-blocks-slider-item\" src=\"http:\/\/coelloglobal.com\/wp-content\/uploads\/2021\/06\/WhatsApp-Image-2021-02-08-at-23.19.04-3.jpeg\" alt=\"\" title=\"\" data-id=\"869\"\/><\/figure><\/div><div class=\"wp-block-themeisle-blocks-slider-item-wrapper glide__slide\" tabindex=\"0\"><figure><img decoding=\"async\" class=\"wp-block-themeisle-blocks-slider-item\" src=\"http:\/\/coelloglobal.com\/wp-content\/uploads\/2021\/06\/WhatsApp-Image-2021-01-12-at-22.45.45-3.jpeg\" alt=\"\" title=\"\" data-id=\"864\"\/><\/figure><\/div><div class=\"wp-block-themeisle-blocks-slider-item-wrapper glide__slide\" tabindex=\"0\"><figure><img decoding=\"async\" class=\"wp-block-themeisle-blocks-slider-item\" src=\"http:\/\/coelloglobal.com\/wp-content\/uploads\/2021\/06\/WhatsApp-Image-2021-01-12-at-22.45.45-2.jpeg\" alt=\"\" title=\"\" data-id=\"863\"\/><\/figure><\/div><div class=\"wp-block-themeisle-blocks-slider-item-wrapper glide__slide\" tabindex=\"0\"><figure><img decoding=\"async\" class=\"wp-block-themeisle-blocks-slider-item\" src=\"http:\/\/coelloglobal.com\/wp-content\/uploads\/2021\/06\/WhatsApp-Image-2021-01-12-at-22.45.45-1.jpeg\" alt=\"\" title=\"\" data-id=\"862\"\/><\/figure><\/div><div class=\"wp-block-themeisle-blocks-slider-item-wrapper glide__slide\" tabindex=\"0\"><figure><img decoding=\"async\" class=\"wp-block-themeisle-blocks-slider-item\" src=\"http:\/\/coelloglobal.com\/wp-content\/uploads\/2021\/06\/WhatsApp-Image-2021-01-12-at-22.45.44.jpeg\" alt=\"\" title=\"\" data-id=\"861\"\/><\/figure><\/div><div class=\"wp-block-themeisle-blocks-slider-item-wrapper glide__slide\" tabindex=\"0\"><figure><img decoding=\"async\" class=\"wp-block-themeisle-blocks-slider-item\" src=\"http:\/\/coelloglobal.com\/wp-content\/uploads\/2021\/06\/recinte-modernista-sant-pau.jpg\" alt=\"\" title=\"\" data-id=\"860\"\/><\/figure><\/div><div class=\"wp-block-themeisle-blocks-slider-item-wrapper glide__slide\" tabindex=\"0\"><figure><img decoding=\"async\" class=\"wp-block-themeisle-blocks-slider-item\" src=\"http:\/\/coelloglobal.com\/wp-content\/uploads\/2021\/06\/IMG-20181006-WA0031.jpg\" alt=\"\" title=\"\" data-id=\"855\"\/><\/figure><\/div><div class=\"wp-block-themeisle-blocks-slider-item-wrapper glide__slide\" tabindex=\"0\"><figure><img decoding=\"async\" class=\"wp-block-themeisle-blocks-slider-item\" src=\"http:\/\/coelloglobal.com\/wp-content\/uploads\/2021\/06\/IMG-20181006-WA0032.jpg\" alt=\"\" title=\"\" data-id=\"856\"\/><\/figure><\/div><div class=\"wp-block-themeisle-blocks-slider-item-wrapper glide__slide\" tabindex=\"0\"><figure><img decoding=\"async\" class=\"wp-block-themeisle-blocks-slider-item\" src=\"http:\/\/coelloglobal.com\/wp-content\/uploads\/2021\/06\/IMG-20181006-WA0033.jpg\" alt=\"\" title=\"\" data-id=\"857\"\/><\/figure><\/div><div class=\"wp-block-themeisle-blocks-slider-item-wrapper glide__slide\" tabindex=\"0\"><figure><img decoding=\"async\" class=\"wp-block-themeisle-blocks-slider-item\" src=\"http:\/\/coelloglobal.com\/wp-content\/uploads\/2021\/06\/IMG-20181006-WA0034.jpg\" alt=\"\" title=\"\" data-id=\"858\"\/><\/figure><\/div><div class=\"wp-block-themeisle-blocks-slider-item-wrapper glide__slide\" tabindex=\"0\"><figure><img decoding=\"async\" class=\"wp-block-themeisle-blocks-slider-item\" src=\"http:\/\/coelloglobal.com\/wp-content\/uploads\/2021\/06\/recinte_modernista_sant_pau_arquitectura_y_empresa_portada.jpg\" alt=\"\" title=\"\" data-id=\"859\"\/><\/figure><\/div><div class=\"wp-block-themeisle-blocks-slider-item-wrapper glide__slide\" tabindex=\"0\"><figure><img decoding=\"async\" class=\"wp-block-themeisle-blocks-slider-item\" src=\"http:\/\/coelloglobal.com\/wp-content\/uploads\/2021\/06\/IMG-20181006-WA0029.jpg\" alt=\"\" title=\"\" data-id=\"854\"\/><\/figure><\/div><div class=\"wp-block-themeisle-blocks-slider-item-wrapper glide__slide\" tabindex=\"0\"><figure><img decoding=\"async\" class=\"wp-block-themeisle-blocks-slider-item\" src=\"http:\/\/coelloglobal.com\/wp-content\/uploads\/2021\/06\/IMG-20181006-WA0028.jpg\" alt=\"\" title=\"\" data-id=\"853\"\/><\/figure><\/div><div class=\"wp-block-themeisle-blocks-slider-item-wrapper glide__slide\" tabindex=\"0\"><figure><img decoding=\"async\" class=\"wp-block-themeisle-blocks-slider-item\" src=\"http:\/\/coelloglobal.com\/wp-content\/uploads\/2021\/06\/IMG-20181006-WA0027.jpg\" alt=\"\" title=\"\" data-id=\"852\"\/><\/figure><\/div><div class=\"wp-block-themeisle-blocks-slider-item-wrapper glide__slide\" tabindex=\"0\"><figure><img decoding=\"async\" class=\"wp-block-themeisle-blocks-slider-item\" src=\"http:\/\/coelloglobal.com\/wp-content\/uploads\/2021\/06\/IMG-20181006-WA0026.jpg\" alt=\"\" title=\"\" data-id=\"850\"\/><\/figure><\/div><div class=\"wp-block-themeisle-blocks-slider-item-wrapper glide__slide\" tabindex=\"0\"><figure><img decoding=\"async\" class=\"wp-block-themeisle-blocks-slider-item\" src=\"http:\/\/coelloglobal.com\/wp-content\/uploads\/2021\/06\/IMG-20181006-WA0025.jpg\" alt=\"\" title=\"\" data-id=\"849\"\/><\/figure><\/div><div class=\"wp-block-themeisle-blocks-slider-item-wrapper glide__slide\" tabindex=\"0\"><figure><img decoding=\"async\" class=\"wp-block-themeisle-blocks-slider-item\" src=\"http:\/\/coelloglobal.com\/wp-content\/uploads\/2021\/06\/IMG-20181006-WA0024.jpg\" alt=\"\" title=\"\" data-id=\"848\"\/><\/figure><\/div><div class=\"wp-block-themeisle-blocks-slider-item-wrapper glide__slide\" tabindex=\"0\"><figure><img decoding=\"async\" class=\"wp-block-themeisle-blocks-slider-item\" src=\"http:\/\/coelloglobal.com\/wp-content\/uploads\/2021\/06\/Avinguda_Gaudi-scaled.jpg\" alt=\"\" title=\"\" data-id=\"847\"\/><\/figure><\/div><div class=\"wp-block-themeisle-blocks-slider-item-wrapper glide__slide\" tabindex=\"0\"><figure><img decoding=\"async\" class=\"wp-block-themeisle-blocks-slider-item\" src=\"http:\/\/coelloglobal.com\/wp-content\/uploads\/2021\/06\/avenida-gaudi-141-apartment-barcelona-terrace5_a.jpg\" alt=\"\" title=\"\" data-id=\"846\"\/><\/figure><\/div><div class=\"wp-block-themeisle-blocks-slider-item-wrapper glide__slide\" tabindex=\"0\"><figure><img decoding=\"async\" class=\"wp-block-themeisle-blocks-slider-item\" src=\"http:\/\/coelloglobal.com\/wp-content\/uploads\/2021\/06\/WhatsApp-Image-2021-02-08-at-23.19.04-1.jpeg\" alt=\"\" title=\"\" data-id=\"845\"\/><\/figure><\/div><\/div><div class=\"glide__arrows\" data-glide-el=\"controls\"><button class=\"glide__arrow glide__arrow--left\" data-glide-dir=\"<\"><svg xmlns=\"http:\/\/www.w3.org\/2000\/svg\" width=\"18\" height=\"18\" viewbox=\"0 0 100 100\" role=\"img\" aria-hidden=\"true\" focusable=\"false\"><path d=\"M 10,50 L 60,100 L 70,90 L 30,50  L 70,10 L 60,0 Z\"><\/path><\/svg><\/button><button class=\"glide__arrow glide__arrow--right\" data-glide-dir=\"&gt;\"><svg xmlns=\"http:\/\/www.w3.org\/2000\/svg\" width=\"18\" height=\"18\" viewbox=\"0 0 100 100\" role=\"img\" aria-hidden=\"true\" focusable=\"false\"><path d=\"M 10,50 L 60,100 L 70,90 L 30,50  L 70,10 L 60,0 Z\"><\/path><\/svg><\/button><\/div><div class=\"glide__bullets\" data-glide-el=\"controls[nav]\"><button class=\"glide__bullet\" data-glide-dir=\"=0\"><\/button><button class=\"glide__bullet\" data-glide-dir=\"=1\"><\/button><button class=\"glide__bullet\" data-glide-dir=\"=2\"><\/button><button class=\"glide__bullet\" data-glide-dir=\"=3\"><\/button><button class=\"glide__bullet\" data-glide-dir=\"=4\"><\/button><button class=\"glide__bullet\" data-glide-dir=\"=5\"><\/button><button class=\"glide__bullet\" data-glide-dir=\"=6\"><\/button><button class=\"glide__bullet\" data-glide-dir=\"=7\"><\/button><button class=\"glide__bullet\" data-glide-dir=\"=8\"><\/button><button class=\"glide__bullet\" data-glide-dir=\"=9\"><\/button><button class=\"glide__bullet\" data-glide-dir=\"=10\"><\/button><button class=\"glide__bullet\" data-glide-dir=\"=11\"><\/button><button class=\"glide__bullet\" data-glide-dir=\"=12\"><\/button><button class=\"glide__bullet\" data-glide-dir=\"=13\"><\/button><button class=\"glide__bullet\" data-glide-dir=\"=14\"><\/button><button class=\"glide__bullet\" data-glide-dir=\"=15\"><\/button><button class=\"glide__bullet\" data-glide-dir=\"=16\"><\/button><button class=\"glide__bullet\" data-glide-dir=\"=17\"><\/button><button class=\"glide__bullet\" data-glide-dir=\"=18\"><\/button><button class=\"glide__bullet\" data-glide-dir=\"=19\"><\/button><button class=\"glide__bullet\" data-glide-dir=\"=20\"><\/button><button class=\"glide__bullet\" data-glide-dir=\"=21\"><\/button><button class=\"glide__bullet\" data-glide-dir=\"=22\"><\/button><button class=\"glide__bullet\" data-glide-dir=\"=23\"><\/button><button class=\"glide__bullet\" data-glide-dir=\"=24\"><\/button><button class=\"glide__bullet\" data-glide-dir=\"=25\"><\/button><button class=\"glide__bullet\" data-glide-dir=\"=26\"><\/button><button class=\"glide__bullet\" data-glide-dir=\"=27\"><\/button><button class=\"glide__bullet\" data-glide-dir=\"=28\"><\/button><\/div><\/div><\/div>\n\n\n\n<p>Se vende piso en Sagrada Familia 238.000 \u20ac<\/p>\n\n\n\n<p>Oportunidad piso en venta en calle Sant Antoni i Maria Claret\ncon Calle Cartagena, <\/p>\n\n\n\n<p>El inmueble de 50 m2, 3 habitaciones con armarios empotrados,\nsal\u00f3n comedor, cocina equipada con placa de inducci\u00f3n, horno, nevera, lavadora,\nmicroondas, ba\u00f1o. Puertas de madera, ventanas de aluminio doble cristas. <\/p>\n\n\n\n<p>Es una 5 planta en una finca de 1950 sin ascensor, existe la viabilidad para poner ascensor, el piso es exterior con orientaci\u00f3n al sur y con vistas al mar. &nbsp;El inmueble se encuentra localizado en la zona de Sagrada Familia junto a la av. Gaud\u00ed a 3 minutos de la Bas\u00edlica de la Sagrada Familia, cerca de transporte p\u00fablico, metros l\u00ednea 5, muchos comercios, bares restaurantes, entidades bancarias. <\/p>\n\n\n\n<p><strong>CARACTER\u00cdSTICAS B\u00c1SICAS DEL INMUEBLE<\/strong><\/p>\n\n\n\n<ul class=\"wp-block-list\"><li>50 m\u00b2 construidos <\/li><li>3 habitaciones <\/li><li>Comedor<\/li><li>Sal\u00f3n<\/li><li>Cocina equipada con electrodom\u00e9sticos<\/li><li>1 ba\u00f1o<\/li><li>Construido en 1950<\/li><li>5\u00aa planta \u2013 exterior<\/li><li>Orientaci\u00f3n sur con vistas la mar<\/li><li>No Ascensor<\/li><\/ul>\n\n\n\n<p>Coello Global Financiamiento: Te proporcionamos\nasesoramiento financiero y te ayudamos a conseguir financiamiento para la\nadquisici\u00f3n de tu inmueble, para m\u00e1s informaci\u00f3n cont\u00e1ctanos.<\/p>\n\n\n\n<p>No dudes en venir a visitar.<\/p>\n","protected":false},"excerpt":{"rendered":"<p>Oportunidad piso de 50 m2 en calle Sant antoni i maria claret con Cartagena Se vende piso en Sagrada Familia 238.000 \u20ac Oportunidad piso en venta en calle Sant Antoni i Maria Claret con Calle Cartagena, El inmueble de 50 m2, 3 habitaciones con armarios empotrados, sal\u00f3n comedor, cocina equipada con placa de inducci\u00f3n, horno, &hellip; <\/p>\n<p class=\"link-more\"><a href=\"https:\/\/coelloglobal.com\/index.php\/venta-piso-sagrada-familia-precio-a-consultar\/\" class=\"more-link\">Continue reading<span class=\"screen-reader-text\"> &#8220;Venta Piso Sagrada Familia 238.000\u20ac&#8221;<\/span><\/a><\/p>\n","protected":false},"author":1,"featured_media":0,"parent":0,"menu_order":0,"comment_status":"closed","ping_status":"closed","template":"","meta":{"footnotes":""},"class_list":["post-883","page","type-page","status-publish","hentry"],"_links":{"self":[{"href":"https:\/\/coelloglobal.com\/index.php\/wp-json\/wp\/v2\/pages\/883","targetHints":{"allow":["GET"]}}],"collection":[{"href":"https:\/\/coelloglobal.com\/index.php\/wp-json\/wp\/v2\/pages"}],"about":[{"href":"https:\/\/coelloglobal.com\/index.php\/wp-json\/wp\/v2\/types\/page"}],"author":[{"embeddable":true,"href":"https:\/\/coelloglobal.com\/index.php\/wp-json\/wp\/v2\/users\/1"}],"replies":[{"embeddable":true,"href":"https:\/\/coelloglobal.com\/index.php\/wp-json\/wp\/v2\/comments?post=883"}],"version-history":[{"count":3,"href":"https:\/\/coelloglobal.com\/index.php\/wp-json\/wp\/v2\/pages\/883\/revisions"}],"predecessor-version":[{"id":925,"href":"https:\/\/coelloglobal.com\/index.php\/wp-json\/wp\/v2\/pages\/883\/revisions\/925"}],"wp:attachment":[{"href":"https:\/\/coelloglobal.com\/index.php\/wp-json\/wp\/v2\/media?parent=883"}],"curies":[{"name":"wp","href":"https:\/\/api.w.org\/{rel}","templated":true}]}}