{"id":889,"date":"2021-07-06T23:24:13","date_gmt":"2021-07-06T23:24:13","guid":{"rendered":"http:\/\/coelloglobal.com\/?page_id=889"},"modified":"2023-10-11T15:34:42","modified_gmt":"2023-10-11T15:34:42","slug":"atico-de-90-m2-con-100m2-terraza-670-000-e","status":"publish","type":"page","link":"https:\/\/coelloglobal.com\/index.php\/atico-de-90-m2-con-100m2-terraza-670-000-e\/","title":{"rendered":"\u00c1tico de 90 m2  con 100m2 Terraza 670.000 \u20ac Ref: CG 0012"},"content":{"rendered":"\n<p>Fant\u00e1stico \u00c1tico de 90m2  con 100m2 de terraza &#8211; Puxet, San Gervasio, <\/p>\n\n\n\n<div id=\"wp-block-themeisle-blocks-slider-1f27faa4\" class=\"wp-block-themeisle-blocks-slider glide\" data-per-view=\"1\" data-gap=\"0\" data-peek=\"0\" data-autoplay=\"true\" data-height=\"400px\"><div class=\"glide__track\" data-glide-el=\"track\"><div class=\"glide__slides\"><div class=\"wp-block-themeisle-blocks-slider-item-wrapper glide__slide\" tabindex=\"0\"><figure><img decoding=\"async\" class=\"wp-block-themeisle-blocks-slider-item\" src=\"http:\/\/coelloglobal.com\/wp-content\/uploads\/2021\/07\/ba\u00f1o1.jpg\" alt=\"\" title=\"\" data-id=\"890\"\/><\/figure><\/div><div class=\"wp-block-themeisle-blocks-slider-item-wrapper glide__slide\" tabindex=\"0\"><figure><img decoding=\"async\" class=\"wp-block-themeisle-blocks-slider-item\" src=\"http:\/\/coelloglobal.com\/wp-content\/uploads\/2021\/07\/ba\u00f1o2.jpg\" alt=\"\" title=\"\" data-id=\"891\"\/><\/figure><\/div><div class=\"wp-block-themeisle-blocks-slider-item-wrapper glide__slide\" tabindex=\"0\"><figure><img decoding=\"async\" class=\"wp-block-themeisle-blocks-slider-item\" src=\"http:\/\/coelloglobal.com\/wp-content\/uploads\/2021\/07\/ba\u00f1o3.jpg\" alt=\"\" title=\"\" data-id=\"892\"\/><\/figure><\/div><div class=\"wp-block-themeisle-blocks-slider-item-wrapper glide__slide\" tabindex=\"0\"><figure><img decoding=\"async\" class=\"wp-block-themeisle-blocks-slider-item\" src=\"http:\/\/coelloglobal.com\/wp-content\/uploads\/2021\/07\/ba\u00f1o4.jpg\" alt=\"\" title=\"\" data-id=\"893\"\/><\/figure><\/div><div class=\"wp-block-themeisle-blocks-slider-item-wrapper glide__slide\" tabindex=\"0\"><figure><img decoding=\"async\" class=\"wp-block-themeisle-blocks-slider-item\" src=\"http:\/\/coelloglobal.com\/wp-content\/uploads\/2021\/07\/ba\u00f1o5.jpg\" alt=\"\" title=\"\" data-id=\"894\"\/><\/figure><\/div><div class=\"wp-block-themeisle-blocks-slider-item-wrapper glide__slide\" tabindex=\"0\"><figure><img decoding=\"async\" class=\"wp-block-themeisle-blocks-slider-item\" src=\"http:\/\/coelloglobal.com\/wp-content\/uploads\/2021\/07\/cocina.jpg\" alt=\"\" title=\"\" data-id=\"895\"\/><\/figure><\/div><div class=\"wp-block-themeisle-blocks-slider-item-wrapper glide__slide\" tabindex=\"0\"><figure><img decoding=\"async\" class=\"wp-block-themeisle-blocks-slider-item\" src=\"http:\/\/coelloglobal.com\/wp-content\/uploads\/2021\/07\/cocina1.jpg\" alt=\"\" title=\"\" data-id=\"896\"\/><\/figure><\/div><div class=\"wp-block-themeisle-blocks-slider-item-wrapper glide__slide\" tabindex=\"0\"><figure><img decoding=\"async\" class=\"wp-block-themeisle-blocks-slider-item\" src=\"http:\/\/coelloglobal.com\/wp-content\/uploads\/2021\/07\/comedor.jpg\" alt=\"\" title=\"\" data-id=\"897\"\/><\/figure><\/div><div class=\"wp-block-themeisle-blocks-slider-item-wrapper glide__slide\" tabindex=\"0\"><figure><img decoding=\"async\" class=\"wp-block-themeisle-blocks-slider-item\" src=\"http:\/\/coelloglobal.com\/wp-content\/uploads\/2021\/07\/dormitorio.jpg\" alt=\"\" title=\"\" data-id=\"898\"\/><\/figure><\/div><div class=\"wp-block-themeisle-blocks-slider-item-wrapper glide__slide\" tabindex=\"0\"><figure><img decoding=\"async\" class=\"wp-block-themeisle-blocks-slider-item\" src=\"http:\/\/coelloglobal.com\/wp-content\/uploads\/2021\/07\/dormitorio1.jpg\" alt=\"\" title=\"\" data-id=\"899\"\/><\/figure><\/div><div class=\"wp-block-themeisle-blocks-slider-item-wrapper glide__slide\" tabindex=\"0\"><figure><img decoding=\"async\" class=\"wp-block-themeisle-blocks-slider-item\" src=\"http:\/\/coelloglobal.com\/wp-content\/uploads\/2021\/07\/dormitorio2.jpg\" alt=\"\" title=\"\" data-id=\"900\"\/><\/figure><\/div><div class=\"wp-block-themeisle-blocks-slider-item-wrapper glide__slide\" tabindex=\"0\"><figure><img decoding=\"async\" class=\"wp-block-themeisle-blocks-slider-item\" src=\"http:\/\/coelloglobal.com\/wp-content\/uploads\/2021\/07\/dormitorio3.jpg\" alt=\"\" title=\"\" data-id=\"901\"\/><\/figure><\/div><div class=\"wp-block-themeisle-blocks-slider-item-wrapper glide__slide\" tabindex=\"0\"><figure><img decoding=\"async\" class=\"wp-block-themeisle-blocks-slider-item\" src=\"http:\/\/coelloglobal.com\/wp-content\/uploads\/2021\/07\/dormitorio4.jpg\" alt=\"\" title=\"\" data-id=\"902\"\/><\/figure><\/div><div class=\"wp-block-themeisle-blocks-slider-item-wrapper glide__slide\" tabindex=\"0\"><figure><img decoding=\"async\" class=\"wp-block-themeisle-blocks-slider-item\" src=\"http:\/\/coelloglobal.com\/wp-content\/uploads\/2021\/07\/salon.jpg\" alt=\"\" title=\"\" data-id=\"903\"\/><\/figure><\/div><div class=\"wp-block-themeisle-blocks-slider-item-wrapper glide__slide\" tabindex=\"0\"><figure><img decoding=\"async\" class=\"wp-block-themeisle-blocks-slider-item\" src=\"http:\/\/coelloglobal.com\/wp-content\/uploads\/2021\/07\/salon1.jpg\" alt=\"\" title=\"\" data-id=\"904\"\/><\/figure><\/div><div class=\"wp-block-themeisle-blocks-slider-item-wrapper glide__slide\" tabindex=\"0\"><figure><img decoding=\"async\" class=\"wp-block-themeisle-blocks-slider-item\" src=\"http:\/\/coelloglobal.com\/wp-content\/uploads\/2021\/07\/salon2.jpg\" alt=\"\" title=\"\" data-id=\"905\"\/><\/figure><\/div><div class=\"wp-block-themeisle-blocks-slider-item-wrapper glide__slide\" tabindex=\"0\"><figure><img decoding=\"async\" class=\"wp-block-themeisle-blocks-slider-item\" src=\"http:\/\/coelloglobal.com\/wp-content\/uploads\/2021\/07\/terraza.jpg\" alt=\"\" title=\"\" data-id=\"906\"\/><\/figure><\/div><div class=\"wp-block-themeisle-blocks-slider-item-wrapper glide__slide\" tabindex=\"0\"><figure><img decoding=\"async\" class=\"wp-block-themeisle-blocks-slider-item\" src=\"http:\/\/coelloglobal.com\/wp-content\/uploads\/2021\/07\/terraza1.jpg\" alt=\"\" title=\"\" data-id=\"907\"\/><\/figure><\/div><div class=\"wp-block-themeisle-blocks-slider-item-wrapper glide__slide\" tabindex=\"0\"><figure><img decoding=\"async\" class=\"wp-block-themeisle-blocks-slider-item\" src=\"http:\/\/coelloglobal.com\/wp-content\/uploads\/2021\/07\/terraza2.jpg\" alt=\"\" title=\"\" data-id=\"908\"\/><\/figure><\/div><div class=\"wp-block-themeisle-blocks-slider-item-wrapper glide__slide\" tabindex=\"0\"><figure><img decoding=\"async\" class=\"wp-block-themeisle-blocks-slider-item\" src=\"http:\/\/coelloglobal.com\/wp-content\/uploads\/2021\/07\/terraza3.jpg\" alt=\"\" title=\"\" data-id=\"909\"\/><\/figure><\/div><div class=\"wp-block-themeisle-blocks-slider-item-wrapper glide__slide\" tabindex=\"0\"><figure><img decoding=\"async\" class=\"wp-block-themeisle-blocks-slider-item\" src=\"http:\/\/coelloglobal.com\/wp-content\/uploads\/2021\/07\/terraza4.jpg\" alt=\"\" title=\"\" data-id=\"910\"\/><\/figure><\/div><\/div><div class=\"glide__arrows\" data-glide-el=\"controls\"><button class=\"glide__arrow glide__arrow--left\" data-glide-dir=\"<\"><svg xmlns=\"http:\/\/www.w3.org\/2000\/svg\" width=\"18\" height=\"18\" viewbox=\"0 0 100 100\" role=\"img\" aria-hidden=\"true\" focusable=\"false\"><path d=\"M 10,50 L 60,100 L 70,90 L 30,50  L 70,10 L 60,0 Z\"><\/path><\/svg><\/button><button class=\"glide__arrow glide__arrow--right\" data-glide-dir=\"&gt;\"><svg xmlns=\"http:\/\/www.w3.org\/2000\/svg\" width=\"18\" height=\"18\" viewbox=\"0 0 100 100\" role=\"img\" aria-hidden=\"true\" focusable=\"false\"><path d=\"M 10,50 L 60,100 L 70,90 L 30,50  L 70,10 L 60,0 Z\"><\/path><\/svg><\/button><\/div><div class=\"glide__bullets\" data-glide-el=\"controls[nav]\"><button class=\"glide__bullet\" data-glide-dir=\"=0\"><\/button><button class=\"glide__bullet\" data-glide-dir=\"=1\"><\/button><button class=\"glide__bullet\" data-glide-dir=\"=2\"><\/button><button class=\"glide__bullet\" data-glide-dir=\"=3\"><\/button><button class=\"glide__bullet\" data-glide-dir=\"=4\"><\/button><button class=\"glide__bullet\" data-glide-dir=\"=5\"><\/button><button class=\"glide__bullet\" data-glide-dir=\"=6\"><\/button><button class=\"glide__bullet\" data-glide-dir=\"=7\"><\/button><button class=\"glide__bullet\" data-glide-dir=\"=8\"><\/button><button class=\"glide__bullet\" data-glide-dir=\"=9\"><\/button><button class=\"glide__bullet\" data-glide-dir=\"=10\"><\/button><button class=\"glide__bullet\" data-glide-dir=\"=11\"><\/button><button class=\"glide__bullet\" data-glide-dir=\"=12\"><\/button><button class=\"glide__bullet\" data-glide-dir=\"=13\"><\/button><button class=\"glide__bullet\" data-glide-dir=\"=14\"><\/button><button class=\"glide__bullet\" data-glide-dir=\"=15\"><\/button><button class=\"glide__bullet\" data-glide-dir=\"=16\"><\/button><button class=\"glide__bullet\" data-glide-dir=\"=17\"><\/button><button class=\"glide__bullet\" data-glide-dir=\"=18\"><\/button><button class=\"glide__bullet\" data-glide-dir=\"=19\"><\/button><button class=\"glide__bullet\" data-glide-dir=\"=20\"><\/button><\/div><\/div><\/div>\n\n\n\n<p> \u00c1tico de 90m2 con 100m2 de terraza  2 hab &#8211; 670.000 \u20ac <\/p>\n\n\n\n<p>En venta fant\u00e1stico \u00c1tico\nde 90m2 de vivienda con 100m2 de terraza a dos vientos. <\/p>\n\n\n\n<p>El inmueble se encuentra en\nel barrio del Puxet, San Gervasio, ubicado en la plaza Ventura y Gassol. <\/p>\n\n\n\n<p>Vivienda totalmente\nreformada con materiales de alta gama, exterior con amplios ventanales, consta\nde 2 habitaciones dobles una de ellas en suit con ba\u00f1o privado, armarios\nempotrados, sal\u00f3n comedor con salida a terraza, chimenea de le\u00f1a en el comedor,\ncocina equipada con todos los electrodom\u00e9sticos, 2 ba\u00f1os completos, suelos de\nparquet de madera noble, ventanas de aluminio doble cristal, puertas de madera\nnoble, altillos para almacenaje, lavadero, calefacci\u00f3n individual a gas natural,\nsegunda cocina exterior en la terraza con barbacoa y placa de inducci\u00f3n,\ntendedero. <\/p>\n\n\n\n<p>Parking en la misma finca\ne incluido en el precio. <\/p>\n\n\n\n<p>El inmueble se encuentra Edificio\nde Nu\u00f1ez y Navarro con vistas a la plaza Ventura i Gassol y el Tibidabo.<\/p>\n\n\n\n<p>La propiedad est\u00e1 situada en una zona muy tranquila en una peque\u00f1a plaza arbolada, se trata de un barrio tranquilo y familiar, con una amplia oferta comercial de supermercados y tiendas de proximidad, muy bien comunicado con transporte p\u00fablico, metro, bus y tren. &nbsp;<\/p>\n\n\n<p><!--StartFragment--><\/p>\n\n\n<p> <strong>CARACTER\u00cdSTICAS B\u00c1SICAS DEL INMUEBLE<\/strong>  <\/p>\n\n\n\n<ul class=\"wp-block-list\"><li>95 m\u00b2 construidos &#8211; 90 \u00fatiles <\/li><li>2 habitaciones &#8211; 2 dobles , 1 suit <\/li><li>Armarios empotrados<\/li><li>Terraza de 100 m2<\/li><li>Comedor <\/li><li>Sal\u00f3n <\/li><li>Cocina equipada con electrodom\u00e9sticos <\/li><li>Segunda cocina en la terraza<\/li><li>2 ba\u00f1o completos<\/li><li> Edificio de Nu\u00f1ez y Navarro <\/li><li>5 \u00aa planta &#8211; exterior  Atico<\/li><li>calefacci\u00f3n gas natural<\/li><li>Muy Luminoso <\/li><li>Ascensor<\/li><li>Reformado<\/li><li>parking incluido en el precio <\/li><\/ul>\n\n\n\n<p>No dudes en venir a\nvisitar lo.<\/p>\n\n\n\n<p>Coello Global Financiamiento: Te proporcionamos asesoramiento financiero y te ayudamos a conseguir financiamiento para la adquisici\u00f3n de tu inmueble, para m\u00e1s informaci\u00f3n cont\u00e1ctanos.<\/p>\n\n\n\n<p><\/p>\n","protected":false},"excerpt":{"rendered":"<p>Fant\u00e1stico \u00c1tico de 90m2 con 100m2 de terraza &#8211; Puxet, San Gervasio, \u00c1tico de 90m2 con 100m2 de terraza 2 hab &#8211; 670.000 \u20ac En venta fant\u00e1stico \u00c1tico de 90m2 de vivienda con 100m2 de terraza a dos vientos. El inmueble se encuentra en el barrio del Puxet, San Gervasio, ubicado en la plaza Ventura &hellip; <\/p>\n<p class=\"link-more\"><a href=\"https:\/\/coelloglobal.com\/index.php\/atico-de-90-m2-con-100m2-terraza-670-000-e\/\" class=\"more-link\">Continue reading<span class=\"screen-reader-text\"> &#8220;\u00c1tico de 90 m2  con 100m2 Terraza 670.000 \u20ac Ref: CG 0012&#8221;<\/span><\/a><\/p>\n","protected":false},"author":1,"featured_media":0,"parent":0,"menu_order":0,"comment_status":"closed","ping_status":"closed","template":"","meta":{"footnotes":""},"class_list":["post-889","page","type-page","status-publish","hentry"],"_links":{"self":[{"href":"https:\/\/coelloglobal.com\/index.php\/wp-json\/wp\/v2\/pages\/889","targetHints":{"allow":["GET"]}}],"collection":[{"href":"https:\/\/coelloglobal.com\/index.php\/wp-json\/wp\/v2\/pages"}],"about":[{"href":"https:\/\/coelloglobal.com\/index.php\/wp-json\/wp\/v2\/types\/page"}],"author":[{"embeddable":true,"href":"https:\/\/coelloglobal.com\/index.php\/wp-json\/wp\/v2\/users\/1"}],"replies":[{"embeddable":true,"href":"https:\/\/coelloglobal.com\/index.php\/wp-json\/wp\/v2\/comments?post=889"}],"version-history":[{"count":3,"href":"https:\/\/coelloglobal.com\/index.php\/wp-json\/wp\/v2\/pages\/889\/revisions"}],"predecessor-version":[{"id":3165,"href":"https:\/\/coelloglobal.com\/index.php\/wp-json\/wp\/v2\/pages\/889\/revisions\/3165"}],"wp:attachment":[{"href":"https:\/\/coelloglobal.com\/index.php\/wp-json\/wp\/v2\/media?parent=889"}],"curies":[{"name":"wp","href":"https:\/\/api.w.org\/{rel}","templated":true}]}}