{"id":929,"date":"2021-09-27T20:23:01","date_gmt":"2021-09-27T20:23:01","guid":{"rendered":"http:\/\/coelloglobal.com\/?page_id=929"},"modified":"2023-10-11T15:35:14","modified_gmt":"2023-10-11T15:35:14","slug":"piso-en-les-corts-barcelona-550-000e","status":"publish","type":"page","link":"https:\/\/coelloglobal.com\/index.php\/piso-en-les-corts-barcelona-550-000e\/","title":{"rendered":"Piso en Les Corts, Barcelona 550.000\u20ac Ref: CG 0014"},"content":{"rendered":"\n<p>Venta piso 85 m2 en C\/ Galileo &#8211; Les Corts Barcelona  <\/p>\n\n\n\n<div id=\"wp-block-themeisle-blocks-slider-3a091adb\" class=\"wp-block-themeisle-blocks-slider glide\" data-per-view=\"1\" data-gap=\"0\" data-peek=\"0\" data-autoplay=\"true\" data-height=\"400px\"><div class=\"glide__track\" data-glide-el=\"track\"><div class=\"glide__slides\"><div class=\"wp-block-themeisle-blocks-slider-item-wrapper glide__slide\" tabindex=\"0\"><figure><img decoding=\"async\" class=\"wp-block-themeisle-blocks-slider-item\" src=\"http:\/\/coelloglobal.com\/wp-content\/uploads\/2021\/09\/WhatsApp-Image-2021-09-27-at-17.46.22.jpeg\" alt=\"\" title=\"\" data-id=\"930\"\/><\/figure><\/div><div class=\"wp-block-themeisle-blocks-slider-item-wrapper glide__slide\" tabindex=\"0\"><figure><img decoding=\"async\" class=\"wp-block-themeisle-blocks-slider-item\" src=\"http:\/\/coelloglobal.com\/wp-content\/uploads\/2021\/09\/WhatsApp-Image-2021-09-27-at-17.46.23-1.jpeg\" alt=\"\" title=\"\" data-id=\"931\"\/><\/figure><\/div><div class=\"wp-block-themeisle-blocks-slider-item-wrapper glide__slide\" tabindex=\"0\"><figure><img decoding=\"async\" class=\"wp-block-themeisle-blocks-slider-item\" src=\"http:\/\/coelloglobal.com\/wp-content\/uploads\/2021\/09\/WhatsApp-Image-2021-09-27-at-17.46.23-2.jpeg\" alt=\"\" title=\"\" data-id=\"932\"\/><\/figure><\/div><div class=\"wp-block-themeisle-blocks-slider-item-wrapper glide__slide\" tabindex=\"0\"><figure><img decoding=\"async\" class=\"wp-block-themeisle-blocks-slider-item\" src=\"http:\/\/coelloglobal.com\/wp-content\/uploads\/2021\/09\/WhatsApp-Image-2021-09-27-at-17.46.23.jpeg\" alt=\"\" title=\"\" data-id=\"933\"\/><\/figure><\/div><div class=\"wp-block-themeisle-blocks-slider-item-wrapper glide__slide\" tabindex=\"0\"><figure><img decoding=\"async\" class=\"wp-block-themeisle-blocks-slider-item\" src=\"http:\/\/coelloglobal.com\/wp-content\/uploads\/2021\/09\/WhatsApp-Image-2021-09-27-at-17.46.24-1.jpeg\" alt=\"\" title=\"\" data-id=\"934\"\/><\/figure><\/div><div class=\"wp-block-themeisle-blocks-slider-item-wrapper glide__slide\" tabindex=\"0\"><figure><img decoding=\"async\" class=\"wp-block-themeisle-blocks-slider-item\" src=\"http:\/\/coelloglobal.com\/wp-content\/uploads\/2021\/09\/WhatsApp-Image-2021-09-27-at-17.46.24-2.jpeg\" alt=\"\" title=\"\" data-id=\"935\"\/><\/figure><\/div><div class=\"wp-block-themeisle-blocks-slider-item-wrapper glide__slide\" tabindex=\"0\"><figure><img decoding=\"async\" class=\"wp-block-themeisle-blocks-slider-item\" src=\"http:\/\/coelloglobal.com\/wp-content\/uploads\/2021\/09\/WhatsApp-Image-2021-09-27-at-17.46.24.jpeg\" alt=\"\" title=\"\" data-id=\"936\"\/><\/figure><\/div><div class=\"wp-block-themeisle-blocks-slider-item-wrapper glide__slide\" tabindex=\"0\"><figure><img decoding=\"async\" class=\"wp-block-themeisle-blocks-slider-item\" src=\"http:\/\/coelloglobal.com\/wp-content\/uploads\/2021\/09\/WhatsApp-Image-2021-09-27-at-17.46.25.jpeg\" alt=\"\" title=\"\" data-id=\"937\"\/><\/figure><\/div><div class=\"wp-block-themeisle-blocks-slider-item-wrapper glide__slide\" tabindex=\"0\"><figure><img decoding=\"async\" class=\"wp-block-themeisle-blocks-slider-item\" src=\"http:\/\/coelloglobal.com\/wp-content\/uploads\/2021\/09\/WhatsApp-Image-2021-09-27-at-17.46.26-1.jpeg\" alt=\"\" title=\"\" data-id=\"938\"\/><\/figure><\/div><div class=\"wp-block-themeisle-blocks-slider-item-wrapper glide__slide\" tabindex=\"0\"><figure><img decoding=\"async\" class=\"wp-block-themeisle-blocks-slider-item\" src=\"http:\/\/coelloglobal.com\/wp-content\/uploads\/2021\/09\/WhatsApp-Image-2021-09-27-at-17.46.26.jpeg\" alt=\"\" title=\"\" data-id=\"939\"\/><\/figure><\/div><div class=\"wp-block-themeisle-blocks-slider-item-wrapper glide__slide\" tabindex=\"0\"><figure><img decoding=\"async\" class=\"wp-block-themeisle-blocks-slider-item\" src=\"http:\/\/coelloglobal.com\/wp-content\/uploads\/2021\/09\/WhatsApp-Image-2021-09-27-at-17.46.27-1.jpeg\" alt=\"\" title=\"\" data-id=\"940\"\/><\/figure><\/div><div class=\"wp-block-themeisle-blocks-slider-item-wrapper glide__slide\" tabindex=\"0\"><figure><img decoding=\"async\" class=\"wp-block-themeisle-blocks-slider-item\" src=\"http:\/\/coelloglobal.com\/wp-content\/uploads\/2021\/09\/WhatsApp-Image-2021-09-27-at-17.46.27.jpeg\" alt=\"\" title=\"\" data-id=\"941\"\/><\/figure><\/div><div class=\"wp-block-themeisle-blocks-slider-item-wrapper glide__slide\" tabindex=\"0\"><figure><img decoding=\"async\" class=\"wp-block-themeisle-blocks-slider-item\" src=\"http:\/\/coelloglobal.com\/wp-content\/uploads\/2021\/09\/WhatsApp-Image-2021-09-27-at-17.46.28-1.jpeg\" alt=\"\" title=\"\" data-id=\"942\"\/><\/figure><\/div><div class=\"wp-block-themeisle-blocks-slider-item-wrapper glide__slide\" tabindex=\"0\"><figure><img decoding=\"async\" class=\"wp-block-themeisle-blocks-slider-item\" src=\"http:\/\/coelloglobal.com\/wp-content\/uploads\/2021\/09\/WhatsApp-Image-2021-09-27-at-17.46.28.jpeg\" alt=\"\" title=\"\" data-id=\"943\"\/><\/figure><\/div><div class=\"wp-block-themeisle-blocks-slider-item-wrapper glide__slide\" tabindex=\"0\"><figure><img decoding=\"async\" class=\"wp-block-themeisle-blocks-slider-item\" src=\"http:\/\/coelloglobal.com\/wp-content\/uploads\/2021\/09\/WhatsApp-Image-2021-09-27-at-17.46.29-1.jpeg\" alt=\"\" title=\"\" data-id=\"944\"\/><\/figure><\/div><div class=\"wp-block-themeisle-blocks-slider-item-wrapper glide__slide\" tabindex=\"0\"><figure><img decoding=\"async\" class=\"wp-block-themeisle-blocks-slider-item\" src=\"http:\/\/coelloglobal.com\/wp-content\/uploads\/2021\/09\/WhatsApp-Image-2021-09-27-at-17.46.29.jpeg\" alt=\"\" title=\"\" data-id=\"945\"\/><\/figure><\/div><div class=\"wp-block-themeisle-blocks-slider-item-wrapper glide__slide\" tabindex=\"0\"><figure><img decoding=\"async\" class=\"wp-block-themeisle-blocks-slider-item\" src=\"http:\/\/coelloglobal.com\/wp-content\/uploads\/2021\/09\/WhatsApp-Image-2021-09-27-at-17.46.30-1.jpeg\" alt=\"\" title=\"\" data-id=\"946\"\/><\/figure><\/div><div class=\"wp-block-themeisle-blocks-slider-item-wrapper glide__slide\" tabindex=\"0\"><figure><img decoding=\"async\" class=\"wp-block-themeisle-blocks-slider-item\" src=\"http:\/\/coelloglobal.com\/wp-content\/uploads\/2021\/09\/WhatsApp-Image-2021-09-27-at-17.46.30.jpeg\" alt=\"\" title=\"\" data-id=\"947\"\/><\/figure><\/div><\/div><div class=\"glide__arrows\" data-glide-el=\"controls\"><button class=\"glide__arrow glide__arrow--left\" data-glide-dir=\"<\"><svg xmlns=\"http:\/\/www.w3.org\/2000\/svg\" width=\"18\" height=\"18\" viewbox=\"0 0 100 100\" role=\"img\" aria-hidden=\"true\" focusable=\"false\"><path d=\"M 10,50 L 60,100 L 70,90 L 30,50  L 70,10 L 60,0 Z\"><\/path><\/svg><\/button><button class=\"glide__arrow glide__arrow--right\" data-glide-dir=\"&gt;\"><svg xmlns=\"http:\/\/www.w3.org\/2000\/svg\" width=\"18\" height=\"18\" viewbox=\"0 0 100 100\" role=\"img\" aria-hidden=\"true\" focusable=\"false\"><path d=\"M 10,50 L 60,100 L 70,90 L 30,50  L 70,10 L 60,0 Z\"><\/path><\/svg><\/button><\/div><div class=\"glide__bullets\" data-glide-el=\"controls[nav]\"><button class=\"glide__bullet\" data-glide-dir=\"=0\"><\/button><button class=\"glide__bullet\" data-glide-dir=\"=1\"><\/button><button class=\"glide__bullet\" data-glide-dir=\"=2\"><\/button><button class=\"glide__bullet\" data-glide-dir=\"=3\"><\/button><button class=\"glide__bullet\" data-glide-dir=\"=4\"><\/button><button class=\"glide__bullet\" data-glide-dir=\"=5\"><\/button><button class=\"glide__bullet\" data-glide-dir=\"=6\"><\/button><button class=\"glide__bullet\" data-glide-dir=\"=7\"><\/button><button class=\"glide__bullet\" data-glide-dir=\"=8\"><\/button><button class=\"glide__bullet\" data-glide-dir=\"=9\"><\/button><button class=\"glide__bullet\" data-glide-dir=\"=10\"><\/button><button class=\"glide__bullet\" data-glide-dir=\"=11\"><\/button><button class=\"glide__bullet\" data-glide-dir=\"=12\"><\/button><button class=\"glide__bullet\" data-glide-dir=\"=13\"><\/button><button class=\"glide__bullet\" data-glide-dir=\"=14\"><\/button><button class=\"glide__bullet\" data-glide-dir=\"=15\"><\/button><button class=\"glide__bullet\" data-glide-dir=\"=16\"><\/button><button class=\"glide__bullet\" data-glide-dir=\"=17\"><\/button><\/div><\/div><\/div>\n\n\n\n<p>Piso en venta 85m2,  3 hab, 550.000 \u20ac<\/p>\n\n\n\n<p>En venta fant\u00e1stico piso 85 m2 de vivienda <\/p>\n\n\n\n<p>El inmueble se encuentra en el barrio de les\nCorts, ubicado cerca del centro comercial L\u00b4Illa Diagonal y el Corte Ingl\u00e9s.<\/p>\n\n\n\n<p>Vivienda totalmente reformada con materiales de\nalta gama, exterior con amplios ventanales, consta de 3 habitaciones, dos\ndobles una de ellas en suit con ba\u00f1o privado, armarios empotrados, dos ba\u00f1os\ncompletos, sal\u00f3n comedor, cocina equipada con electrodom\u00e9sticos Smeg (placa\ninducci\u00f3n, campana extracci\u00f3n, microondas y horno).<\/p>\n\n\n\n<p>Suelos de parquet, ventanas de aluminio doble\ncristal, puertas de madera, calefacci\u00f3n individual, aire acondicionado<\/p>\n\n\n\n<p>La propiedad est\u00e1 situada en la zona del centro comercial L\u00b4Illa Diagonal y el Corte Ingl\u00e9s, cerca de transporte publico y muchos comercios. <\/p>\n\n\n\n<p><strong>CARACTER\u00cdSTICAS B\u00c1SICAS DEL INMUEBLE<\/strong><\/p>\n\n\n\n<ul class=\"wp-block-list\"><li>85 m\u00b2 <\/li><li>3 habitaciones \u2013 2 dobles , 1 suit<\/li><li>Armarios empotrados<\/li><li>Comedor<\/li><li>Sal\u00f3n<\/li><li>Cocina equipada con electrodom\u00e9sticos<\/li><li>2 ba\u00f1o completos<\/li><li>5 \u00aa planta \u2013 exterior <\/li><li>calefacci\u00f3n individual <\/li><li>Muy Luminoso<\/li><li>Ascensor<\/li><li>Reformado<\/li><li>Aire acondicionado <\/li><\/ul>\n\n\n\n<p>No dudes en venir a visitar lo.<\/p>\n\n\n\n<p>Coello Global Financiamiento: Te proporcionamos asesoramiento financiero y te ayudamos a conseguir financiamiento para la adquisici\u00f3n de tu inmueble, para m\u00e1s informaci\u00f3n cont\u00e1ctanos.<\/p>\n","protected":false},"excerpt":{"rendered":"<p>Venta piso 85 m2 en C\/ Galileo &#8211; Les Corts Barcelona Piso en venta 85m2, 3 hab, 550.000 \u20ac En venta fant\u00e1stico piso 85 m2 de vivienda El inmueble se encuentra en el barrio de les Corts, ubicado cerca del centro comercial L\u00b4Illa Diagonal y el Corte Ingl\u00e9s. Vivienda totalmente reformada con materiales de alta &hellip; <\/p>\n<p class=\"link-more\"><a href=\"https:\/\/coelloglobal.com\/index.php\/piso-en-les-corts-barcelona-550-000e\/\" class=\"more-link\">Continue reading<span class=\"screen-reader-text\"> &#8220;Piso en Les Corts, Barcelona 550.000\u20ac Ref: CG 0014&#8221;<\/span><\/a><\/p>\n","protected":false},"author":1,"featured_media":0,"parent":0,"menu_order":0,"comment_status":"closed","ping_status":"closed","template":"","meta":{"footnotes":""},"class_list":["post-929","page","type-page","status-publish","hentry"],"_links":{"self":[{"href":"https:\/\/coelloglobal.com\/index.php\/wp-json\/wp\/v2\/pages\/929","targetHints":{"allow":["GET"]}}],"collection":[{"href":"https:\/\/coelloglobal.com\/index.php\/wp-json\/wp\/v2\/pages"}],"about":[{"href":"https:\/\/coelloglobal.com\/index.php\/wp-json\/wp\/v2\/types\/page"}],"author":[{"embeddable":true,"href":"https:\/\/coelloglobal.com\/index.php\/wp-json\/wp\/v2\/users\/1"}],"replies":[{"embeddable":true,"href":"https:\/\/coelloglobal.com\/index.php\/wp-json\/wp\/v2\/comments?post=929"}],"version-history":[{"count":2,"href":"https:\/\/coelloglobal.com\/index.php\/wp-json\/wp\/v2\/pages\/929\/revisions"}],"predecessor-version":[{"id":3166,"href":"https:\/\/coelloglobal.com\/index.php\/wp-json\/wp\/v2\/pages\/929\/revisions\/3166"}],"wp:attachment":[{"href":"https:\/\/coelloglobal.com\/index.php\/wp-json\/wp\/v2\/media?parent=929"}],"curies":[{"name":"wp","href":"https:\/\/api.w.org\/{rel}","templated":true}]}}