{"id":957,"date":"2021-10-13T17:17:54","date_gmt":"2021-10-13T17:17:54","guid":{"rendered":"http:\/\/coelloglobal.com\/?page_id=957"},"modified":"2023-10-11T15:35:56","modified_gmt":"2023-10-11T15:35:56","slug":"piso-reformado-c-dos-de-mayo-barcelona-399-000-e","status":"publish","type":"page","link":"https:\/\/coelloglobal.com\/index.php\/piso-reformado-c-dos-de-mayo-barcelona-399-000-e\/","title":{"rendered":"Piso Reformado C\/ Dos de Mayo, Barcelona 399.000 \u20ac Ref: CG 0016"},"content":{"rendered":"\n<p>Venta Piso Reformado 120 m2 c\/ dos de mayo -Barcelona, <\/p>\n\n\n\n<div id=\"wp-block-themeisle-blocks-slider-831b1ad9\" class=\"wp-block-themeisle-blocks-slider glide\" data-per-view=\"1\" data-gap=\"0\" data-peek=\"0\" data-autoplay=\"true\" data-height=\"400px\"><div class=\"glide__track\" data-glide-el=\"track\"><div class=\"glide__slides\"><div class=\"wp-block-themeisle-blocks-slider-item-wrapper glide__slide\" tabindex=\"0\"><figure><img decoding=\"async\" class=\"wp-block-themeisle-blocks-slider-item\" src=\"http:\/\/coelloglobal.com\/wp-content\/uploads\/2021\/10\/bano-2-dos-mayo.png\" alt=\"\" title=\"\" data-id=\"958\"\/><\/figure><\/div><div class=\"wp-block-themeisle-blocks-slider-item-wrapper glide__slide\" tabindex=\"0\"><figure><img decoding=\"async\" class=\"wp-block-themeisle-blocks-slider-item\" src=\"http:\/\/coelloglobal.com\/wp-content\/uploads\/2021\/10\/bano-2.png\" alt=\"\" title=\"\" data-id=\"959\"\/><\/figure><\/div><div class=\"wp-block-themeisle-blocks-slider-item-wrapper glide__slide\" tabindex=\"0\"><figure><img decoding=\"async\" class=\"wp-block-themeisle-blocks-slider-item\" src=\"http:\/\/coelloglobal.com\/wp-content\/uploads\/2021\/10\/bano-3-dos-de-mayo.png\" alt=\"\" title=\"\" data-id=\"960\"\/><\/figure><\/div><div class=\"wp-block-themeisle-blocks-slider-item-wrapper glide__slide\" tabindex=\"0\"><figure><img decoding=\"async\" class=\"wp-block-themeisle-blocks-slider-item\" src=\"http:\/\/coelloglobal.com\/wp-content\/uploads\/2021\/10\/ba\u00f1o-definitivo.png\" alt=\"\" title=\"\" data-id=\"961\"\/><\/figure><\/div><div class=\"wp-block-themeisle-blocks-slider-item-wrapper glide__slide\" tabindex=\"0\"><figure><img decoding=\"async\" class=\"wp-block-themeisle-blocks-slider-item\" src=\"http:\/\/coelloglobal.com\/wp-content\/uploads\/2021\/10\/ba\u00f1o.png\" alt=\"\" title=\"\" data-id=\"962\"\/><\/figure><\/div><div class=\"wp-block-themeisle-blocks-slider-item-wrapper glide__slide\" tabindex=\"0\"><figure><img decoding=\"async\" class=\"wp-block-themeisle-blocks-slider-item\" src=\"http:\/\/coelloglobal.com\/wp-content\/uploads\/2021\/10\/cocina-blanca.png\" alt=\"\" title=\"\" data-id=\"963\"\/><\/figure><\/div><div class=\"wp-block-themeisle-blocks-slider-item-wrapper glide__slide\" tabindex=\"0\"><figure><img decoding=\"async\" class=\"wp-block-themeisle-blocks-slider-item\" src=\"http:\/\/coelloglobal.com\/wp-content\/uploads\/2021\/10\/habitacion-1.png\" alt=\"\" title=\"\" data-id=\"964\"\/><\/figure><\/div><div class=\"wp-block-themeisle-blocks-slider-item-wrapper glide__slide\" tabindex=\"0\"><figure><img decoding=\"async\" class=\"wp-block-themeisle-blocks-slider-item\" src=\"http:\/\/coelloglobal.com\/wp-content\/uploads\/2021\/10\/habitacion-2-ni\u00f1os.png\" alt=\"\" title=\"\" data-id=\"965\"\/><\/figure><\/div><div class=\"wp-block-themeisle-blocks-slider-item-wrapper glide__slide\" tabindex=\"0\"><figure><img decoding=\"async\" class=\"wp-block-themeisle-blocks-slider-item\" src=\"http:\/\/coelloglobal.com\/wp-content\/uploads\/2021\/10\/habitacion-2.png\" alt=\"\" title=\"\" data-id=\"966\"\/><\/figure><\/div><div class=\"wp-block-themeisle-blocks-slider-item-wrapper glide__slide\" tabindex=\"0\"><figure><img decoding=\"async\" class=\"wp-block-themeisle-blocks-slider-item\" src=\"http:\/\/coelloglobal.com\/wp-content\/uploads\/2021\/10\/habitacion-2.png2_.png\" alt=\"\" title=\"\" data-id=\"967\"\/><\/figure><\/div><div class=\"wp-block-themeisle-blocks-slider-item-wrapper glide__slide\" tabindex=\"0\"><figure><img decoding=\"async\" class=\"wp-block-themeisle-blocks-slider-item\" src=\"http:\/\/coelloglobal.com\/wp-content\/uploads\/2021\/10\/habitacion-3ni\u00f1os-verde.png\" alt=\"\" title=\"\" data-id=\"968\"\/><\/figure><\/div><div class=\"wp-block-themeisle-blocks-slider-item-wrapper glide__slide\" tabindex=\"0\"><figure><img decoding=\"async\" class=\"wp-block-themeisle-blocks-slider-item\" src=\"http:\/\/coelloglobal.com\/wp-content\/uploads\/2021\/10\/habitacion-derfinitiva.png\" alt=\"\" title=\"\" data-id=\"969\"\/><\/figure><\/div><div class=\"wp-block-themeisle-blocks-slider-item-wrapper glide__slide\" tabindex=\"0\"><figure><img decoding=\"async\" class=\"wp-block-themeisle-blocks-slider-item\" src=\"http:\/\/coelloglobal.com\/wp-content\/uploads\/2021\/10\/habitacion-principal.png\" alt=\"\" title=\"\" data-id=\"970\"\/><\/figure><\/div><div class=\"wp-block-themeisle-blocks-slider-item-wrapper glide__slide\" tabindex=\"0\"><figure><img decoding=\"async\" class=\"wp-block-themeisle-blocks-slider-item\" src=\"http:\/\/coelloglobal.com\/wp-content\/uploads\/2021\/10\/habitacion2.png\" alt=\"\" title=\"\" data-id=\"971\"\/><\/figure><\/div><div class=\"wp-block-themeisle-blocks-slider-item-wrapper glide__slide\" tabindex=\"0\"><figure><img decoding=\"async\" class=\"wp-block-themeisle-blocks-slider-item\" src=\"http:\/\/coelloglobal.com\/wp-content\/uploads\/2021\/10\/planat-3d.png\" alt=\"\" title=\"\" data-id=\"972\"\/><\/figure><\/div><div class=\"wp-block-themeisle-blocks-slider-item-wrapper glide__slide\" tabindex=\"0\"><figure><img decoding=\"async\" class=\"wp-block-themeisle-blocks-slider-item\" src=\"http:\/\/coelloglobal.com\/wp-content\/uploads\/2021\/10\/salon.png\" alt=\"\" title=\"\" data-id=\"973\"\/><\/figure><\/div><\/div><div class=\"glide__arrows\" data-glide-el=\"controls\"><button class=\"glide__arrow glide__arrow--left\" data-glide-dir=\"<\"><svg xmlns=\"http:\/\/www.w3.org\/2000\/svg\" width=\"18\" height=\"18\" viewbox=\"0 0 100 100\" role=\"img\" aria-hidden=\"true\" focusable=\"false\"><path d=\"M 10,50 L 60,100 L 70,90 L 30,50  L 70,10 L 60,0 Z\"><\/path><\/svg><\/button><button class=\"glide__arrow glide__arrow--right\" data-glide-dir=\"&gt;\"><svg xmlns=\"http:\/\/www.w3.org\/2000\/svg\" width=\"18\" height=\"18\" viewbox=\"0 0 100 100\" role=\"img\" aria-hidden=\"true\" focusable=\"false\"><path d=\"M 10,50 L 60,100 L 70,90 L 30,50  L 70,10 L 60,0 Z\"><\/path><\/svg><\/button><\/div><div class=\"glide__bullets\" data-glide-el=\"controls[nav]\"><button class=\"glide__bullet\" data-glide-dir=\"=0\"><\/button><button class=\"glide__bullet\" data-glide-dir=\"=1\"><\/button><button class=\"glide__bullet\" data-glide-dir=\"=2\"><\/button><button class=\"glide__bullet\" data-glide-dir=\"=3\"><\/button><button class=\"glide__bullet\" data-glide-dir=\"=4\"><\/button><button class=\"glide__bullet\" data-glide-dir=\"=5\"><\/button><button class=\"glide__bullet\" data-glide-dir=\"=6\"><\/button><button class=\"glide__bullet\" data-glide-dir=\"=7\"><\/button><button class=\"glide__bullet\" data-glide-dir=\"=8\"><\/button><button class=\"glide__bullet\" data-glide-dir=\"=9\"><\/button><button class=\"glide__bullet\" data-glide-dir=\"=10\"><\/button><button class=\"glide__bullet\" data-glide-dir=\"=11\"><\/button><button class=\"glide__bullet\" data-glide-dir=\"=12\"><\/button><button class=\"glide__bullet\" data-glide-dir=\"=13\"><\/button><button class=\"glide__bullet\" data-glide-dir=\"=14\"><\/button><button class=\"glide__bullet\" data-glide-dir=\"=15\"><\/button><\/div><\/div><\/div>\n\n\n\n<p> Piso de 120 m2, 4 hab, 2 ba\u00f1os, balc\u00f3n &#8211; 399.000 \u20ac<\/p>\n\n\n\n<p>En venta fant\u00e1stico piso reformado de 120 m2<\/p>\n\n\n\n<p>El inmueble se encuentra en la calle dos de mayo cerca del metro Encants<\/p>\n\n\n\n<p>Vivienda totalmente reformada con materiales de alta gama, exterior con amplios ventanales, consta de 4 habitaciones, dos dobles una de ellas en suit con ba\u00f1o privado, dos ba\u00f1os completos, sal\u00f3n comedor de 25 m2, cocina equipada con electrodom\u00e9sticos (placa inducci\u00f3n, campana extracci\u00f3n, microonda, horno, nevera, lavavajillas, lavadora ).<\/p>\n\n\n\n<p>Suelos de parquet, ventanas de aluminio doble\ncristal, puertas de madera, calefacci\u00f3n individual, aire acondicionado<\/p>\n\n\n\n<p>La propiedad est\u00e1 situada en la zona del metro Encants, cerca de transporte publico, tiendas, centro comercial, entidades bancarias, y muchos  peque\u00f1os comercios que te ayudan el d\u00eda d\u00eda. <\/p>\n\n\n\n<p><strong>CARACTER\u00cdSTICAS B\u00c1SICAS DEL INMUEBLE<\/strong><\/p>\n\n\n\n<ul class=\"wp-block-list\"><li>120 m\u00b2 <\/li><li>4 habitaciones \u2013 2 dobles &#8211; 1 suit<\/li><li>Comedor 25 m2<\/li><li>Sal\u00f3n<\/li><li>Cocina equipada con electrodom\u00e9sticos<\/li><li>2 ba\u00f1o completos<\/li><li>4 \u00aa planta \u2013 exterior <\/li><li>calefacci\u00f3n individual <\/li><li>Balc\u00f3n<\/li><li>Muy Luminoso<\/li><li>Ascensor<\/li><li>Reformado<\/li><li>Aire acondicionado <\/li><\/ul>\n\n\n\n<p>No dudes en venir a visitar lo.<\/p>\n\n\n\n<p>Coello Global Financiamiento: Te proporcionamos asesoramiento financiero y te ayudamos a conseguir financiamiento para la adquisici\u00f3n de tu inmueble, para m\u00e1s informaci\u00f3n cont\u00e1ctanos.<\/p>\n\n\n<p><!--EndFragment--><\/p>","protected":false},"excerpt":{"rendered":"<p>Venta Piso Reformado 120 m2 c\/ dos de mayo -Barcelona, Piso de 120 m2, 4 hab, 2 ba\u00f1os, balc\u00f3n &#8211; 399.000 \u20ac En venta fant\u00e1stico piso reformado de 120 m2 El inmueble se encuentra en la calle dos de mayo cerca del metro Encants Vivienda totalmente reformada con materiales de alta gama, exterior con amplios &hellip; <\/p>\n<p class=\"link-more\"><a href=\"https:\/\/coelloglobal.com\/index.php\/piso-reformado-c-dos-de-mayo-barcelona-399-000-e\/\" class=\"more-link\">Continue reading<span class=\"screen-reader-text\"> &#8220;Piso Reformado C\/ Dos de Mayo, Barcelona 399.000 \u20ac Ref: CG 0016&#8221;<\/span><\/a><\/p>\n","protected":false},"author":1,"featured_media":0,"parent":0,"menu_order":0,"comment_status":"closed","ping_status":"closed","template":"","meta":{"footnotes":""},"class_list":["post-957","page","type-page","status-publish","hentry"],"_links":{"self":[{"href":"https:\/\/coelloglobal.com\/index.php\/wp-json\/wp\/v2\/pages\/957","targetHints":{"allow":["GET"]}}],"collection":[{"href":"https:\/\/coelloglobal.com\/index.php\/wp-json\/wp\/v2\/pages"}],"about":[{"href":"https:\/\/coelloglobal.com\/index.php\/wp-json\/wp\/v2\/types\/page"}],"author":[{"embeddable":true,"href":"https:\/\/coelloglobal.com\/index.php\/wp-json\/wp\/v2\/users\/1"}],"replies":[{"embeddable":true,"href":"https:\/\/coelloglobal.com\/index.php\/wp-json\/wp\/v2\/comments?post=957"}],"version-history":[{"count":2,"href":"https:\/\/coelloglobal.com\/index.php\/wp-json\/wp\/v2\/pages\/957\/revisions"}],"predecessor-version":[{"id":3168,"href":"https:\/\/coelloglobal.com\/index.php\/wp-json\/wp\/v2\/pages\/957\/revisions\/3168"}],"wp:attachment":[{"href":"https:\/\/coelloglobal.com\/index.php\/wp-json\/wp\/v2\/media?parent=957"}],"curies":[{"name":"wp","href":"https:\/\/api.w.org\/{rel}","templated":true}]}}