{"id":981,"date":"2021-10-13T17:35:36","date_gmt":"2021-10-13T17:35:36","guid":{"rendered":"http:\/\/coelloglobal.com\/?page_id=981"},"modified":"2023-10-11T15:35:32","modified_gmt":"2023-10-11T15:35:32","slug":"piso-reformado-c-monturiol-barcelona-297-000-e","status":"publish","type":"page","link":"https:\/\/coelloglobal.com\/index.php\/piso-reformado-c-monturiol-barcelona-297-000-e\/","title":{"rendered":"Piso Reformado C\/ Monturiol-Barcelona 297.000 \u20ac Ref: CG 0015"},"content":{"rendered":"\n<p> Venta Piso Reformado 92 m2 C\/ Monturiol -Barcelona<\/p>\n\n\n\n<div id=\"wp-block-themeisle-blocks-slider-b292f916\" class=\"wp-block-themeisle-blocks-slider glide\" data-per-view=\"1\" data-gap=\"0\" data-peek=\"0\" data-autoplay=\"true\" data-height=\"400px\"><div class=\"glide__track\" data-glide-el=\"track\"><div class=\"glide__slides\"><div class=\"wp-block-themeisle-blocks-slider-item-wrapper glide__slide\" tabindex=\"0\"><figure><img decoding=\"async\" class=\"wp-block-themeisle-blocks-slider-item\" src=\"http:\/\/coelloglobal.com\/wp-content\/uploads\/2021\/10\/WhatsApp-Image-2021-10-07-at-00.17.10-1.jpeg\" alt=\"\" title=\"\" data-id=\"982\"\/><\/figure><\/div><div class=\"wp-block-themeisle-blocks-slider-item-wrapper glide__slide\" tabindex=\"0\"><figure><img decoding=\"async\" class=\"wp-block-themeisle-blocks-slider-item\" src=\"http:\/\/coelloglobal.com\/wp-content\/uploads\/2021\/10\/WhatsApp-Image-2021-10-07-at-00.17.10-2.jpeg\" alt=\"\" title=\"\" data-id=\"983\"\/><\/figure><\/div><div class=\"wp-block-themeisle-blocks-slider-item-wrapper glide__slide\" tabindex=\"0\"><figure><img decoding=\"async\" class=\"wp-block-themeisle-blocks-slider-item\" src=\"http:\/\/coelloglobal.com\/wp-content\/uploads\/2021\/10\/WhatsApp-Image-2021-10-07-at-00.17.10.jpeg\" alt=\"\" title=\"\" data-id=\"984\"\/><\/figure><\/div><div class=\"wp-block-themeisle-blocks-slider-item-wrapper glide__slide\" tabindex=\"0\"><figure><img decoding=\"async\" class=\"wp-block-themeisle-blocks-slider-item\" src=\"http:\/\/coelloglobal.com\/wp-content\/uploads\/2021\/10\/WhatsApp-Image-2021-10-07-at-00.17.11-1.jpeg\" alt=\"\" title=\"\" data-id=\"985\"\/><\/figure><\/div><div class=\"wp-block-themeisle-blocks-slider-item-wrapper glide__slide\" tabindex=\"0\"><figure><img decoding=\"async\" class=\"wp-block-themeisle-blocks-slider-item\" src=\"http:\/\/coelloglobal.com\/wp-content\/uploads\/2021\/10\/WhatsApp-Image-2021-10-07-at-00.17.11-2.jpeg\" alt=\"\" title=\"\" data-id=\"986\"\/><\/figure><\/div><div class=\"wp-block-themeisle-blocks-slider-item-wrapper glide__slide\" tabindex=\"0\"><figure><img decoding=\"async\" class=\"wp-block-themeisle-blocks-slider-item\" src=\"http:\/\/coelloglobal.com\/wp-content\/uploads\/2021\/10\/WhatsApp-Image-2021-10-07-at-00.17.11-3.jpeg\" alt=\"\" title=\"\" data-id=\"987\"\/><\/figure><\/div><div class=\"wp-block-themeisle-blocks-slider-item-wrapper glide__slide\" tabindex=\"0\"><figure><img decoding=\"async\" class=\"wp-block-themeisle-blocks-slider-item\" src=\"http:\/\/coelloglobal.com\/wp-content\/uploads\/2021\/10\/WhatsApp-Image-2021-10-07-at-00.17.11-4.jpeg\" alt=\"\" title=\"\" data-id=\"988\"\/><\/figure><\/div><div class=\"wp-block-themeisle-blocks-slider-item-wrapper glide__slide\" tabindex=\"0\"><figure><img decoding=\"async\" class=\"wp-block-themeisle-blocks-slider-item\" src=\"http:\/\/coelloglobal.com\/wp-content\/uploads\/2021\/10\/WhatsApp-Image-2021-10-07-at-00.17.11-5.jpeg\" alt=\"\" title=\"\" data-id=\"989\"\/><\/figure><\/div><div class=\"wp-block-themeisle-blocks-slider-item-wrapper glide__slide\" tabindex=\"0\"><figure><img decoding=\"async\" class=\"wp-block-themeisle-blocks-slider-item\" src=\"http:\/\/coelloglobal.com\/wp-content\/uploads\/2021\/10\/WhatsApp-Image-2021-10-07-at-00.17.11.jpeg\" alt=\"\" title=\"\" data-id=\"990\"\/><\/figure><\/div><div class=\"wp-block-themeisle-blocks-slider-item-wrapper glide__slide\" tabindex=\"0\"><figure><img decoding=\"async\" class=\"wp-block-themeisle-blocks-slider-item\" src=\"http:\/\/coelloglobal.com\/wp-content\/uploads\/2021\/10\/WhatsApp-Image-2021-10-07-at-00.17.12-1.jpeg\" alt=\"\" title=\"\" data-id=\"991\"\/><\/figure><\/div><div class=\"wp-block-themeisle-blocks-slider-item-wrapper glide__slide\" tabindex=\"0\"><figure><img decoding=\"async\" class=\"wp-block-themeisle-blocks-slider-item\" src=\"http:\/\/coelloglobal.com\/wp-content\/uploads\/2021\/10\/WhatsApp-Image-2021-10-07-at-00.17.12-2.jpeg\" alt=\"\" title=\"\" data-id=\"992\"\/><\/figure><\/div><div class=\"wp-block-themeisle-blocks-slider-item-wrapper glide__slide\" tabindex=\"0\"><figure><img decoding=\"async\" class=\"wp-block-themeisle-blocks-slider-item\" src=\"http:\/\/coelloglobal.com\/wp-content\/uploads\/2021\/10\/WhatsApp-Image-2021-10-07-at-00.17.12-3.jpeg\" alt=\"\" title=\"\" data-id=\"993\"\/><\/figure><\/div><div class=\"wp-block-themeisle-blocks-slider-item-wrapper glide__slide\" tabindex=\"0\"><figure><img decoding=\"async\" class=\"wp-block-themeisle-blocks-slider-item\" src=\"http:\/\/coelloglobal.com\/wp-content\/uploads\/2021\/10\/WhatsApp-Image-2021-10-07-at-00.17.12-4.jpeg\" alt=\"\" title=\"\" data-id=\"994\"\/><\/figure><\/div><div class=\"wp-block-themeisle-blocks-slider-item-wrapper glide__slide\" tabindex=\"0\"><figure><img decoding=\"async\" class=\"wp-block-themeisle-blocks-slider-item\" src=\"http:\/\/coelloglobal.com\/wp-content\/uploads\/2021\/10\/WhatsApp-Image-2021-10-07-at-00.17.12-5.jpeg\" alt=\"\" title=\"\" data-id=\"995\"\/><\/figure><\/div><div class=\"wp-block-themeisle-blocks-slider-item-wrapper glide__slide\" tabindex=\"0\"><figure><img decoding=\"async\" class=\"wp-block-themeisle-blocks-slider-item\" src=\"http:\/\/coelloglobal.com\/wp-content\/uploads\/2021\/10\/WhatsApp-Image-2021-10-07-at-00.17.12-6.jpeg\" alt=\"\" title=\"\" data-id=\"996\"\/><\/figure><\/div><div class=\"wp-block-themeisle-blocks-slider-item-wrapper glide__slide\" tabindex=\"0\"><figure><img decoding=\"async\" class=\"wp-block-themeisle-blocks-slider-item\" src=\"http:\/\/coelloglobal.com\/wp-content\/uploads\/2021\/10\/WhatsApp-Image-2021-10-07-at-00.17.12-7.jpeg\" alt=\"\" title=\"\" data-id=\"997\"\/><\/figure><\/div><div class=\"wp-block-themeisle-blocks-slider-item-wrapper glide__slide\" tabindex=\"0\"><figure><img decoding=\"async\" class=\"wp-block-themeisle-blocks-slider-item\" src=\"http:\/\/coelloglobal.com\/wp-content\/uploads\/2021\/10\/WhatsApp-Image-2021-10-07-at-00.17.12-8.jpeg\" alt=\"\" title=\"\" data-id=\"998\"\/><\/figure><\/div><div class=\"wp-block-themeisle-blocks-slider-item-wrapper glide__slide\" tabindex=\"0\"><figure><img decoding=\"async\" class=\"wp-block-themeisle-blocks-slider-item\" src=\"http:\/\/coelloglobal.com\/wp-content\/uploads\/2021\/10\/WhatsApp-Image-2021-10-07-at-00.17.12-9-1.jpeg\" alt=\"\" title=\"\" data-id=\"999\"\/><\/figure><\/div><div class=\"wp-block-themeisle-blocks-slider-item-wrapper glide__slide\" tabindex=\"0\"><figure><img decoding=\"async\" class=\"wp-block-themeisle-blocks-slider-item\" src=\"http:\/\/coelloglobal.com\/wp-content\/uploads\/2021\/10\/WhatsApp-Image-2021-10-07-at-00.17.12-10.jpeg\" alt=\"\" title=\"\" data-id=\"1000\"\/><\/figure><\/div><div class=\"wp-block-themeisle-blocks-slider-item-wrapper glide__slide\" tabindex=\"0\"><figure><img decoding=\"async\" class=\"wp-block-themeisle-blocks-slider-item\" src=\"http:\/\/coelloglobal.com\/wp-content\/uploads\/2021\/10\/WhatsApp-Image-2021-10-07-at-00.17.12.jpeg\" alt=\"\" title=\"\" data-id=\"1001\"\/><\/figure><\/div><div class=\"wp-block-themeisle-blocks-slider-item-wrapper glide__slide\" tabindex=\"0\"><figure><img decoding=\"async\" class=\"wp-block-themeisle-blocks-slider-item\" src=\"http:\/\/coelloglobal.com\/wp-content\/uploads\/2021\/10\/WhatsApp-Image-2021-10-07-at-00.17.13.jpeg\" alt=\"\" title=\"\" data-id=\"1002\"\/><\/figure><\/div><\/div><div class=\"glide__arrows\" data-glide-el=\"controls\"><button class=\"glide__arrow glide__arrow--left\" data-glide-dir=\"<\"><svg xmlns=\"http:\/\/www.w3.org\/2000\/svg\" width=\"18\" height=\"18\" viewbox=\"0 0 100 100\" role=\"img\" aria-hidden=\"true\" focusable=\"false\"><path d=\"M 10,50 L 60,100 L 70,90 L 30,50  L 70,10 L 60,0 Z\"><\/path><\/svg><\/button><button class=\"glide__arrow glide__arrow--right\" data-glide-dir=\"&gt;\"><svg xmlns=\"http:\/\/www.w3.org\/2000\/svg\" width=\"18\" height=\"18\" viewbox=\"0 0 100 100\" role=\"img\" aria-hidden=\"true\" focusable=\"false\"><path d=\"M 10,50 L 60,100 L 70,90 L 30,50  L 70,10 L 60,0 Z\"><\/path><\/svg><\/button><\/div><div class=\"glide__bullets\" data-glide-el=\"controls[nav]\"><button class=\"glide__bullet\" data-glide-dir=\"=0\"><\/button><button class=\"glide__bullet\" data-glide-dir=\"=1\"><\/button><button class=\"glide__bullet\" data-glide-dir=\"=2\"><\/button><button class=\"glide__bullet\" data-glide-dir=\"=3\"><\/button><button class=\"glide__bullet\" data-glide-dir=\"=4\"><\/button><button class=\"glide__bullet\" data-glide-dir=\"=5\"><\/button><button class=\"glide__bullet\" data-glide-dir=\"=6\"><\/button><button class=\"glide__bullet\" data-glide-dir=\"=7\"><\/button><button class=\"glide__bullet\" data-glide-dir=\"=8\"><\/button><button class=\"glide__bullet\" data-glide-dir=\"=9\"><\/button><button class=\"glide__bullet\" data-glide-dir=\"=10\"><\/button><button class=\"glide__bullet\" data-glide-dir=\"=11\"><\/button><button class=\"glide__bullet\" data-glide-dir=\"=12\"><\/button><button class=\"glide__bullet\" data-glide-dir=\"=13\"><\/button><button class=\"glide__bullet\" data-glide-dir=\"=14\"><\/button><button class=\"glide__bullet\" data-glide-dir=\"=15\"><\/button><button class=\"glide__bullet\" data-glide-dir=\"=16\"><\/button><button class=\"glide__bullet\" data-glide-dir=\"=17\"><\/button><button class=\"glide__bullet\" data-glide-dir=\"=18\"><\/button><button class=\"glide__bullet\" data-glide-dir=\"=19\"><\/button><button class=\"glide__bullet\" data-glide-dir=\"=20\"><\/button><\/div><\/div><\/div>\n\n\n\n<p> Piso de 92 m2, 3 hab, balc\u00f3n \u2013 297.000 \u20ac <\/p>\n\n\n\n<p> Vendo piso Reformado en C\/ Monturiol , El Clot de la Mel <\/p>\n\n\n\n<p>Espectacular oportunidad de compra de inmueble en una de las zonas mas buscadas de Barcelona cerca al Clot De la Mel a tan solo 3 minutos a pie al metro. La propiedad se encuentra localizada cerca del Jardins del Clot de la Mel.<\/p>\n\n\n\n<p>Propiedad totalmente reformada a estrenar con acabados de dise\u00f1o y de alta calidad.<br>Inmueble est\u00e1 situado en una finca joven con ascensor, segunda planta real y con orientaci\u00f3n sur este.<\/p>\n\n\n\n<p>Propiedad de 92 m2, exterior, consta de 3 habitaciones, sal\u00f3n comedor con salida a un amplio balc\u00f3n que cabe una mesa con cuatro sillas, cocina clasica totalmente equipada con electrodom\u00e9sticos (placa de inducci\u00f3n, horno, microondas, lavavajillas, nevera), ba\u00f1o completo, aire acondicionado con bomba de frio\/calor, calefaccion de gas natural, suelos de parquet, puertas blancas de madera, ventanas de aluminio doble cristal.<br>El inmueble esta cerca de metro, linea de buses, entidades bancarias, supermercados, y muchos comercios.<\/p>\n\n\n\n<p><strong>CARACTER\u00cdSTICAS B\u00c1SICAS DEL INMUEBLE<\/strong><\/p>\n\n\n\n<ul class=\"wp-block-list\"><li>92 m\u00b2<\/li><li>3 habitaciones <\/li><li>Comedor<\/li><li>Sal\u00f3n<\/li><li>Cocina equipada con electrodom\u00e9sticos<\/li><li>1 ba\u00f1o completos<\/li><li>2 \u00aa planta real \u2013 exterior<\/li><li>calefacci\u00f3n individual<\/li><li>Balc\u00f3n<\/li><li>Muy Luminoso<\/li><li>Ascensor<\/li><li>Reformado<\/li><li>Aire acondicionado<\/li><\/ul>\n\n\n\n<p>No dudes en venir a visitar lo.<\/p>\n\n\n\n<p>Coello Global Financiamiento: Te proporcionamos asesoramiento financiero y te ayudamos a conseguir financiamiento para la adquisici\u00f3n de tu inmueble, para m\u00e1s informaci\u00f3n cont\u00e1ctanos.<\/p>\n","protected":false},"excerpt":{"rendered":"<p>Venta Piso Reformado 92 m2 C\/ Monturiol -Barcelona Piso de 92 m2, 3 hab, balc\u00f3n \u2013 297.000 \u20ac Vendo piso Reformado en C\/ Monturiol , El Clot de la Mel Espectacular oportunidad de compra de inmueble en una de las zonas mas buscadas de Barcelona cerca al Clot De la Mel a tan solo 3 &hellip; <\/p>\n<p class=\"link-more\"><a href=\"https:\/\/coelloglobal.com\/index.php\/piso-reformado-c-monturiol-barcelona-297-000-e\/\" class=\"more-link\">Continue reading<span class=\"screen-reader-text\"> &#8220;Piso Reformado C\/ Monturiol-Barcelona 297.000 \u20ac Ref: CG 0015&#8221;<\/span><\/a><\/p>\n","protected":false},"author":1,"featured_media":0,"parent":0,"menu_order":0,"comment_status":"closed","ping_status":"closed","template":"","meta":{"footnotes":""},"class_list":["post-981","page","type-page","status-publish","hentry"],"_links":{"self":[{"href":"https:\/\/coelloglobal.com\/index.php\/wp-json\/wp\/v2\/pages\/981","targetHints":{"allow":["GET"]}}],"collection":[{"href":"https:\/\/coelloglobal.com\/index.php\/wp-json\/wp\/v2\/pages"}],"about":[{"href":"https:\/\/coelloglobal.com\/index.php\/wp-json\/wp\/v2\/types\/page"}],"author":[{"embeddable":true,"href":"https:\/\/coelloglobal.com\/index.php\/wp-json\/wp\/v2\/users\/1"}],"replies":[{"embeddable":true,"href":"https:\/\/coelloglobal.com\/index.php\/wp-json\/wp\/v2\/comments?post=981"}],"version-history":[{"count":3,"href":"https:\/\/coelloglobal.com\/index.php\/wp-json\/wp\/v2\/pages\/981\/revisions"}],"predecessor-version":[{"id":3167,"href":"https:\/\/coelloglobal.com\/index.php\/wp-json\/wp\/v2\/pages\/981\/revisions\/3167"}],"wp:attachment":[{"href":"https:\/\/coelloglobal.com\/index.php\/wp-json\/wp\/v2\/media?parent=981"}],"curies":[{"name":"wp","href":"https:\/\/api.w.org\/{rel}","templated":true}]}}